
{"id":2965,"date":"2018-01-08T11:57:05","date_gmt":"2018-01-08T10:57:05","guid":{"rendered":"http:\/\/www.frigicoll.es\/aviso-legal\/"},"modified":"2025-10-01T09:46:54","modified_gmt":"2025-10-01T07:46:54","slug":"aviso-legal","status":"publish","type":"page","link":"https:\/\/www.frigicoll.es\/pt\/aviso-legal\/","title":{"rendered":"Aviso legal"},"content":{"rendered":"<p><strong>IDENTIDADE<\/strong><\/p>\n<p>Os detalhes do Propriet\u00e1rio deste site (doravante o &#8220;Site&#8221;) s\u00e3o:<\/p>\n<p>FRIGICOLL, S.A., (doravante, o &#8220;Propriet\u00e1rio&#8221;).<\/p>\n<p>NIF: A08214538<\/p>\n<p>Endere\u00e7o: Blasco de Garay, 4-6 8960 SANT JUST DESVERN<\/p>\n<p>Telefone: +34 934803322<\/p>\n<p>E-mail: <a href=\"mailto:lopd@frigicoll.es\">dpo@frigicoll.es<\/a><\/p>\n<p>Inscrita no Registo Comercial de Barcelona, no Volume 1585, Livro 1017, Se\u00e7\u00e3o 2, F\u00f3lio 133, P\u00e1gina N\u00famero 13594<\/p>\n<h2><strong>1.- CONDI\u00c7\u00d5ES GERAIS DE UTILIZA\u00c7\u00c3O<\/strong><\/h2>\n<ul>\n<li>A utiliza\u00e7\u00e3o deste Site confere o estatuto de utilizador (doravante o(s) &#8220;Utilizador(es)&#8221;) e implica a aceita\u00e7\u00e3o plena e sem reservas deste Informa\u00e7\u00e3o Legal ao mesmo tempo que o Utilizador acede ao Site. Assim, o Utilizador dever\u00e1 ler detalhadamente a presente Informa\u00e7\u00e3o Legal toda vez que pretenda utilizar o Site, tendo em conta que o mesmo poder\u00e1 ser modificado.<\/li>\n<\/ul>\n<p>&nbsp;<\/p>\n<ul>\n<li>A nossa <a href=\"https:\/\/www.frigicoll.es\/pt\/privacidade\/\">Pol\u00edtica de Privacidade<\/a> e <a href=\"https:\/\/www.frigicoll.es\/pt\/politica-de-cookies\/\">cookies<\/a> tamb\u00e9m se aplica \u00e0 utiliza\u00e7\u00e3o do Site<\/li>\n<\/ul>\n<p>&nbsp;<\/p>\n<ul>\n<li>A navega\u00e7\u00e3o e utiliza\u00e7\u00e3o deste Site \u00e9 gratuita, sem necessidade de subscri\u00e7\u00e3o ou registo pr\u00e9vio.<\/li>\n<\/ul>\n<p>&nbsp;<\/p>\n<ul>\n<li>O Propriet\u00e1rio reserva-se o direito de modificar o conte\u00fado desta Informa\u00e7\u00e3o Legal sem aviso pr\u00e9vio, portanto, e para um uso correto do site, recomendamos que voc\u00ea visite periodicamente esta se\u00e7\u00e3o.<\/li>\n<\/ul>\n<p><strong>\u00a0<\/strong><\/p>\n<h2><strong>2.- PROPRIEDADE INTELECTUAL E INDUSTRIAL<\/strong><\/h2>\n<p>\u00a9 2025, FRIGICOLL, S.A. Todos os direitos reservados.<\/p>\n<ul>\n<li>Este Site e os conte\u00fados nele inclu\u00eddos: artigos, textos, imagens, log\u00f3tipos, marcas, bot\u00f5es, software, etc., est\u00e3o protegidos pela legisla\u00e7\u00e3o em vigor em mat\u00e9ria de propriedade industrial e intelectual e s\u00e3o propriedade do Titular, ou de terceiros que tenham autorizado a sua utiliza\u00e7\u00e3o pelo Propriet\u00e1rio, sendo expressamente proibida a explora\u00e7\u00e3o sem autoriza\u00e7\u00e3o deste.<\/li>\n<\/ul>\n<p>&nbsp;<\/p>\n<ul>\n<li>O acesso a este Website n\u00e3o implica, em caso algum, a aquisi\u00e7\u00e3o pelos Utilizadores de quaisquer direitos de propriedade sobre os conte\u00fados nele contidos.<\/li>\n<\/ul>\n<p>&nbsp;<\/p>\n<ul>\n<li>O Propriet\u00e1rio reserva-se o direito de modificar, atualizar ou eliminar qualquer conte\u00fado do Site, a qualquer momento e sem aviso pr\u00e9vio.<\/li>\n<\/ul>\n<p>&nbsp;<\/p>\n<ul>\n<li>As pessoas que pretendam estabelecer um &#8220;link&#8221; ou hiperliga\u00e7\u00e3o entre o seu website e este Website devem obter a autoriza\u00e7\u00e3o expressa por escrito do Propriet\u00e1rio, sem que tal implique uma rela\u00e7\u00e3o entre este e o Propriet\u00e1rio ou a aprova\u00e7\u00e3o ou aceita\u00e7\u00e3o por parte do Propriet\u00e1rio dos seus conte\u00fados ou servi\u00e7os. Links profundos para outras p\u00e1ginas (&#8220;deep link&#8221;), framing (&#8220;framing&#8221;), bem como quaisquer outros n\u00e3o autorizados s\u00e3o expressamente proibidos.<\/li>\n<\/ul>\n<p>&nbsp;<\/p>\n<h2><strong>3.- <\/strong><strong>UTILIZA\u00c7\u00d5ES PROIBIDAS <\/strong><\/h2>\n<p>\u00c9 proibida qualquer forma de explora\u00e7\u00e3o, incluindo qualquer tipo de reprodu\u00e7\u00e3o, distribui\u00e7\u00e3o, transfer\u00eancia para terceiros, comunica\u00e7\u00e3o p\u00fablica e transforma\u00e7\u00e3o, atrav\u00e9s de qualquer tipo de suporte e meios das referidas obras, cria\u00e7\u00f5es e sinais distintivos sem pr\u00e9via e expressa autoriza\u00e7\u00e3o dos respetivos propriet\u00e1rios. O incumprimento desta proibi\u00e7\u00e3o pode constituir uma infra\u00e7\u00e3o pun\u00edvel pela legisla\u00e7\u00e3o em vigor.<\/p>\n<p><strong>\u00a0<\/strong><\/p>\n<h2><strong>4.- LIMITA\u00c7\u00c3O DE RESPONSABILIDADE<\/strong><\/h2>\n<ul>\n<li>O Propriet\u00e1rio reserva-se o direito de interromper o acesso ao seu Site, bem como a presta\u00e7\u00e3o de qualquer servi\u00e7o atrav\u00e9s do mesmo a qualquer momento e sem aviso pr\u00e9vio, seja por motivos t\u00e9cnicos, de seguran\u00e7a, de manuten\u00e7\u00e3o ou qualquer outro motivo.<\/li>\n<\/ul>\n<p>&nbsp;<\/p>\n<ul>\n<li>O Propriet\u00e1rio n\u00e3o garante o acesso cont\u00ednuo, nem a correta visualiza\u00e7\u00e3o, download ou utiliza\u00e7\u00e3o dos elementos e informa\u00e7\u00f5es contidos no Website, que possam ser impedidos, dificultados ou interrompidos por fatores ou circunst\u00e2ncias alheios ao seu controlo e\/ou que resultem de a\u00e7\u00f5es intencionais ou culposas do Utilizador.<\/li>\n<\/ul>\n<p>&nbsp;<\/p>\n<ul>\n<li>As informa\u00e7\u00f5es contidas neste site podem n\u00e3o estar corretas, apesar dos esfor\u00e7os feitos pelo Propriet\u00e1rio para garantir que sejam precisas e atualizadas. Consequentemente, o Propriet\u00e1rio n\u00e3o \u00e9 respons\u00e1vel por quaisquer erros nele contidos, nem por quaisquer danos ou perdas decorrentes da sua utiliza\u00e7\u00e3o.<\/li>\n<\/ul>\n<p>&nbsp;<\/p>\n<ul>\n<li>Este site pode conter links para outros sites por cujo conte\u00fado, utilidade ou precis\u00e3o o propriet\u00e1rio n\u00e3o pode ser responsabilizado. A incorpora\u00e7\u00e3o de um link neste Website n\u00e3o pode ser considerada uma recomenda\u00e7\u00e3o aos Utilizadores para prosseguirem com a sua utiliza\u00e7\u00e3o, sendo da sua responsabilidades a decis\u00e3o de os utilizar.<\/li>\n<\/ul>\n<p>&nbsp;<\/p>\n<ul>\n<li>O Propriet\u00e1rio n\u00e3o \u00e9 respons\u00e1vel por quaisquer danos decorrentes da utiliza\u00e7\u00e3o deste Website ou dos seus conte\u00fados, e n\u00e3o garante a aus\u00eancia de v\u00edrus ou a impossibilidade de causar danos aos sistemas inform\u00e1ticos do Utilizador.<\/li>\n<\/ul>\n<p>&nbsp;<\/p>\n<ul>\n<li>O Propriet\u00e1rio n\u00e3o \u00e9 respons\u00e1vel por qualquer uso indevido que possa ser feito deste Site.<\/li>\n<\/ul>\n<p>&nbsp;<\/p>\n<h2><strong>5.- LEGISLA\u00c7\u00c3O APLIC\u00c1VEL E TRIBUNAIS COMPETENTES<\/strong><\/h2>\n<p>As condi\u00e7\u00f5es deste Site e as rela\u00e7\u00f5es entre o Utilizador e o Propriet\u00e1rio ser\u00e3o regidas pela legisla\u00e7\u00e3o e jurisdi\u00e7\u00e3o espanholas. Qualquer discrep\u00e2ncia que possa surgir entre o Utilizador e o Propriet\u00e1rio \u00e9 submetida aos Tribunais da cidade de Barcelona (Espanha).<\/p>\n<p>&nbsp;<\/p>\n<p><strong>Texto atualizado em julho de 2025. <\/strong><\/p>\n<p>&nbsp;<\/p>\n<p>&nbsp;<\/p>\n","protected":false},"excerpt":{"rendered":"<p>IDENTIDADE Os detalhes do Propriet\u00e1rio deste site (doravante o &#8220;Site&#8221;) s\u00e3o: FRIGICOLL, S.A., (doravante, o &#8220;Propriet\u00e1rio&#8221;). NIF: A08214538 Endere\u00e7o: Blasco de Garay, 4-6 8960 SANT JUST DESVERN Telefone: +34 934803322 E-mail: dpo@frigicoll.es Inscrita no Registo Comercial de Barcelona, no Volume 1585, Livro 1017, Se\u00e7\u00e3o 2, F\u00f3lio 133, P\u00e1gina N\u00famero 13594 1.- CONDI\u00c7\u00d5ES GERAIS DE UTILIZA\u00c7\u00c3O&#8230;&nbsp; <a class=\"readmore\" href=\"https:\/\/www.frigicoll.es\/pt\/aviso-legal\/\"><span>Leer m\u00e1s<\/span> <i class=\"fa fa-chevron-right\"><\/i><\/a><\/p>\n","protected":false},"author":2,"featured_media":6847,"parent":0,"menu_order":0,"comment_status":"closed","ping_status":"closed","template":"","meta":{"_relevanssi_hide_post":"on","_relevanssi_pin_for_all":"","_relevanssi_pin_keywords":"","_relevanssi_unpin_keywords":"","_relevanssi_related_keywords":"","_relevanssi_related_include_ids":"","_relevanssi_related_exclude_ids":"","_relevanssi_related_no_append":"","_relevanssi_related_not_related":"","_relevanssi_related_posts":"","_relevanssi_noindex_reason":"Relevanssi image attachment filter Relevanssi index exclude"},"acf":[],"yoast_head":"<!-- This site is optimized with the Yoast SEO plugin v19.13 - https:\/\/yoast.com\/wordpress\/plugins\/seo\/ -->\n<title>Aviso legal - Frigicoll<\/title>\n<meta name=\"robots\" content=\"noindex, nofollow\" \/>\n<meta property=\"og:locale\" content=\"pt_PT\" \/>\n<meta property=\"og:type\" content=\"article\" \/>\n<meta property=\"og:title\" content=\"Aviso legal - Frigicoll\" \/>\n<meta property=\"og:description\" content=\"IDENTIDADE Os detalhes do Propriet\u00e1rio deste site (doravante o &#8220;Site&#8221;) s\u00e3o: FRIGICOLL, S.A., (doravante, o &#8220;Propriet\u00e1rio&#8221;). NIF: A08214538 Endere\u00e7o: Blasco de Garay, 4-6 8960 SANT JUST DESVERN Telefone: +34 934803322 E-mail: dpo@frigicoll.es Inscrita no Registo Comercial de Barcelona, no Volume 1585, Livro 1017, Se\u00e7\u00e3o 2, F\u00f3lio 133, P\u00e1gina N\u00famero 13594 1.- CONDI\u00c7\u00d5ES GERAIS DE UTILIZA\u00c7\u00c3O...&nbsp; Leer m\u00e1s\" \/>\n<meta property=\"og:url\" content=\"https:\/\/www.frigicoll.es\/pt\/aviso-legal\/\" \/>\n<meta property=\"og:site_name\" content=\"Frigicoll Portugal\" \/>\n<meta property=\"article:modified_time\" content=\"2025-10-01T07:46:54+00:00\" \/>\n<meta property=\"og:image\" content=\"https:\/\/www.frigicoll.es\/pt\/wp-content\/uploads\/sites\/3\/2018\/10\/Aviso-legal-Frigicoll.png\" \/>\n\t<meta property=\"og:image:width\" content=\"1088\" \/>\n\t<meta property=\"og:image:height\" content=\"215\" \/>\n\t<meta property=\"og:image:type\" content=\"image\/png\" \/>\n<meta name=\"twitter:card\" content=\"summary_large_image\" \/>\n<meta name=\"twitter:label1\" content=\"Tempo estimado de leitura\" \/>\n\t<meta name=\"twitter:data1\" content=\"4 minutos\" \/>\n<script type=\"application\/ld+json\" class=\"yoast-schema-graph\">{\"@context\":\"https:\/\/schema.org\",\"@graph\":[{\"@type\":\"WebPage\",\"@id\":\"https:\/\/www.frigicoll.es\/pt\/aviso-legal\/\",\"url\":\"https:\/\/www.frigicoll.es\/pt\/aviso-legal\/\",\"name\":\"Aviso legal - Frigicoll\",\"isPartOf\":{\"@id\":\"https:\/\/www.frigicoll.es\/pt\/#website\"},\"datePublished\":\"2018-01-08T10:57:05+00:00\",\"dateModified\":\"2025-10-01T07:46:54+00:00\",\"breadcrumb\":{\"@id\":\"https:\/\/www.frigicoll.es\/pt\/aviso-legal\/#breadcrumb\"},\"inLanguage\":\"pt-PT\",\"potentialAction\":[{\"@type\":\"ReadAction\",\"target\":[\"https:\/\/www.frigicoll.es\/pt\/aviso-legal\/\"]}]},{\"@type\":\"BreadcrumbList\",\"@id\":\"https:\/\/www.frigicoll.es\/pt\/aviso-legal\/#breadcrumb\",\"itemListElement\":[{\"@type\":\"ListItem\",\"position\":1,\"name\":\"Inicio\",\"item\":\"https:\/\/www.frigicoll.es\/pt\/\"},{\"@type\":\"ListItem\",\"position\":2,\"name\":\"Aviso legal\"}]},{\"@type\":\"WebSite\",\"@id\":\"https:\/\/www.frigicoll.es\/pt\/#website\",\"url\":\"https:\/\/www.frigicoll.es\/pt\/\",\"name\":\"Frigicoll Portugal\",\"description\":\"Expertos en fr\u00edo industrial, climatizaci\u00f3n refrigeraci\u00f3n, electrodom\u00e9sticos, hosteler\u00eda y transporte refrigerado. Empresa con m\u00e1s de 60 a\u00f1os de experiencia.\",\"potentialAction\":[{\"@type\":\"SearchAction\",\"target\":{\"@type\":\"EntryPoint\",\"urlTemplate\":\"https:\/\/www.frigicoll.es\/pt\/?s={search_term_string}\"},\"query-input\":\"required name=search_term_string\"}],\"inLanguage\":\"pt-PT\"}]}<\/script>\n<!-- \/ Yoast SEO plugin. -->","yoast_head_json":{"title":"Aviso legal - Frigicoll","robots":{"index":"noindex","follow":"nofollow"},"og_locale":"pt_PT","og_type":"article","og_title":"Aviso legal - Frigicoll","og_description":"IDENTIDADE Os detalhes do Propriet\u00e1rio deste site (doravante o &#8220;Site&#8221;) s\u00e3o: FRIGICOLL, S.A., (doravante, o &#8220;Propriet\u00e1rio&#8221;). NIF: A08214538 Endere\u00e7o: Blasco de Garay, 4-6 8960 SANT JUST DESVERN Telefone: +34 934803322 E-mail: dpo@frigicoll.es Inscrita no Registo Comercial de Barcelona, no Volume 1585, Livro 1017, Se\u00e7\u00e3o 2, F\u00f3lio 133, P\u00e1gina N\u00famero 13594 1.- CONDI\u00c7\u00d5ES GERAIS DE UTILIZA\u00c7\u00c3O...&nbsp; Leer m\u00e1s","og_url":"https:\/\/www.frigicoll.es\/pt\/aviso-legal\/","og_site_name":"Frigicoll Portugal","article_modified_time":"2025-10-01T07:46:54+00:00","og_image":[{"width":1088,"height":215,"url":"https:\/\/www.frigicoll.es\/pt\/wp-content\/uploads\/sites\/3\/2018\/10\/Aviso-legal-Frigicoll.png","type":"image\/png"}],"twitter_card":"summary_large_image","twitter_misc":{"Tempo estimado de leitura":"4 minutos"},"schema":{"@context":"https:\/\/schema.org","@graph":[{"@type":"WebPage","@id":"https:\/\/www.frigicoll.es\/pt\/aviso-legal\/","url":"https:\/\/www.frigicoll.es\/pt\/aviso-legal\/","name":"Aviso legal - Frigicoll","isPartOf":{"@id":"https:\/\/www.frigicoll.es\/pt\/#website"},"datePublished":"2018-01-08T10:57:05+00:00","dateModified":"2025-10-01T07:46:54+00:00","breadcrumb":{"@id":"https:\/\/www.frigicoll.es\/pt\/aviso-legal\/#breadcrumb"},"inLanguage":"pt-PT","potentialAction":[{"@type":"ReadAction","target":["https:\/\/www.frigicoll.es\/pt\/aviso-legal\/"]}]},{"@type":"BreadcrumbList","@id":"https:\/\/www.frigicoll.es\/pt\/aviso-legal\/#breadcrumb","itemListElement":[{"@type":"ListItem","position":1,"name":"Inicio","item":"https:\/\/www.frigicoll.es\/pt\/"},{"@type":"ListItem","position":2,"name":"Aviso legal"}]},{"@type":"WebSite","@id":"https:\/\/www.frigicoll.es\/pt\/#website","url":"https:\/\/www.frigicoll.es\/pt\/","name":"Frigicoll Portugal","description":"Expertos en fr\u00edo industrial, climatizaci\u00f3n refrigeraci\u00f3n, electrodom\u00e9sticos, hosteler\u00eda y transporte refrigerado. Empresa con m\u00e1s de 60 a\u00f1os de experiencia.","potentialAction":[{"@type":"SearchAction","target":{"@type":"EntryPoint","urlTemplate":"https:\/\/www.frigicoll.es\/pt\/?s={search_term_string}"},"query-input":"required name=search_term_string"}],"inLanguage":"pt-PT"}]}},"_links":{"self":[{"href":"https:\/\/www.frigicoll.es\/pt\/wp-json\/wp\/v2\/pages\/2965"}],"collection":[{"href":"https:\/\/www.frigicoll.es\/pt\/wp-json\/wp\/v2\/pages"}],"about":[{"href":"https:\/\/www.frigicoll.es\/pt\/wp-json\/wp\/v2\/types\/page"}],"author":[{"embeddable":true,"href":"https:\/\/www.frigicoll.es\/pt\/wp-json\/wp\/v2\/users\/2"}],"replies":[{"embeddable":true,"href":"https:\/\/www.frigicoll.es\/pt\/wp-json\/wp\/v2\/comments?post=2965"}],"version-history":[{"count":14,"href":"https:\/\/www.frigicoll.es\/pt\/wp-json\/wp\/v2\/pages\/2965\/revisions"}],"predecessor-version":[{"id":7314,"href":"https:\/\/www.frigicoll.es\/pt\/wp-json\/wp\/v2\/pages\/2965\/revisions\/7314"}],"wp:featuredmedia":[{"embeddable":true,"href":"https:\/\/www.frigicoll.es\/pt\/wp-json\/wp\/v2\/media\/6847"}],"wp:attachment":[{"href":"https:\/\/www.frigicoll.es\/pt\/wp-json\/wp\/v2\/media?parent=2965"}],"curies":[{"name":"wp","href":"https:\/\/api.w.org\/{rel}","templated":true}]}}