
{"id":2963,"date":"2018-06-07T09:31:06","date_gmt":"2018-06-07T08:31:06","guid":{"rendered":"http:\/\/www.frigicoll.es\/politica-de-privacidad\/"},"modified":"2025-10-01T09:44:46","modified_gmt":"2025-10-01T07:44:46","slug":"privacidade","status":"publish","type":"page","link":"https:\/\/www.frigicoll.es\/pt\/privacidade\/","title":{"rendered":"Privacidade"},"content":{"rendered":"<p>O acesso e a utiliza\u00e7\u00e3o do website https:\/\/www.frigicoll.es\/ \u00a0(doravante, o &#8220;Site&#8221;) atribui o estatuto de utilizador ao visitante do Site (doravante, o(s) &#8220;Utilizador(es)&#8221;) e implica a aceita\u00e7\u00e3o plena e sem reservas por parte do Utilizador das condi\u00e7\u00f5es de utiliza\u00e7\u00e3o em vigor em qualquer momento.<\/p>\n<p>A FRIGICOLL, S.A. (doravante, &#8220;FRIGICOLL&#8221;) compromete-se a processar os seus dados de acordo com os regulamentos de prote\u00e7\u00e3o de dados pessoais aplic\u00e1veis em vigor em todos os momentos. Em concreto,\u00a0 a FRIGICOLL cumprir\u00e1 as premissas estabelecidas na Lei Org\u00e2nica 3\/2018, de 5 de dezembro, sobre a Prote\u00e7\u00e3o de Dados Pessoais e garantia dos direitos digitais (&#8220;LOPDGDD&#8221;), bem como as do Regulamento (UE) 2016\/679,\u00a0 do Parlamento Europeu e do Conselho de 27 de abril de 2016 relativo \u00e0 prote\u00e7\u00e3o das pessoas singulares no que diz respeito ao tratamento de dados pessoais e \u00e0 livre circula\u00e7\u00e3o desses dados, e que revoga a Diretiva 95\/46\/CE (&#8220;RGPD&#8221;), e quaisquer outros regulamentos aplic\u00e1veis.<\/p>\n<p>Com base nisso, a FRIGICOLL informa sobre sua Pol\u00edtica de Privacidade, com o objetivo de familiarizar os Utilizadores com o tratamento dos seus dados, bem como os princ\u00edpios fundamentais de prote\u00e7\u00e3o de dados pessoais que se aplicam.<\/p>\n<p>Ao utilizar o nosso Site, o Utilizador reconhece que leu e aceita esta Pol\u00edtica de Privacidade e o nosso <a href=\"https:\/\/www.frigicoll.es\/pt\/aviso-legal\/\"><u>Aviso Legal<\/u>.<\/a><\/p>\n<h2><strong>1.- Quem \u00e9 respons\u00e1vel pelo tratamento dos seus dados?\u00a0\u00a0\u00a0\u00a0\u00a0\u00a0 <\/strong><\/h2>\n<p><strong><u>Identidade do Respons\u00e1vel pelo tratamento<\/u><\/strong><u>: <\/u>FRIGICOLL, S.A.<\/p>\n<p><strong><u>Endere\u00e7o postal<\/u><\/strong><strong>: <\/strong>Blasco de Garay, 4-6 \u2013 SANT JUST DESVERN 08960 (BARCELONA).<\/p>\n<p><strong>NIF: <\/strong>A08214538<\/p>\n<p><strong>Telefone: <\/strong>+34 934803322<\/p>\n<p><strong><u>E-mail: <\/u><\/strong>dpo@frigicoll.es<\/p>\n<h2><strong>2.- Quando recolhemos os seus dados?<\/strong><\/h2>\n<p>Este site \u00e9 apenas para fins informativos e recolhe dados pessoais nos seguintes momentos:<\/p>\n<p><strong>\u00a0<\/strong><\/p>\n<p><strong>Formul\u00e1rio de registo de acesso profissional: <\/strong>est\u00e1 dispon\u00edvel no Site um formul\u00e1rio para que os utilizadores profissionais se possam registar no Site e aceder a conte\u00fados espec\u00edficos. Ao preencher estes formul\u00e1rios, pedimos-lhe que se identifique e nos forne\u00e7a os seus dados de contacto para prosseguir com o registo acima mencionado.<\/p>\n<p><strong>\u00a0<\/strong><\/p>\n<p><strong>Formul\u00e1rio de contato ou envio de um e-mail: <\/strong>um formul\u00e1rio est\u00e1 dispon\u00edvel no site para que voc\u00ea possa entrar em contato conosco para solicitar informa\u00e7\u00f5es e\/ou fazer perguntas. Ao preencher este formul\u00e1rio, pedimos-lhe que se identifique e nos forne\u00e7a os seus dados de contacto para responder \u00e0 sua quest\u00e3o e\/ou pedido. Voc\u00ea tamb\u00e9m pode nos enviar um e-mail para entrar em contato conosco. Todos os pontos de recolha de dados s\u00e3o dirigidos ao Utilizador do Site e n\u00e3o se prev\u00ea que sejam recolhidos dados de terceiros, pelo que os dados ser\u00e3o sempre fornecidos pelo interessado.<\/p>\n<p>&nbsp;<\/p>\n<p><strong>Formul\u00e1rio de RH:<\/strong> um formul\u00e1rio est\u00e1 dispon\u00edvel no site para que voc\u00ea possa nos enviar seu curriculum vitae para processos seletivos presentes e\/ou futuros.<\/p>\n<p>&nbsp;<\/p>\n<p><strong>Formul\u00e1rio do canal de den\u00fancia: <\/strong>um formul\u00e1rio est\u00e1 dispon\u00edvel no Site para que voc\u00ea possa relatar poss\u00edveis n\u00e3o conformidades e viola\u00e7\u00f5es regulat\u00f3rias.<\/p>\n<p><strong>\u00a0<\/strong><\/p>\n<p><strong>Atrav\u00e9s de Cookies: <\/strong>este Site instala cookies que recolhem informa\u00e7\u00f5es sobre a navega\u00e7\u00e3o. Recomendamos que leia a <a href=\"https:\/\/www.frigicoll.es\/pt\/politica-de-cookies\/\">pol\u00edtica de cookies<\/a> para obter informa\u00e7\u00f5es completas a este respeito.<\/p>\n<p><strong>\u00a0<\/strong><\/p>\n<h2><strong>3.- Quais s\u00e3o as principais finalidades do tratamento dos seus dados?<\/strong><\/h2>\n<p>Os dados pessoais fornecidos e recolhidos, quer atrav\u00e9s dos formul\u00e1rios dispon\u00edveis no Website, quer atrav\u00e9s do envio de e-mails, ser\u00e3o utilizados, consoante o formul\u00e1rio, quer para proceder ao seu registo como profissional ou para analisar a sua consulta, quer para o contactar para responder e\/ou enviar-lhe informa\u00e7\u00f5es que nos solicitou (incluindo para gerir o seu curriculum vitae para processos de sele\u00e7\u00e3o atuais e\/ou futuros).<\/p>\n<h2><strong>4.- Qual a legitimidade para o tratamento dos seus dados? <\/strong><\/h2>\n<p>Quando submete o formul\u00e1rio ou nos envia um e-mail, est\u00e1 a dar-nos o seu consentimento para processar os seus dados pessoais no \u00e2mbito desse processamento espec\u00edfico.<\/p>\n<p>Quanto ao Canal de Den\u00fancias, a legitimidade \u00e9 o interesse p\u00fablico e o cumprimento de uma obriga\u00e7\u00e3o legal (comunica\u00e7\u00e3o a terceiro com poder sancionat\u00f3rio).<\/p>\n<p>&nbsp;<\/p>\n<h2><strong>5.- Durante quanto tempo conservaremos os seus dados?<\/strong><\/h2>\n<p>Os dados obtidos atrav\u00e9s do formul\u00e1rio de inscri\u00e7\u00e3o para acesso aos profissionais ser\u00e3o conservados pelo per\u00edodo necess\u00e1rio ao cumprimento das correspondentes responsabilidades legais.<\/p>\n<p>&nbsp;<\/p>\n<p>Os dados obtidos atrav\u00e9s dos restantes formul\u00e1rios ser\u00e3o conservados pelo tempo que nos for necess\u00e1rio para responder \u00e0 sua quest\u00e3o ou pedido, e mesmo depois pelo per\u00edodo necess\u00e1rio \u00e0 formula\u00e7\u00e3o, exerc\u00edcio ou defesa de reclama\u00e7\u00f5es, e obriga\u00e7\u00f5es legais e contratuais, ficando sempre devidamente bloqueados. No caso dos CV recebidos, estes ser\u00e3o conservados pelo per\u00edodo de um (1) ano a partir do momento em que foram registados, findo o qual ser\u00e3o eliminados.<\/p>\n<p>&nbsp;<\/p>\n<h2><strong>6.- Quem podem ser os destinat\u00e1rios da comunica\u00e7\u00e3o de dados?<\/strong><\/h2>\n<p>Dependendo das finalidades para as quais os dados pessoais s\u00e3o recolhidos, essas informa\u00e7\u00f5es podem ser acessadas, indistintamente, pelas seguintes pessoas:<\/p>\n<p>&nbsp;<\/p>\n<ul>\n<li>Pessoal autorizado da FRIGICOLL ou seus representantes que atuem em nome da FRIGICOLL sujeitos \u00e0s leis de prote\u00e7\u00e3o de dados aplic\u00e1veis;<\/li>\n<li>Autoridades reguladoras ou outros terceiros de acordo com as leis aplic\u00e1veis;<\/li>\n<li>Terceiros (prestadores de servi\u00e7os que processam informa\u00e7\u00f5es como processadores de dados, sob as instru\u00e7\u00f5es da FRIGICOLL). Tudo isto apenas depois de realizarmos as medidas necess\u00e1rias para garantir que podemos partilhar essas informa\u00e7\u00f5es e de termos celebrado o contrato de tratamento de dados correspondente, de acordo com os regulamentos de prote\u00e7\u00e3o de dados aplic\u00e1veis.<\/li>\n<\/ul>\n<p>Tratamos os seus dados dentro do Espa\u00e7o Econ\u00f3mico Europeu e, em geral, contratamos prestadores de servi\u00e7os tamb\u00e9m localizados no Espa\u00e7o Econ\u00f3mico Europeu ou em pa\u00edses que foram declarados como tendo um n\u00edvel adequado de prote\u00e7\u00e3o.<\/p>\n<p>Se precisarmos de recorrer a prestadores de servi\u00e7os que efetuem o tratamento fora do Espa\u00e7o Econ\u00f3mico Europeu ou em pa\u00edses que n\u00e3o tenham sido declarados como tendo um n\u00edvel adequado de prote\u00e7\u00e3o, garantiremos a seguran\u00e7a e legitimidade do tratamento dos seus dados.<\/p>\n<p>Para o efeito, exigimos salvaguardas adequadas destes prestadores de servi\u00e7os, em conformidade com o RGPD, para que tenham, por exemplo, regras empresariais vinculativas que garantam a prote\u00e7\u00e3o das informa\u00e7\u00f5es de forma semelhante \u00e0 estabelecida pelas normas europeias ou que subscrevam as cl\u00e1usulas-tipo da Uni\u00e3o Europeia.<\/p>\n<p>N\u00e3o venderemos ou divulgaremos a terceiros quaisquer informa\u00e7\u00f5es ou dados pessoais que tenha fornecido no nosso Site que possam identific\u00e1-lo direta ou indiretamente.<\/p>\n<p>&nbsp;<\/p>\n<h2><strong>7.- <\/strong><strong>Quais s\u00e3o os seus direitos quando nos fornece os seus dados?<\/strong><\/h2>\n<ul>\n<li><u>Direito de solicitar o acesso aos dados pessoais<\/u>: pode perguntar \u00e0 FRIGICOLL se est\u00e1 a tratar os seus dados e, em caso afirmativo, aceder aos mesmos.<\/li>\n<li><u>O direito de solicitar a corre\u00e7\u00e3o ou atualiza\u00e7\u00e3o de dados pessoais inexatos ou desatualizados que lhe respeitem, ou o tratamento de dados pessoais em falta quando aqueles se mostrem incompletos<\/u>.<\/li>\n<li><u>Direito de solicitar o apagamento dos seus dados. <\/u><\/li>\n<li><u>Direito de solicitor, verificadas as condi\u00e7oes previstas na lei , a limita\u00e7\u00e3o do seu tratamento<\/u>: neste caso, apenas os conservaremos para o exerc\u00edcio ou defesa de reclama\u00e7\u00f5es.<\/li>\n<li><u>Direito de oposi\u00e7\u00e3o ao tratamento<\/u>: A FRIGICOLL cessar\u00e1 o tratamento dos seus dados pessoais, com a exce\u00e7\u00e3o de que estes devem continuar a ser tratados por motivos leg\u00edtimos ou para o exerc\u00edcio ou defesa de poss\u00edveis reclama\u00e7\u00f5es.<\/li>\n<li><u>Direito \u00e0 portabilidade dos dados<\/u>: caso o Utilizador deseje que os seus dados sejam tratados por outro respons\u00e1vel pelo tratamento, a FRIGICOLL facilitar\u00e1 a transfer\u00eancia dos seus dados para o novo respons\u00e1vel pelo tratamento.<\/li>\n<li><u>O direito de n\u00e3o ficar sujeito a uma decis\u00e3o baseada exclusivamente no tratamento automatizado dos seus dados pessoais.<\/u><\/li>\n<\/ul>\n<p>Se tiver dado consentimento para uma finalidade espec\u00edfica, pode retir\u00e1-lo sempre que desejar, sem que isso afete a licitude do tratamento baseado no consentimento anterior \u00e0 sua retirada.<\/p>\n<p>Para exercer os seus direitos, pedimos-lhe que notifique por escrito \u00e0 FRIGICOLL<strong>, <\/strong>S.A.\u00a0 \u00a0c\/ Blasco de Garay, 4-6 \u2013 SANT JUST DESVERN 08960 (BARCELONA) ou envie-nos um e-mail para o Encarregado de Prote\u00e7ao de Dados Pessoais ao endere\u00e7o dpo@frigicoll.es. Em alguns casos, para provar a sua identidade de forma inequ\u00edvoca, poderemos ter de lhe solicitar informa\u00e7\u00f5es ou documenta\u00e7\u00e3o adicionais. Voc\u00ea tem \u00e0 sua disposi\u00e7\u00e3o modelos e formul\u00e1rios sobre os diferentes direitos no site oficial da Ag\u00eancia Espanhola de Prote\u00e7\u00e3o de Dados https:\/\/www.aepd.es\/reglamento\/derechos\/index.html.<\/p>\n<p>Informamo-lo do seu direito de apresentar uma reclama\u00e7\u00e3o junto da Autoridade de Controlo, especificamente, junto da Ag\u00eancia Espanhola de Prote\u00e7\u00e3o de Dados <a href=\"https:\/\/sedeagpd.gob.es\/sede-electronica-web\/vistas\/formNuevaReclamacion\/reclamacion.jsf\">https:\/\/sedeagpd.gob.es\/sede-electronica-web\/vistas\/formNuevaReclamacion\/reclamacion.jsf<\/a>, e outros organismos p\u00fablicos competentes para qualquer reclama\u00e7\u00e3o decorrente dos seus dados pessoais.<\/p>\n<p>&nbsp;<\/p>\n<h2><strong>8.- Como protegemos os seus dados pessoais?<\/strong><\/h2>\n<p><span style=\"text-decoration: line-through\">\u00a0<\/span><\/p>\n<p>A fim de garantir a seguran\u00e7a da informa\u00e7\u00e3o, a FRIGICOLL aplica v\u00e1rias medidas t\u00e9cnicas e organizacionais para garantir o n\u00edvel adequado de seguran\u00e7a de acordo com os regulamentos aplic\u00e1veis. Em qualquer caso,\u00a0 a FRIGICOLL tomar\u00e1 as medidas t\u00e9cnicas e organizativas adequadas, tanto aquando da conce\u00e7\u00e3o do sistema de tratamento de dados como no momento do pr\u00f3prio tratamento, para preservar a seguran\u00e7a e evitar o tratamento n\u00e3o autorizado. No entanto, apesar da implementa\u00e7\u00e3o diligente de tais medidas, o Utilizador deve estar ciente de que as medidas de seguran\u00e7a na Internet n\u00e3o s\u00e3o inexpugn\u00e1veis. A FRIGICOLL n\u00e3o se responsabiliza pelas a\u00e7\u00f5es de terceiros que, em viola\u00e7\u00e3o destas medidas, acedam aos dados e informa\u00e7\u00f5es acima mencionados.<\/p>\n<p>&nbsp;<\/p>\n<h2><strong>9.- Confidencialidade<\/strong><\/h2>\n<p>Os profissionais que trabalham na FRIGICOLL e que t\u00eam qualquer tipo de interven\u00e7\u00e3o nos servi\u00e7os prestados ao Utilizador, comprometem-se a n\u00e3o divulgar ou fazer uso da informa\u00e7\u00e3o a que tenham acedido.\u00a0As informa\u00e7\u00f5es fornecidas pelo Utilizador ser\u00e3o consideradas, em qualquer caso, confidenciais, n\u00e3o podendo ser utilizadas para outros fins que n\u00e3o os relacionados com a gest\u00e3o ligada aos seus pedidos e aos servi\u00e7os contratados \u00e0 FRIGICOLL, quando aplic\u00e1vel. A este respeito, comprometemo-nos a n\u00e3o divulgar ou divulgar informa\u00e7\u00f5es sobre as reclama\u00e7\u00f5es do Utilizador, as raz\u00f5es para o aconselhamento solicitado ou a dura\u00e7\u00e3o da sua rela\u00e7\u00e3o com o Utilizador.<\/p>\n<h2><strong>10.- Liga\u00e7\u00f5es<\/strong><\/h2>\n<p>O Site pode conter links para outros sites. Por favor, note que n\u00e3o somos respons\u00e1veis pela privacidade e processamento de dados de outros sites. Esta Pol\u00edtica de Privacidade aplica-se apenas \u00e0s informa\u00e7\u00f5es recolhidas no Site. Recomendamos que leia as pol\u00edticas de privacidade e processamento de dados de outros websites para os quais acede a partir do nosso Website ou que visita de qualquer outra forma.<\/p>\n<h2><strong>11.- Redes sociais<\/strong><\/h2>\n<p>A FRIGICOLL est\u00e1 presente em algumas das principais redes sociais da Internet, e das quais atua como controlador de dados em rela\u00e7\u00e3o aos dados pessoais que publica.<\/p>\n<p>A FRIGICOLL tratar\u00e1 os dados em cada rede social de acordo com as regras estabelecidas para o efeito por cada rede social. Portanto, e salvo indica\u00e7\u00e3o em contr\u00e1rio, a FRIGICOLL pode informar os nossos seguidores na rede social correspondente das nossas atividades, eventos e outros t\u00f3picos relacionados, incluindo o servi\u00e7o de seguidores, atrav\u00e9s dos canais que a rede social disponibiliza para o efeito.<\/p>\n<p>A FRIGICOLL n\u00e3o extrair\u00e1 dados pessoais de redes sociais, a menos que o Utilizador nos d\u00ea o seu consentimento expresso.<\/p>\n<p>&nbsp;<\/p>\n<h2><strong>12.- Modifica\u00e7\u00f5es e Integridade da nossa Pol\u00edtica de Privacidade<\/strong><\/h2>\n<p>Apenas utilizaremos os seus dados pessoais conforme estabelecido na Pol\u00edtica de Privacidade em vigor no momento em que recolhemos os seus dados pessoais. A FRIGICOLL reserva-se o direito de modificar esta Pol\u00edtica de Privacidade a qualquer momento, publicando tais modifica\u00e7\u00f5es no Site, pelo que recomendamos que consulte a Pol\u00edtica de Privacidade cada vez que aceder ao Site. Se, a qualquer momento, decidirmos utilizar os dados pessoais de uma forma diferente da declarada no momento em que foram recolhidos, iremos notific\u00e1-lo por e-mail, se os tivermos. Nessa altura, ser-lhe-\u00e1 dada a op\u00e7\u00e3o de consentir outras utiliza\u00e7\u00f5es ou divulga\u00e7\u00f5es de dados pessoais que nos tenha fornecido antes da modifica\u00e7\u00e3o da nossa Pol\u00edtica de Privacidade. No caso de qualquer cl\u00e1usula desta Pol\u00edtica de Privacidade ser anulada ou considerada nula e sem efeito, as restantes condi\u00e7\u00f5es n\u00e3o ser\u00e3o afetadas, e manter\u00e3o integralmente a sua validade e validade, de acordo com os regulamentos em vigor aplic\u00e1veis a qualquer momento.<\/p>\n<p><strong>\u00a0<\/strong><\/p>\n<p><strong>Data da \u00faltima atualiza\u00e7\u00e3o: julho de 2025.<\/strong><\/p>\n<p>&nbsp;<\/p>\n<p>&nbsp;<\/p>\n","protected":false},"excerpt":{"rendered":"<p>O acesso e a utiliza\u00e7\u00e3o do website https:\/\/www.frigicoll.es\/ \u00a0(doravante, o &#8220;Site&#8221;) atribui o estatuto de utilizador ao visitante do Site (doravante, o(s) &#8220;Utilizador(es)&#8221;) e implica a aceita\u00e7\u00e3o plena e sem reservas por parte do Utilizador das condi\u00e7\u00f5es de utiliza\u00e7\u00e3o em vigor em qualquer momento. A FRIGICOLL, S.A. (doravante, &#8220;FRIGICOLL&#8221;) compromete-se a processar os seus dados&#8230;&nbsp; <a class=\"readmore\" href=\"https:\/\/www.frigicoll.es\/pt\/privacidade\/\"><span>Leer m\u00e1s<\/span> <i class=\"fa fa-chevron-right\"><\/i><\/a><\/p>\n","protected":false},"author":2,"featured_media":6849,"parent":0,"menu_order":0,"comment_status":"closed","ping_status":"closed","template":"","meta":{"_relevanssi_hide_post":"on","_relevanssi_pin_for_all":"","_relevanssi_pin_keywords":"","_relevanssi_unpin_keywords":"","_relevanssi_related_keywords":"","_relevanssi_related_include_ids":"","_relevanssi_related_exclude_ids":"","_relevanssi_related_no_append":"","_relevanssi_related_not_related":"","_relevanssi_related_posts":"","_relevanssi_noindex_reason":"Relevanssi image attachment filter Relevanssi index exclude"},"acf":[],"yoast_head":"<!-- This site is optimized with the Yoast SEO plugin v19.13 - https:\/\/yoast.com\/wordpress\/plugins\/seo\/ -->\n<title>Privacidade - Frigicoll<\/title>\n<meta name=\"robots\" content=\"noindex, follow\" \/>\n<meta property=\"og:locale\" content=\"pt_PT\" \/>\n<meta property=\"og:type\" content=\"article\" \/>\n<meta property=\"og:title\" content=\"Privacidade - Frigicoll\" \/>\n<meta property=\"og:description\" content=\"O acesso e a utiliza\u00e7\u00e3o do website https:\/\/www.frigicoll.es\/ \u00a0(doravante, o &#8220;Site&#8221;) atribui o estatuto de utilizador ao visitante do Site (doravante, o(s) &#8220;Utilizador(es)&#8221;) e implica a aceita\u00e7\u00e3o plena e sem reservas por parte do Utilizador das condi\u00e7\u00f5es de utiliza\u00e7\u00e3o em vigor em qualquer momento. A FRIGICOLL, S.A. (doravante, &#8220;FRIGICOLL&#8221;) compromete-se a processar os seus dados...&nbsp; Leer m\u00e1s\" \/>\n<meta property=\"og:url\" content=\"https:\/\/www.frigicoll.es\/pt\/privacidade\/\" \/>\n<meta property=\"og:site_name\" content=\"Frigicoll Portugal\" \/>\n<meta property=\"article:modified_time\" content=\"2025-10-01T07:44:46+00:00\" \/>\n<meta property=\"og:image\" content=\"https:\/\/www.frigicoll.es\/pt\/wp-content\/uploads\/sites\/3\/2018\/10\/Pol\u00edtica-de-privacidad-Frigicoll.png\" \/>\n\t<meta property=\"og:image:width\" content=\"1088\" \/>\n\t<meta property=\"og:image:height\" content=\"215\" \/>\n\t<meta property=\"og:image:type\" content=\"image\/png\" \/>\n<meta name=\"twitter:card\" content=\"summary_large_image\" \/>\n<meta name=\"twitter:label1\" content=\"Tempo estimado de leitura\" \/>\n\t<meta name=\"twitter:data1\" content=\"11 minutos\" \/>\n<script type=\"application\/ld+json\" class=\"yoast-schema-graph\">{\"@context\":\"https:\/\/schema.org\",\"@graph\":[{\"@type\":\"WebPage\",\"@id\":\"https:\/\/www.frigicoll.es\/pt\/privacidade\/\",\"url\":\"https:\/\/www.frigicoll.es\/pt\/privacidade\/\",\"name\":\"Privacidade - Frigicoll\",\"isPartOf\":{\"@id\":\"https:\/\/www.frigicoll.es\/pt\/#website\"},\"datePublished\":\"2018-06-07T08:31:06+00:00\",\"dateModified\":\"2025-10-01T07:44:46+00:00\",\"breadcrumb\":{\"@id\":\"https:\/\/www.frigicoll.es\/pt\/privacidade\/#breadcrumb\"},\"inLanguage\":\"pt-PT\",\"potentialAction\":[{\"@type\":\"ReadAction\",\"target\":[\"https:\/\/www.frigicoll.es\/pt\/privacidade\/\"]}]},{\"@type\":\"BreadcrumbList\",\"@id\":\"https:\/\/www.frigicoll.es\/pt\/privacidade\/#breadcrumb\",\"itemListElement\":[{\"@type\":\"ListItem\",\"position\":1,\"name\":\"Inicio\",\"item\":\"https:\/\/www.frigicoll.es\/pt\/\"},{\"@type\":\"ListItem\",\"position\":2,\"name\":\"Privacidade\"}]},{\"@type\":\"WebSite\",\"@id\":\"https:\/\/www.frigicoll.es\/pt\/#website\",\"url\":\"https:\/\/www.frigicoll.es\/pt\/\",\"name\":\"Frigicoll Portugal\",\"description\":\"Expertos en fr\u00edo industrial, climatizaci\u00f3n refrigeraci\u00f3n, electrodom\u00e9sticos, hosteler\u00eda y transporte refrigerado. Empresa con m\u00e1s de 60 a\u00f1os de experiencia.\",\"potentialAction\":[{\"@type\":\"SearchAction\",\"target\":{\"@type\":\"EntryPoint\",\"urlTemplate\":\"https:\/\/www.frigicoll.es\/pt\/?s={search_term_string}\"},\"query-input\":\"required name=search_term_string\"}],\"inLanguage\":\"pt-PT\"}]}<\/script>\n<!-- \/ Yoast SEO plugin. -->","yoast_head_json":{"title":"Privacidade - Frigicoll","robots":{"index":"noindex","follow":"follow"},"og_locale":"pt_PT","og_type":"article","og_title":"Privacidade - Frigicoll","og_description":"O acesso e a utiliza\u00e7\u00e3o do website https:\/\/www.frigicoll.es\/ \u00a0(doravante, o &#8220;Site&#8221;) atribui o estatuto de utilizador ao visitante do Site (doravante, o(s) &#8220;Utilizador(es)&#8221;) e implica a aceita\u00e7\u00e3o plena e sem reservas por parte do Utilizador das condi\u00e7\u00f5es de utiliza\u00e7\u00e3o em vigor em qualquer momento. A FRIGICOLL, S.A. (doravante, &#8220;FRIGICOLL&#8221;) compromete-se a processar os seus dados...&nbsp; Leer m\u00e1s","og_url":"https:\/\/www.frigicoll.es\/pt\/privacidade\/","og_site_name":"Frigicoll Portugal","article_modified_time":"2025-10-01T07:44:46+00:00","og_image":[{"width":1088,"height":215,"url":"https:\/\/www.frigicoll.es\/pt\/wp-content\/uploads\/sites\/3\/2018\/10\/Pol\u00edtica-de-privacidad-Frigicoll.png","type":"image\/png"}],"twitter_card":"summary_large_image","twitter_misc":{"Tempo estimado de leitura":"11 minutos"},"schema":{"@context":"https:\/\/schema.org","@graph":[{"@type":"WebPage","@id":"https:\/\/www.frigicoll.es\/pt\/privacidade\/","url":"https:\/\/www.frigicoll.es\/pt\/privacidade\/","name":"Privacidade - Frigicoll","isPartOf":{"@id":"https:\/\/www.frigicoll.es\/pt\/#website"},"datePublished":"2018-06-07T08:31:06+00:00","dateModified":"2025-10-01T07:44:46+00:00","breadcrumb":{"@id":"https:\/\/www.frigicoll.es\/pt\/privacidade\/#breadcrumb"},"inLanguage":"pt-PT","potentialAction":[{"@type":"ReadAction","target":["https:\/\/www.frigicoll.es\/pt\/privacidade\/"]}]},{"@type":"BreadcrumbList","@id":"https:\/\/www.frigicoll.es\/pt\/privacidade\/#breadcrumb","itemListElement":[{"@type":"ListItem","position":1,"name":"Inicio","item":"https:\/\/www.frigicoll.es\/pt\/"},{"@type":"ListItem","position":2,"name":"Privacidade"}]},{"@type":"WebSite","@id":"https:\/\/www.frigicoll.es\/pt\/#website","url":"https:\/\/www.frigicoll.es\/pt\/","name":"Frigicoll Portugal","description":"Expertos en fr\u00edo industrial, climatizaci\u00f3n refrigeraci\u00f3n, electrodom\u00e9sticos, hosteler\u00eda y transporte refrigerado. Empresa con m\u00e1s de 60 a\u00f1os de experiencia.","potentialAction":[{"@type":"SearchAction","target":{"@type":"EntryPoint","urlTemplate":"https:\/\/www.frigicoll.es\/pt\/?s={search_term_string}"},"query-input":"required name=search_term_string"}],"inLanguage":"pt-PT"}]}},"_links":{"self":[{"href":"https:\/\/www.frigicoll.es\/pt\/wp-json\/wp\/v2\/pages\/2963"}],"collection":[{"href":"https:\/\/www.frigicoll.es\/pt\/wp-json\/wp\/v2\/pages"}],"about":[{"href":"https:\/\/www.frigicoll.es\/pt\/wp-json\/wp\/v2\/types\/page"}],"author":[{"embeddable":true,"href":"https:\/\/www.frigicoll.es\/pt\/wp-json\/wp\/v2\/users\/2"}],"replies":[{"embeddable":true,"href":"https:\/\/www.frigicoll.es\/pt\/wp-json\/wp\/v2\/comments?post=2963"}],"version-history":[{"count":14,"href":"https:\/\/www.frigicoll.es\/pt\/wp-json\/wp\/v2\/pages\/2963\/revisions"}],"predecessor-version":[{"id":7309,"href":"https:\/\/www.frigicoll.es\/pt\/wp-json\/wp\/v2\/pages\/2963\/revisions\/7309"}],"wp:featuredmedia":[{"embeddable":true,"href":"https:\/\/www.frigicoll.es\/pt\/wp-json\/wp\/v2\/media\/6849"}],"wp:attachment":[{"href":"https:\/\/www.frigicoll.es\/pt\/wp-json\/wp\/v2\/media?parent=2963"}],"curies":[{"name":"wp","href":"https:\/\/api.w.org\/{rel}","templated":true}]}}