
{"id":2961,"date":"2018-06-07T09:33:11","date_gmt":"2018-06-07T08:33:11","guid":{"rendered":"http:\/\/www.frigicoll.es\/politica-de-cookies\/"},"modified":"2025-10-01T09:48:07","modified_gmt":"2025-10-01T07:48:07","slug":"politica-de-cookies","status":"publish","type":"page","link":"https:\/\/www.frigicoll.es\/pt\/politica-de-cookies\/","title":{"rendered":"COOKIES"},"content":{"rendered":"<div class=\"quienes-somos\">\n<hr class=\"ornament\" \/>\n<\/div>\n<p>FRIGICOLL, S.A. utiliza cookies para o funcionamento do seu website (doravante, o &#8220;Site&#8221;). Para toda a informa\u00e7\u00e3o relativa \u00e0 nossa Pol\u00edtica de Cookies, consulte as sec\u00e7\u00f5es abaixo:<\/p>\n<p><u>\u00a0<\/u><\/p>\n<ol>\n<li>\n<h2>O que \u00e9 um cookie?<\/h2>\n<\/li>\n<\/ol>\n<p>Um <em>cookie<\/em> \u00e9 um pequeno ficheiro de texto que \u00e9 armazenado no seu navegador quando visita praticamente qualquer website. Sua utilidade \u00e9 que o site \u00e9 capaz de lembrar sua visita quando voc\u00ea navega nessa p\u00e1gina novamente. Os cookies\u00a0 geralmente armazenam informa\u00e7\u00f5es t\u00e9cnicas, prefer\u00eancias pessoais, personaliza\u00e7\u00e3o de conte\u00fado, estat\u00edsticas de uso, links para redes sociais, acesso a contas de usu\u00e1rio, etc. O objetivo do <em>cookie<\/em> \u00e9 adaptar o conte\u00fado do site ao seu perfil e necessitades. Sem <em>cookies<\/em> os servi\u00e7os oferecidos por qualquer p\u00e1gina seriam significativamente reduzidos.<\/p>\n<p>&nbsp;<\/p>\n<ol start=\"2\">\n<li>\n<h2><strong>Que tipos de cookies existem?<\/strong><\/h2>\n<\/li>\n<\/ol>\n<p>Dependendo da sua finalidade, os cookies podem ser:<\/p>\n<ul>\n<li>Cookies t\u00e9cnicos\/necess\u00e1rios: Ajudam a tornar um site utiliz\u00e1vel, permitindo fun\u00e7\u00f5es b\u00e1sicas, como navega\u00e7\u00e3o na p\u00e1gina e acesso a \u00e1reas seguras do site. O site n\u00e3o pode funcionar corretamente sem esses cookies.<\/li>\n<li>Cookies de personaliza\u00e7\u00e3o, funcionalidade ou configura\u00e7\u00e3o: Os cookies de prefer\u00eancia permitem que o site se lembre de informa\u00e7\u00f5es que alteram o comportamento ou a apar\u00eancia do site, como seu idioma preferido ou a regi\u00e3o em que voc\u00ea est\u00e1.<\/li>\n<li>Cookies de seguran\u00e7a: impedem ou dificultam ataques contra o website ou os seus utilizadores.<\/li>\n<li>Cookies anal\u00edticos\/estat\u00edsticos: Os cookies estat\u00edsticos ajudam os propriet\u00e1rios de sites a entender como os visitantes interagem com os sites, coletando e fornecendo informa\u00e7\u00f5es anonimamente.<\/li>\n<li>Cookies de publicidade: gerem a frequ\u00eancia e o conte\u00fado dos an\u00fancios.<\/li>\n<li>Cookies de publicidade comportamental: armazenam informa\u00e7\u00f5es sobre os utilizadores para lhes mostrar publicidade personalizada.<\/li>\n<li>Cookies de marketing: Os cookies de marketing s\u00e3o usados para rastrear os visitantes das p\u00e1ginas da web. A inten\u00e7\u00e3o \u00e9 mostrar an\u00fancios relevantes e atraentes para o usu\u00e1rio individual e, portanto, mais valiosos para editores e anunciantes de terceiros.<\/li>\n<\/ul>\n<p>&nbsp;<\/p>\n<p>&nbsp;<\/p>\n<ol start=\"3\">\n<li>\n<h2><strong>Que cookies utilizamos? <\/strong><\/h2>\n<\/li>\n<\/ol>\n<p>Os cookies utilizados neste site est\u00e3o descritos no banner inicial do site no bot\u00e3o &#8220;<strong>Personalizar<\/strong>&#8220;. Nesta op\u00e7\u00e3o encontrar\u00e1 sempre os cookies que o nosso website tem a qualquer momento atualizados.<\/p>\n<p>&nbsp;<\/p>\n<ol start=\"4\">\n<li>\n<h2><strong>Transfer\u00eancias de dados para pa\u00edses terceiros<\/strong><\/h2>\n<\/li>\n<\/ol>\n<p>Voc\u00ea pode descobrir sobre transfer\u00eancias para outros pa\u00edses que, quando apropriado, s\u00e3o feitas por terceiros identificados nesta pol\u00edtica de cookies em suas pol\u00edticas correspondentes (consulte os links fornecidos no banner inicial do site no bot\u00e3o &#8220;<strong>Personalizar<\/strong>&#8220;).<\/p>\n<p>&nbsp;<\/p>\n<ol start=\"5\">\n<li>\n<h2>Como desinstalo os cookies?<\/h2>\n<\/li>\n<\/ol>\n<p>O utilizador \u00e9 livre de decidir se instala ou n\u00e3o os nossos cookies no seu disco r\u00edgido, bem como a sua elimina\u00e7\u00e3o, seguindo o procedimento estabelecido na sec\u00e7\u00e3o de ajuda do seu navegador. O usu\u00e1rio tamb\u00e9m pode configurar seu navegador para aceitar ou rejeitar todos os cookies por padr\u00e3o ou para receber um aviso na tela do recebimento de cada cookie e decidir nesse momento se deseja ou n\u00e3o instal\u00e1-lo em seu disco r\u00edgido. Abaixo est\u00e3o links para fabricantes de dispositivos e navegadores para gerenciar ou desativar cookies para a maioria dos navegadores:<\/p>\n<ul>\n<li>Para o <strong>Internet Explorer<\/strong>: Na op\u00e7\u00e3o de menu: Ferramentas &gt; Op\u00e7\u00f5es da Internet &gt; Configura\u00e7\u00f5es de &gt; de Privacidade. Para saber mais, visite o seguinte link: <a href=\"https:\/\/support.microsoft.com\/es-es\/help\/17442\/windows-internet-explorer-delete-manage-cookies\">https:\/\/support.microsoft.com\/es-es\/help\/17442\/windows-internet-explorer-delete-manage-cookies<\/a><\/li>\n<\/ul>\n<p>&nbsp;<\/p>\n<ul>\n<li>Para <strong>o Google Chrome<\/strong>: em Op\u00e7\u00f5es &gt; Op\u00e7\u00f5es avan\u00e7adas &gt; Privacidade &gt; Cookies. Para mais informa\u00e7\u00f5es visite o seguinte link: <a href=\"https:\/\/support.google.com\/chrome\/answer\/95647?hl=es\">https:\/\/support.google.com\/chrome\/answer\/95647?hl=es<\/a><\/li>\n<\/ul>\n<p>&nbsp;<\/p>\n<ul>\n<li>Para o <strong>Mozilla Firefox:<\/strong> na op\u00e7\u00e3o de menu: Ferramentas &gt; Op\u00e7\u00f5es &gt; Privacidade &gt; Cookies. Para saber mais, visite os seguintes links: <a href=\"https:\/\/support.mozilla.org\/es\/kb\/Borrar%20cookies\">https:\/\/support.mozilla.org\/es\/kb\/Borrar%20cookies<\/a> e <a href=\"https:\/\/support.mozilla.org\/es\/kb\/habilitar-y-deshabilitar-cookies-sitios-web-rastrear-preferencias?redirectlocale=es&amp;redirectslug=habilitar-y-deshabilitar-cookies-que-los-sitios-we\">https:\/\/support.mozilla.org\/es\/kb\/habilitar-y-deshabilitar-cookies-sitios-web-rastrear-preferencias?redirectlocale=es&amp;redirectslug=habilitar-y-deshabilitar-cookies-que-los-sitios-we<\/a><\/li>\n<\/ul>\n<p>&nbsp;<\/p>\n<ul>\n<li>Para <strong>o Safari (IOS 8): <\/strong>Em Configura\u00e7\u00f5es&gt; o Safari &gt; bloquear cookies. Para saber mais, visite o seguinte link: <a href=\"http:\/\/support.apple.com\/kb\/HT1677?viewlocale=es_ES\">http:\/\/support.apple.com\/kb\/HT1677?viewlocale=es_ES<\/a><\/li>\n<\/ul>\n<p>&nbsp;<\/p>\n<ul>\n<li>Para <strong>o Opera:<\/strong> em Configura\u00e7\u00f5es &gt; Avan\u00e7ado &gt; Privacidade e Seguran\u00e7a &gt; Configura\u00e7\u00f5es de Conte\u00fado &gt; Cookies. Para mais informa\u00e7\u00f5es visite o seguinte link: <a href=\"https:\/\/help.opera.com\/en\/latest\/web-preferences\/#cookies\">https:\/\/help.opera.com\/en\/latest\/web-preferences\/#cookies<\/a><\/li>\n<\/ul>\n<p>&nbsp;<\/p>\n<ul>\n<li>Para <strong>Android:<\/strong> no Menu &gt; Configura\u00e7\u00f5es &gt; Seguran\u00e7a e Privacidade &gt; Aceitar cookies para ativar ou desmarcar a caixa de sele\u00e7\u00e3o. Para mais informa\u00e7\u00f5es visite o seguinte link: <a href=\"http:\/\/support.google.com\/android\/?hl=es\">http:\/\/support.google.com\/android\/?hl=es<\/a><\/li>\n<\/ul>\n<p>&nbsp;<\/p>\n<ul>\n<li>Para <strong>Windows Phone:<\/strong> No Internet Explorer &gt; Mais &gt; Configura\u00e7\u00f5es, &gt; ative ou desative a caixa de sele\u00e7\u00e3o Permitir cookies. Para saber mais, visite o seguinte link: <a href=\"http:\/\/www.windowsphone.com\/es-es\/how-to\/wp7\/web\/changing-privacy-and-other-browser-settings\">http:\/\/www.windowsphone.com\/es-es\/how-to\/wp7\/web\/changing-privacy-and-other-browser-settings<\/a><\/li>\n<\/ul>\n<p>Nem este site nem os seus representantes legais podem garantir o tratamento correto ou incorreto de <em>cookies<\/em> pelos navegadores acima mencionados. Da mesma forma, nem este site nem os seus representantes legais s\u00e3o respons\u00e1veis pelo conte\u00fado ou veracidade das pol\u00edticas de privacidade que os terceiros mencionados nesta Pol\u00edtica de Cookies possam ter.<\/p>\n<p>Se desejar ter mais controlo sobre a instala\u00e7\u00e3o de cookies, pode instalar programas ou add-ons no seu navegador, conhecidos como ferramentas &#8220;<em>Do Not Track<\/em>&#8220;, que lhe permitir\u00e3o escolher quais os cookies que deseja permitir.<\/p>\n<p>O facto de o utilizador configurar o seu browser para rejeitar todos os cookies ou expressamente os nossos cookies pode significar que n\u00e3o \u00e9 poss\u00edvel aceder a alguns dos servi\u00e7os e que a sua experi\u00eancia no nosso website pode ser menos satisfat\u00f3ria.<\/p>\n<p><strong>FRIGICOLL, S.A. <\/strong>reserva-se o direito de modificar esta Pol\u00edtica de Cookies para a adaptar \u00e0 futura legisla\u00e7\u00e3o e\/ou jurisprud\u00eancia aplic\u00e1vel, bem como \u00e0s futuras utiliza\u00e7\u00f5es dos dados pessoais do utilizador no site. Em qualquer caso, os utilizadores ser\u00e3o informados com anteced\u00eancia das altera\u00e7\u00f5es na pol\u00edtica acima mencionada. Assim, recomenda-se ao utilizador que leia a Pol\u00edtica de Cookies sempre que aceder ao Website.<\/p>\n<p><strong>\u00a0<\/strong><\/p>\n<p><strong>Se tiver alguma quest\u00e3o ou d\u00favida sobre esta\u00a0 Pol\u00edtica de <em>Cookies<\/em>, n\u00e3o hesite em comunic\u00e1-la atrav\u00e9s da sec\u00e7\u00e3o de contactos.<\/strong><\/p>\n<p><strong>\u00a0<\/strong><\/p>\n<p><strong>Atualizado em <\/strong>julho de 2025<\/p>\n","protected":false},"excerpt":{"rendered":"<p>FRIGICOLL, S.A. utiliza cookies para o funcionamento do seu website (doravante, o &#8220;Site&#8221;). Para toda a informa\u00e7\u00e3o relativa \u00e0 nossa Pol\u00edtica de Cookies, consulte as sec\u00e7\u00f5es abaixo: \u00a0 O que \u00e9 um cookie? Um cookie \u00e9 um pequeno ficheiro de texto que \u00e9 armazenado no seu navegador quando visita praticamente qualquer website. Sua utilidade \u00e9&#8230;&nbsp; <a class=\"readmore\" href=\"https:\/\/www.frigicoll.es\/pt\/politica-de-cookies\/\"><span>Leer m\u00e1s<\/span> <i class=\"fa fa-chevron-right\"><\/i><\/a><\/p>\n","protected":false},"author":2,"featured_media":6850,"parent":0,"menu_order":0,"comment_status":"closed","ping_status":"closed","template":"","meta":{"_relevanssi_hide_post":"on","_relevanssi_pin_for_all":"","_relevanssi_pin_keywords":"","_relevanssi_unpin_keywords":"","_relevanssi_related_keywords":"","_relevanssi_related_include_ids":"","_relevanssi_related_exclude_ids":"","_relevanssi_related_no_append":"","_relevanssi_related_not_related":"","_relevanssi_related_posts":"","_relevanssi_noindex_reason":"Relevanssi image attachment filter Relevanssi index exclude"},"acf":[],"yoast_head":"<!-- This site is optimized with the Yoast SEO plugin v19.13 - https:\/\/yoast.com\/wordpress\/plugins\/seo\/ -->\n<title>COOKIES - Frigicoll<\/title>\n<meta name=\"robots\" content=\"noindex, follow\" \/>\n<meta property=\"og:locale\" content=\"pt_PT\" \/>\n<meta property=\"og:type\" content=\"article\" \/>\n<meta property=\"og:title\" content=\"COOKIES - Frigicoll\" \/>\n<meta property=\"og:description\" content=\"FRIGICOLL, S.A. utiliza cookies para o funcionamento do seu website (doravante, o &#8220;Site&#8221;). Para toda a informa\u00e7\u00e3o relativa \u00e0 nossa Pol\u00edtica de Cookies, consulte as sec\u00e7\u00f5es abaixo: \u00a0 O que \u00e9 um cookie? Um cookie \u00e9 um pequeno ficheiro de texto que \u00e9 armazenado no seu navegador quando visita praticamente qualquer website. Sua utilidade \u00e9...&nbsp; Leer m\u00e1s\" \/>\n<meta property=\"og:url\" content=\"https:\/\/www.frigicoll.es\/pt\/politica-de-cookies\/\" \/>\n<meta property=\"og:site_name\" content=\"Frigicoll Portugal\" \/>\n<meta property=\"article:modified_time\" content=\"2025-10-01T07:48:07+00:00\" \/>\n<meta property=\"og:image\" content=\"https:\/\/www.frigicoll.es\/pt\/wp-content\/uploads\/sites\/3\/2018\/10\/Pol\u00edtica-de-Cookies-Frigicoll.png\" \/>\n\t<meta property=\"og:image:width\" content=\"1088\" \/>\n\t<meta property=\"og:image:height\" content=\"215\" \/>\n\t<meta property=\"og:image:type\" content=\"image\/png\" \/>\n<meta name=\"twitter:card\" content=\"summary_large_image\" \/>\n<meta name=\"twitter:label1\" content=\"Tempo estimado de leitura\" \/>\n\t<meta name=\"twitter:data1\" content=\"5 minutos\" \/>\n<script type=\"application\/ld+json\" class=\"yoast-schema-graph\">{\"@context\":\"https:\/\/schema.org\",\"@graph\":[{\"@type\":\"WebPage\",\"@id\":\"https:\/\/www.frigicoll.es\/pt\/politica-de-cookies\/\",\"url\":\"https:\/\/www.frigicoll.es\/pt\/politica-de-cookies\/\",\"name\":\"COOKIES - Frigicoll\",\"isPartOf\":{\"@id\":\"https:\/\/www.frigicoll.es\/pt\/#website\"},\"datePublished\":\"2018-06-07T08:33:11+00:00\",\"dateModified\":\"2025-10-01T07:48:07+00:00\",\"breadcrumb\":{\"@id\":\"https:\/\/www.frigicoll.es\/pt\/politica-de-cookies\/#breadcrumb\"},\"inLanguage\":\"pt-PT\",\"potentialAction\":[{\"@type\":\"ReadAction\",\"target\":[\"https:\/\/www.frigicoll.es\/pt\/politica-de-cookies\/\"]}]},{\"@type\":\"BreadcrumbList\",\"@id\":\"https:\/\/www.frigicoll.es\/pt\/politica-de-cookies\/#breadcrumb\",\"itemListElement\":[{\"@type\":\"ListItem\",\"position\":1,\"name\":\"Inicio\",\"item\":\"https:\/\/www.frigicoll.es\/pt\/\"},{\"@type\":\"ListItem\",\"position\":2,\"name\":\"COOKIES\"}]},{\"@type\":\"WebSite\",\"@id\":\"https:\/\/www.frigicoll.es\/pt\/#website\",\"url\":\"https:\/\/www.frigicoll.es\/pt\/\",\"name\":\"Frigicoll Portugal\",\"description\":\"Expertos en fr\u00edo industrial, climatizaci\u00f3n refrigeraci\u00f3n, electrodom\u00e9sticos, hosteler\u00eda y transporte refrigerado. Empresa con m\u00e1s de 60 a\u00f1os de experiencia.\",\"potentialAction\":[{\"@type\":\"SearchAction\",\"target\":{\"@type\":\"EntryPoint\",\"urlTemplate\":\"https:\/\/www.frigicoll.es\/pt\/?s={search_term_string}\"},\"query-input\":\"required name=search_term_string\"}],\"inLanguage\":\"pt-PT\"}]}<\/script>\n<!-- \/ Yoast SEO plugin. -->","yoast_head_json":{"title":"COOKIES - Frigicoll","robots":{"index":"noindex","follow":"follow"},"og_locale":"pt_PT","og_type":"article","og_title":"COOKIES - Frigicoll","og_description":"FRIGICOLL, S.A. utiliza cookies para o funcionamento do seu website (doravante, o &#8220;Site&#8221;). Para toda a informa\u00e7\u00e3o relativa \u00e0 nossa Pol\u00edtica de Cookies, consulte as sec\u00e7\u00f5es abaixo: \u00a0 O que \u00e9 um cookie? Um cookie \u00e9 um pequeno ficheiro de texto que \u00e9 armazenado no seu navegador quando visita praticamente qualquer website. Sua utilidade \u00e9...&nbsp; Leer m\u00e1s","og_url":"https:\/\/www.frigicoll.es\/pt\/politica-de-cookies\/","og_site_name":"Frigicoll Portugal","article_modified_time":"2025-10-01T07:48:07+00:00","og_image":[{"width":1088,"height":215,"url":"https:\/\/www.frigicoll.es\/pt\/wp-content\/uploads\/sites\/3\/2018\/10\/Pol\u00edtica-de-Cookies-Frigicoll.png","type":"image\/png"}],"twitter_card":"summary_large_image","twitter_misc":{"Tempo estimado de leitura":"5 minutos"},"schema":{"@context":"https:\/\/schema.org","@graph":[{"@type":"WebPage","@id":"https:\/\/www.frigicoll.es\/pt\/politica-de-cookies\/","url":"https:\/\/www.frigicoll.es\/pt\/politica-de-cookies\/","name":"COOKIES - Frigicoll","isPartOf":{"@id":"https:\/\/www.frigicoll.es\/pt\/#website"},"datePublished":"2018-06-07T08:33:11+00:00","dateModified":"2025-10-01T07:48:07+00:00","breadcrumb":{"@id":"https:\/\/www.frigicoll.es\/pt\/politica-de-cookies\/#breadcrumb"},"inLanguage":"pt-PT","potentialAction":[{"@type":"ReadAction","target":["https:\/\/www.frigicoll.es\/pt\/politica-de-cookies\/"]}]},{"@type":"BreadcrumbList","@id":"https:\/\/www.frigicoll.es\/pt\/politica-de-cookies\/#breadcrumb","itemListElement":[{"@type":"ListItem","position":1,"name":"Inicio","item":"https:\/\/www.frigicoll.es\/pt\/"},{"@type":"ListItem","position":2,"name":"COOKIES"}]},{"@type":"WebSite","@id":"https:\/\/www.frigicoll.es\/pt\/#website","url":"https:\/\/www.frigicoll.es\/pt\/","name":"Frigicoll Portugal","description":"Expertos en fr\u00edo industrial, climatizaci\u00f3n refrigeraci\u00f3n, electrodom\u00e9sticos, hosteler\u00eda y transporte refrigerado. Empresa con m\u00e1s de 60 a\u00f1os de experiencia.","potentialAction":[{"@type":"SearchAction","target":{"@type":"EntryPoint","urlTemplate":"https:\/\/www.frigicoll.es\/pt\/?s={search_term_string}"},"query-input":"required name=search_term_string"}],"inLanguage":"pt-PT"}]}},"_links":{"self":[{"href":"https:\/\/www.frigicoll.es\/pt\/wp-json\/wp\/v2\/pages\/2961"}],"collection":[{"href":"https:\/\/www.frigicoll.es\/pt\/wp-json\/wp\/v2\/pages"}],"about":[{"href":"https:\/\/www.frigicoll.es\/pt\/wp-json\/wp\/v2\/types\/page"}],"author":[{"embeddable":true,"href":"https:\/\/www.frigicoll.es\/pt\/wp-json\/wp\/v2\/users\/2"}],"replies":[{"embeddable":true,"href":"https:\/\/www.frigicoll.es\/pt\/wp-json\/wp\/v2\/comments?post=2961"}],"version-history":[{"count":9,"href":"https:\/\/www.frigicoll.es\/pt\/wp-json\/wp\/v2\/pages\/2961\/revisions"}],"predecessor-version":[{"id":7312,"href":"https:\/\/www.frigicoll.es\/pt\/wp-json\/wp\/v2\/pages\/2961\/revisions\/7312"}],"wp:featuredmedia":[{"embeddable":true,"href":"https:\/\/www.frigicoll.es\/pt\/wp-json\/wp\/v2\/media\/6850"}],"wp:attachment":[{"href":"https:\/\/www.frigicoll.es\/pt\/wp-json\/wp\/v2\/media?parent=2961"}],"curies":[{"name":"wp","href":"https:\/\/api.w.org\/{rel}","templated":true}]}}