
{"id":2914,"date":"2018-01-08T12:06:39","date_gmt":"2018-01-08T11:06:39","guid":{"rendered":"http:\/\/www.frigicoll.es\/acceso-profesionales\/"},"modified":"2023-05-31T15:27:42","modified_gmt":"2023-05-31T13:27:42","slug":"acceso-profesionales","status":"publish","type":"page","link":"https:\/\/www.frigicoll.es\/pt\/acceso-profesionales\/","title":{"rendered":"Zona Profissionais"},"content":{"rendered":"<div class=\"quienes-somos\">\n<h2 class=\"subtitle text-center\">Formul\u00e1rio de registo<\/h2>\n<hr class=\"ornament\" \/>\n<div class=\"row mb-3\">\n<div class=\"col-sm-7\"><span style=\"font-size: 1rem;\">Ainda n\u00e3o \u00e9 utilizador? <\/span><strong style=\"font-size: 1rem;\">Registe-se agora:<\/strong><\/div>\n<\/div>\n<\/div>\n<div role=\"form\" class=\"wpcf7\" id=\"wpcf7-f5974-o1\" lang=\"es-ES\" dir=\"ltr\">\n<div class=\"screen-reader-response\"><p role=\"status\" aria-live=\"polite\" aria-atomic=\"true\"><\/p> <ul><\/ul><\/div>\n<form action=\"\/pt\/wp-json\/wp\/v2\/pages\/2914#wpcf7-f5974-o1\" method=\"post\" class=\"wpcf7-form init registerform wpcf7-acceptance-as-validation\" novalidate=\"novalidate\" data-status=\"init\">\n<div style=\"display: none;\">\n<input type=\"hidden\" name=\"_wpcf7\" value=\"5974\" \/>\n<input type=\"hidden\" name=\"_wpcf7_version\" value=\"5.6.4\" \/>\n<input type=\"hidden\" name=\"_wpcf7_locale\" value=\"es_ES\" \/>\n<input type=\"hidden\" name=\"_wpcf7_unit_tag\" value=\"wpcf7-f5974-o1\" \/>\n<input type=\"hidden\" name=\"_wpcf7_container_post\" value=\"0\" \/>\n<input type=\"hidden\" name=\"_wpcf7_posted_data_hash\" value=\"\" \/>\n<input type=\"hidden\" name=\"_wpcf7_recaptcha_response\" value=\"\" \/>\n<\/div>\n<div class=\"wrap-camps camps-register\">\n<div class=\"row\">\n<div class=\"col-md-6\">\n<p><label> Nome da Empresa (*)<br \/>\n    <span class=\"wpcf7-form-control-wrap\" data-name=\"nombreempresa\"><input type=\"text\" name=\"nombreempresa\" value=\"\" size=\"40\" class=\"wpcf7-form-control wpcf7-text wpcf7-validates-as-required\" aria-required=\"true\" aria-invalid=\"false\" \/><\/span><\/label><\/p>\n<p><label> \u00a0Nome e Apelido (*)<br \/>\n    <span class=\"wpcf7-form-control-wrap\" data-name=\"nombreyapellidos\"><input type=\"text\" name=\"nombreyapellidos\" value=\"\" size=\"40\" class=\"wpcf7-form-control wpcf7-text wpcf7-validates-as-required\" aria-required=\"true\" aria-invalid=\"false\" \/><\/span><\/label><\/p>\n<\/div>\n<div class=\"col-md-6\">\n<p><label> NIF (n\u00famero) (*)<br \/>\n    <span class=\"wpcf7-form-control-wrap\" data-name=\"dnicif\"><input type=\"text\" name=\"dnicif\" value=\"\" size=\"40\" class=\"wpcf7-form-control wpcf7-text wpcf7-validates-as-required\" aria-required=\"true\" aria-invalid=\"false\" placeholder=\"(Ej. 12345678L)\" \/><\/span><\/label><\/p>\n<p><label> C\u00f3digo Cliente (*) (incluindos zeros)<br \/>\n    <span class=\"wpcf7-form-control-wrap\" data-name=\"clientcode\"><input type=\"text\" name=\"clientcode\" value=\"\" size=\"40\" class=\"wpcf7-form-control wpcf7-text wpcf7-validates-as-required\" aria-required=\"true\" aria-invalid=\"false\" placeholder=\"(Ej. 0012345)\" \/><\/span><\/label><\/p>\n<\/div>\n<div class=\"col-md-6\">\n<p><label> Telefone de Contato<br \/>\n    <span class=\"wpcf7-form-control-wrap\" data-name=\"telefono\"><input type=\"tel\" name=\"telefono\" value=\"\" size=\"40\" class=\"wpcf7-form-control wpcf7-text wpcf7-tel wpcf7-validates-as-tel\" aria-invalid=\"false\" \/><\/span> <\/label><\/p>\n<p><label> Correio Electr\u00f3nico (*)<br \/>\n    <span class=\"wpcf7-form-control-wrap\" data-name=\"correo\"><input type=\"email\" name=\"correo\" value=\"\" size=\"40\" class=\"wpcf7-form-control wpcf7-text wpcf7-email wpcf7-validates-as-email\" aria-invalid=\"false\" \/><\/span> <\/label><\/p>\n<\/div>\n<div class=\"col-md-6\">\n<p><label> Localidade (*)<br \/>\n    <span class=\"wpcf7-form-control-wrap\" data-name=\"poblacion\"><input type=\"text\" name=\"poblacion\" value=\"\" size=\"40\" class=\"wpcf7-form-control wpcf7-text wpcf7-validates-as-required\" aria-required=\"true\" aria-invalid=\"false\" \/><\/span> <\/label><\/p>\n<p><label>Distritos (*)<br \/>\n<span class=\"wpcf7-form-control-wrap\" data-name=\"provincies\"><select name=\"provincies\" class=\"wpcf7-form-control wpcf7-select wpcf7-validates-as-required\" id=\"idProvincia\" aria-required=\"true\" aria-invalid=\"false\"><option value=\"\">---<\/option><option value=\"Aveiro\">Aveiro<\/option><option value=\"Beja\">Beja<\/option><option value=\"Braga\">Braga<\/option><option value=\"Bragan\u00e7a\">Bragan\u00e7a<\/option><option value=\"Castelo Branco\">Castelo Branco<\/option><option value=\"Coimbra\">Coimbra<\/option><option value=\"Evora\">Evora<\/option><option value=\"Faro\">Faro<\/option><option value=\"Guarda\">Guarda<\/option><option value=\"Leiria\">Leiria<\/option><option value=\"Lisboa\">Lisboa<\/option><option value=\"Oporto\">Oporto<\/option><option value=\"Portalegre\">Portalegre<\/option><option value=\"Santarem\">Santarem<\/option><option value=\"Setubal\">Setubal<\/option><option value=\"Viana do Castelo\">Viana do Castelo<\/option><option value=\"Villa Real\">Villa Real<\/option><option value=\"Viseu\">Viseu<\/option><\/select><\/span><\/label><\/p>\n<\/div>\n<\/div>\n<div class=\"divisiones-acceso mb-3\">\n<label for=\"idDivision\">Divis\u00f5es:<\/label><br \/>\n<span class=\"wpcf7-form-control-wrap\" data-name=\"divisiones\"><select name=\"divisiones\" class=\"wpcf7-form-control wpcf7-select wpcf7-validates-as-required\" id=\"idDivision\" aria-required=\"true\" aria-invalid=\"false\"><option value=\"\">---<\/option><option value=\"Refrigera\u00e7\u00e3o\/Transporte\">Refrigera\u00e7\u00e3o\/Transporte<\/option><option value=\"Refrigera\u00e7\u00e3o\">Refrigera\u00e7\u00e3o<\/option><option value=\"Hotelaria\">Hotelaria<\/option><option value=\"Climatiza\u00e7\u00e3o\">Climatiza\u00e7\u00e3o<\/option><option value=\"Electrodom\u00e9sticos\">Electrodom\u00e9sticos<\/option><\/select><\/span>\n<\/div>\n<\/div>\n<p class=\"mb-0 accept-policy\"><span class=\"wpcf7-form-control-wrap\" data-name=\"acceptance-policy\"><span class=\"wpcf7-form-control wpcf7-acceptance\"><span class=\"wpcf7-list-item\"><label><input type=\"checkbox\" name=\"acceptance-policy\" value=\"1\" aria-invalid=\"false\" \/><span class=\"wpcf7-list-item-label\">Aceito as condi\u00e7\u00f5es de uso e a <a href=\"http:\/\/www.frigicoll.es\/pt\/aviso-legal\/\">pol\u00edtica de privacidade<\/a>. Dou o meu consentimento \u00e0 Frigicoll S.A. para o envio de informa\u00e7\u00e3o relativa \u00e0 Intranet para profissionais<\/span><\/label><\/span><\/span><\/span><\/p>\n<p class=\"text-right\">\n<input type=\"submit\" value=\"ENVIAR\" class=\"wpcf7-form-control has-spinner wpcf7-submit btn btn-primary\" \/><\/p>\n<p style=\"display: none !important;\" class=\"akismet-fields-container\" data-prefix=\"_wpcf7_ak_\"><label>&#916;<textarea name=\"_wpcf7_ak_hp_textarea\" cols=\"45\" rows=\"8\" maxlength=\"100\"><\/textarea><\/label><input type=\"hidden\" id=\"ak_js_1\" name=\"_wpcf7_ak_js\" value=\"40\"\/><script>document.getElementById( \"ak_js_1\" ).setAttribute( \"value\", ( new Date() ).getTime() );<\/script><\/p><div class=\"wpcf7-response-output\" aria-hidden=\"true\"><\/div><\/form><\/div>\n","protected":false},"excerpt":{"rendered":"<p>Formul\u00e1rio de registo Ainda n\u00e3o \u00e9 utilizador? Registe-se agora:<\/p>\n","protected":false},"author":2,"featured_media":2502,"parent":0,"menu_order":0,"comment_status":"closed","ping_status":"closed","template":"","meta":{"_relevanssi_hide_post":"","_relevanssi_pin_for_all":"","_relevanssi_pin_keywords":"","_relevanssi_unpin_keywords":"","_relevanssi_related_keywords":"","_relevanssi_related_include_ids":"","_relevanssi_related_exclude_ids":"","_relevanssi_related_no_append":"","_relevanssi_related_not_related":"","_relevanssi_related_posts":"","_relevanssi_noindex_reason":""},"acf":[],"yoast_head":"<!-- This site is optimized with the Yoast SEO plugin v19.13 - https:\/\/yoast.com\/wordpress\/plugins\/seo\/ -->\n<title>Zona Profissionais - Frigicoll<\/title>\n<meta name=\"robots\" content=\"index, follow, max-snippet:-1, max-image-preview:large, max-video-preview:-1\" \/>\n<link rel=\"canonical\" href=\"https:\/\/www.frigicoll.es\/pt\/acceso-profesionales\/\" \/>\n<meta property=\"og:locale\" content=\"pt_PT\" \/>\n<meta property=\"og:type\" content=\"article\" \/>\n<meta property=\"og:title\" content=\"Zona Profissionais - Frigicoll\" \/>\n<meta property=\"og:description\" content=\"Formul\u00e1rio de registo Ainda n\u00e3o \u00e9 utilizador? Registe-se agora:\" \/>\n<meta property=\"og:url\" content=\"https:\/\/www.frigicoll.es\/pt\/acceso-profesionales\/\" \/>\n<meta property=\"og:site_name\" content=\"Frigicoll Portugal\" \/>\n<meta property=\"article:modified_time\" content=\"2023-05-31T13:27:42+00:00\" \/>\n<meta property=\"og:image\" content=\"https:\/\/www.frigicoll.es\/pt\/wp-content\/uploads\/sites\/3\/2018\/06\/header-profesionales-final.jpg\" \/>\n\t<meta property=\"og:image:width\" content=\"1600\" \/>\n\t<meta property=\"og:image:height\" content=\"533\" \/>\n\t<meta property=\"og:image:type\" content=\"image\/jpeg\" \/>\n<meta name=\"twitter:card\" content=\"summary_large_image\" \/>\n<script type=\"application\/ld+json\" class=\"yoast-schema-graph\">{\"@context\":\"https:\/\/schema.org\",\"@graph\":[{\"@type\":\"WebPage\",\"@id\":\"https:\/\/www.frigicoll.es\/pt\/acceso-profesionales\/\",\"url\":\"https:\/\/www.frigicoll.es\/pt\/acceso-profesionales\/\",\"name\":\"Zona Profissionais - Frigicoll\",\"isPartOf\":{\"@id\":\"https:\/\/www.frigicoll.es\/pt\/#website\"},\"datePublished\":\"2018-01-08T11:06:39+00:00\",\"dateModified\":\"2023-05-31T13:27:42+00:00\",\"breadcrumb\":{\"@id\":\"https:\/\/www.frigicoll.es\/pt\/acceso-profesionales\/#breadcrumb\"},\"inLanguage\":\"pt-PT\",\"potentialAction\":[{\"@type\":\"ReadAction\",\"target\":[\"https:\/\/www.frigicoll.es\/pt\/acceso-profesionales\/\"]}]},{\"@type\":\"BreadcrumbList\",\"@id\":\"https:\/\/www.frigicoll.es\/pt\/acceso-profesionales\/#breadcrumb\",\"itemListElement\":[{\"@type\":\"ListItem\",\"position\":1,\"name\":\"Inicio\",\"item\":\"https:\/\/www.frigicoll.es\/pt\/\"},{\"@type\":\"ListItem\",\"position\":2,\"name\":\"Zona Profissionais\"}]},{\"@type\":\"WebSite\",\"@id\":\"https:\/\/www.frigicoll.es\/pt\/#website\",\"url\":\"https:\/\/www.frigicoll.es\/pt\/\",\"name\":\"Frigicoll Portugal\",\"description\":\"Expertos en fr\u00edo industrial, climatizaci\u00f3n refrigeraci\u00f3n, electrodom\u00e9sticos, hosteler\u00eda y transporte refrigerado. Empresa con m\u00e1s de 60 a\u00f1os de experiencia.\",\"potentialAction\":[{\"@type\":\"SearchAction\",\"target\":{\"@type\":\"EntryPoint\",\"urlTemplate\":\"https:\/\/www.frigicoll.es\/pt\/?s={search_term_string}\"},\"query-input\":\"required name=search_term_string\"}],\"inLanguage\":\"pt-PT\"}]}<\/script>\n<!-- \/ Yoast SEO plugin. -->","yoast_head_json":{"title":"Zona Profissionais - Frigicoll","robots":{"index":"index","follow":"follow","max-snippet":"max-snippet:-1","max-image-preview":"max-image-preview:large","max-video-preview":"max-video-preview:-1"},"canonical":"https:\/\/www.frigicoll.es\/pt\/acceso-profesionales\/","og_locale":"pt_PT","og_type":"article","og_title":"Zona Profissionais - Frigicoll","og_description":"Formul\u00e1rio de registo Ainda n\u00e3o \u00e9 utilizador? Registe-se agora:","og_url":"https:\/\/www.frigicoll.es\/pt\/acceso-profesionales\/","og_site_name":"Frigicoll Portugal","article_modified_time":"2023-05-31T13:27:42+00:00","og_image":[{"width":1600,"height":533,"url":"https:\/\/www.frigicoll.es\/pt\/wp-content\/uploads\/sites\/3\/2018\/06\/header-profesionales-final.jpg","type":"image\/jpeg"}],"twitter_card":"summary_large_image","schema":{"@context":"https:\/\/schema.org","@graph":[{"@type":"WebPage","@id":"https:\/\/www.frigicoll.es\/pt\/acceso-profesionales\/","url":"https:\/\/www.frigicoll.es\/pt\/acceso-profesionales\/","name":"Zona Profissionais - Frigicoll","isPartOf":{"@id":"https:\/\/www.frigicoll.es\/pt\/#website"},"datePublished":"2018-01-08T11:06:39+00:00","dateModified":"2023-05-31T13:27:42+00:00","breadcrumb":{"@id":"https:\/\/www.frigicoll.es\/pt\/acceso-profesionales\/#breadcrumb"},"inLanguage":"pt-PT","potentialAction":[{"@type":"ReadAction","target":["https:\/\/www.frigicoll.es\/pt\/acceso-profesionales\/"]}]},{"@type":"BreadcrumbList","@id":"https:\/\/www.frigicoll.es\/pt\/acceso-profesionales\/#breadcrumb","itemListElement":[{"@type":"ListItem","position":1,"name":"Inicio","item":"https:\/\/www.frigicoll.es\/pt\/"},{"@type":"ListItem","position":2,"name":"Zona Profissionais"}]},{"@type":"WebSite","@id":"https:\/\/www.frigicoll.es\/pt\/#website","url":"https:\/\/www.frigicoll.es\/pt\/","name":"Frigicoll Portugal","description":"Expertos en fr\u00edo industrial, climatizaci\u00f3n refrigeraci\u00f3n, electrodom\u00e9sticos, hosteler\u00eda y transporte refrigerado. Empresa con m\u00e1s de 60 a\u00f1os de experiencia.","potentialAction":[{"@type":"SearchAction","target":{"@type":"EntryPoint","urlTemplate":"https:\/\/www.frigicoll.es\/pt\/?s={search_term_string}"},"query-input":"required name=search_term_string"}],"inLanguage":"pt-PT"}]}},"_links":{"self":[{"href":"https:\/\/www.frigicoll.es\/pt\/wp-json\/wp\/v2\/pages\/2914"}],"collection":[{"href":"https:\/\/www.frigicoll.es\/pt\/wp-json\/wp\/v2\/pages"}],"about":[{"href":"https:\/\/www.frigicoll.es\/pt\/wp-json\/wp\/v2\/types\/page"}],"author":[{"embeddable":true,"href":"https:\/\/www.frigicoll.es\/pt\/wp-json\/wp\/v2\/users\/2"}],"replies":[{"embeddable":true,"href":"https:\/\/www.frigicoll.es\/pt\/wp-json\/wp\/v2\/comments?post=2914"}],"version-history":[{"count":6,"href":"https:\/\/www.frigicoll.es\/pt\/wp-json\/wp\/v2\/pages\/2914\/revisions"}],"predecessor-version":[{"id":7269,"href":"https:\/\/www.frigicoll.es\/pt\/wp-json\/wp\/v2\/pages\/2914\/revisions\/7269"}],"wp:featuredmedia":[{"embeddable":true,"href":"https:\/\/www.frigicoll.es\/pt\/wp-json\/wp\/v2\/media\/2502"}],"wp:attachment":[{"href":"https:\/\/www.frigicoll.es\/pt\/wp-json\/wp\/v2\/media?parent=2914"}],"curies":[{"name":"wp","href":"https:\/\/api.w.org\/{rel}","templated":true}]}}