
{"id":2910,"date":"2018-01-05T14:57:10","date_gmt":"2018-01-05T13:57:10","guid":{"rendered":"http:\/\/www.frigicoll.es\/recambios\/"},"modified":"2019-01-21T13:11:09","modified_gmt":"2019-01-21T11:11:09","slug":"divisao-de-pecas","status":"publish","type":"page","link":"https:\/\/www.frigicoll.es\/pt\/divisao-de-pecas\/","title":{"rendered":"Divis\u00e3o de Pe\u00e7as"},"content":{"rendered":"<div class=\"row\">\n<div class=\"col-md-1\"><\/div>\n<div class=\"col-md-10\">\n<p class=\"lead brand-primary\">A Frigicoll conta com a Unidade de Neg\u00f3cio de Pe\u00e7as de Reposi\u00e7\u00e3o, que tem como objetivo oferecer o melhor n\u00edvel de servi\u00e7o com entregas em 24 horas, assessoria t\u00e9cnica e atendimento telef\u00f3nico especializado por produto com a finalidade de manter o prest\u00edgio e a excel\u00eancia dos produtos representados<\/p>\n<\/div>\n<\/div>\n<section class=\"quienes-somos mt-4\">\n<h3 class=\"subtitle text-center\">Pe\u00e7as de reposi\u00e7\u00e3o originais Frigicoll:<\/h3>\n<hr class=\"ornament\" \/>\n<div class=\"row\">\n<div class=\"col-md-1\"><\/div>\n<div class=\"col-md-5\">\n<ul class=\"ul-narrow\">\n<li>Armaz\u00e9m log\u00edstico automatizado de <span class=\"lead\">2.500<\/span>m<sup>2<\/sup><\/li>\n<li><span class=\"lead\">30.000<\/span> refer\u00eancias em stock<\/li>\n<li>Entrega de <span class=\"lead\">90%<\/span> das pe\u00e7as de reposi\u00e7\u00e3o <span class=\"lead\">em menos de 48 horas<\/span><\/li>\n<\/ul>\n<\/div>\n<div class=\"col-md-5\">\n<ul class=\"ul-narrow text-large\">\n<li><span class=\"lead\">+ 200<\/span> expedi\u00e7\u00f5es di\u00e1rias<\/li>\n<li><span class=\"lead\">+ 400.000<\/span> pe\u00e7as entregues por ano<\/li>\n<\/ul>\n<\/div>\n<div class=\"col-md-1\"><\/div>\n<\/div>\n<\/section>\n<section class=\"postventa mt-4\">\n<div class=\"container certificados\" style=\"min-height: 0;\">\n<section class=\"flex-cont\">\n<div class=\"item text-large\"><img loading=\"lazy\" class=\"alignnone size-full wp-image-2270\" src=\"http:\/\/www.frigicoll.es\/portugues\/wp-content\/uploads\/sites\/3\/2018\/03\/ico-recepcion-tramit-envio.png\" alt=\"\" width=\"300\" height=\"300\" srcset=\"https:\/\/www.frigicoll.es\/pt\/wp-content\/uploads\/sites\/3\/2018\/03\/ico-recepcion-tramit-envio.png 300w, https:\/\/www.frigicoll.es\/pt\/wp-content\/uploads\/sites\/3\/2018\/03\/ico-recepcion-tramit-envio-150x150.png 150w, https:\/\/www.frigicoll.es\/pt\/wp-content\/uploads\/sites\/3\/2018\/03\/ico-recepcion-tramit-envio-210x210.png 210w\" sizes=\"(max-width: 300px) 100vw, 300px\" \/><br \/>\nRecep\u00e7\u00e3o, Processamento, Envio<br class=\"d-none d-xl-block\" \/>e Seguimento dos pedidos.<\/div>\n<div class=\"item text-large\"><img loading=\"lazy\" class=\"alignnone size-full wp-image-2271\" src=\"http:\/\/www.frigicoll.es\/wp-content\/uploads\/sites\/3\/2018\/03\/ico-suministro-documentacion.png\" alt=\"\" width=\"300\" height=\"300\" \/><br \/>\nFornecimento da documenta\u00e7\u00e3o para<br class=\"d-none d-xl-block\" \/>a identifica\u00e7\u00e3o das pe\u00e7as.<\/div>\n<div class=\"item text-large\"><img loading=\"lazy\" class=\"alignnone size-full wp-image-2272\" src=\"http:\/\/www.frigicoll.es\/wp-content\/uploads\/sites\/3\/2018\/03\/ico-asesoramiento-atencion-telefonica.png\" alt=\"\" width=\"300\" height=\"300\" \/><br \/>\nAssessoramento e Resposta<br class=\"d-none d-xl-block\" \/>telef\u00f3nica especializada.<\/div>\n<div class=\"item text-large\"><img loading=\"lazy\" class=\"alignnone size-full wp-image-2273\" src=\"http:\/\/www.frigicoll.es\/portugues\/wp-content\/uploads\/sites\/3\/2018\/03\/ico-pedidos-urgentes.png\" alt=\"\" width=\"300\" height=\"300\" srcset=\"https:\/\/www.frigicoll.es\/pt\/wp-content\/uploads\/sites\/3\/2018\/03\/ico-pedidos-urgentes.png 300w, https:\/\/www.frigicoll.es\/pt\/wp-content\/uploads\/sites\/3\/2018\/03\/ico-pedidos-urgentes-150x150.png 150w, https:\/\/www.frigicoll.es\/pt\/wp-content\/uploads\/sites\/3\/2018\/03\/ico-pedidos-urgentes-210x210.png 210w\" sizes=\"(max-width: 300px) 100vw, 300px\" \/><br \/>\nServi\u00e7o especial<br class=\"d-none d-xl-block\" \/>de pedidos urgentes.<\/div>\n<div class=\"item text-large\"><img loading=\"lazy\" class=\"alignnone size-full wp-image-2274\" src=\"http:\/\/www.frigicoll.es\/portugues\/wp-content\/uploads\/sites\/3\/2018\/03\/ico-comercializacion-herramientas.png\" alt=\"\" width=\"300\" height=\"300\" srcset=\"https:\/\/www.frigicoll.es\/pt\/wp-content\/uploads\/sites\/3\/2018\/03\/ico-comercializacion-herramientas.png 300w, https:\/\/www.frigicoll.es\/pt\/wp-content\/uploads\/sites\/3\/2018\/03\/ico-comercializacion-herramientas-150x150.png 150w, https:\/\/www.frigicoll.es\/pt\/wp-content\/uploads\/sites\/3\/2018\/03\/ico-comercializacion-herramientas-210x210.png 210w\" sizes=\"(max-width: 300px) 100vw, 300px\" \/><br \/>\nComercializa\u00e7\u00e3o de<br class=\"d-none d-xl-block\" \/>Ferramentas e Acess\u00f3rios.<\/div>\n<\/section>\n<p><!--flex-cont--><\/p>\n<div class=\"row mt-5\">\n<div class=\"col-md-12 quienes-somos text-center\">\n<h3 class=\"subtitle\">Loja online<\/h3>\n<hr class=\"ornament\" \/>\n<\/div>\n<div class=\"col-md-1\"><\/div>\n<div class=\"col-md-2 text-center\"><\/div>\n<div class=\"col-md-8\">Pomos \u00e0 sua disposi\u00e7\u00e3o uma loja online \/ market onde comercializamos a nossa gama completa de pe\u00e7as de reposi\u00e7\u00e3o originais e onde poder\u00e1 consultar pre\u00e7os, descontos, os desmantelamentos das nossas m\u00e1quinas, prazos de entrega, hist\u00f3rico das suas encomendas e onde poder\u00e1 consultar as nossas ofertas.<br \/>\nAceda \u00e0 nossa loja online:\u00a0<a class=\"text-bold\" href=\"http:\/\/market.frigicoll.es\"><strong>market.frigicoll.es<\/strong><\/a><\/div>\n<div class=\"col-md-1\"><\/div>\n<\/div>\n<\/div>\n<\/section>\n<p><!--postventa--><\/p>\n","protected":false},"excerpt":{"rendered":"<p>A Frigicoll conta com a Unidade de Neg\u00f3cio de Pe\u00e7as de Reposi\u00e7\u00e3o, que tem como objetivo oferecer o melhor n\u00edvel de servi\u00e7o com entregas em 24 horas, assessoria t\u00e9cnica e atendimento telef\u00f3nico especializado por produto com a finalidade de manter o prest\u00edgio e a excel\u00eancia dos produtos representados Pe\u00e7as de reposi\u00e7\u00e3o originais Frigicoll: Armaz\u00e9m log\u00edstico&#8230;&nbsp; <a class=\"readmore\" href=\"https:\/\/www.frigicoll.es\/pt\/divisao-de-pecas\/\"><span>Leer m\u00e1s<\/span> <i class=\"fa fa-chevron-right\"><\/i><\/a><\/p>\n","protected":false},"author":2,"featured_media":1704,"parent":0,"menu_order":0,"comment_status":"closed","ping_status":"closed","template":"template-recambios.php","meta":{"_relevanssi_hide_post":"","_relevanssi_pin_for_all":"","_relevanssi_pin_keywords":"","_relevanssi_unpin_keywords":"","_relevanssi_related_keywords":"","_relevanssi_related_include_ids":"","_relevanssi_related_exclude_ids":"","_relevanssi_related_no_append":"","_relevanssi_related_not_related":"","_relevanssi_related_posts":"","_relevanssi_noindex_reason":""},"acf":[],"yoast_head":"<!-- This site is optimized with the Yoast SEO plugin v19.13 - https:\/\/yoast.com\/wordpress\/plugins\/seo\/ -->\n<title>Divis\u00e3o de Pe\u00e7as - Frigicoll<\/title>\n<meta name=\"robots\" content=\"index, follow, max-snippet:-1, max-image-preview:large, max-video-preview:-1\" \/>\n<link rel=\"canonical\" href=\"https:\/\/www.frigicoll.es\/pt\/divisao-de-pecas\/\" \/>\n<meta property=\"og:locale\" content=\"pt_PT\" \/>\n<meta property=\"og:type\" content=\"article\" \/>\n<meta property=\"og:title\" content=\"Divis\u00e3o de Pe\u00e7as - Frigicoll\" \/>\n<meta property=\"og:description\" content=\"A Frigicoll conta com a Unidade de Neg\u00f3cio de Pe\u00e7as de Reposi\u00e7\u00e3o, que tem como objetivo oferecer o melhor n\u00edvel de servi\u00e7o com entregas em 24 horas, assessoria t\u00e9cnica e atendimento telef\u00f3nico especializado por produto com a finalidade de manter o prest\u00edgio e a excel\u00eancia dos produtos representados Pe\u00e7as de reposi\u00e7\u00e3o originais Frigicoll: Armaz\u00e9m log\u00edstico...&nbsp; Leer m\u00e1s\" \/>\n<meta property=\"og:url\" content=\"https:\/\/www.frigicoll.es\/pt\/divisao-de-pecas\/\" \/>\n<meta property=\"og:site_name\" content=\"Frigicoll Portugal\" \/>\n<meta property=\"article:modified_time\" content=\"2019-01-21T11:11:09+00:00\" \/>\n<meta property=\"og:image\" content=\"https:\/\/www.frigicoll.es\/pt\/wp-content\/uploads\/sites\/3\/2018\/01\/recambios-header1.jpg\" \/>\n\t<meta property=\"og:image:width\" content=\"1920\" \/>\n\t<meta property=\"og:image:height\" content=\"640\" \/>\n\t<meta property=\"og:image:type\" content=\"image\/jpeg\" \/>\n<meta name=\"twitter:card\" content=\"summary_large_image\" \/>\n<meta name=\"twitter:label1\" content=\"Tempo estimado de leitura\" \/>\n\t<meta name=\"twitter:data1\" content=\"1 minuto\" \/>\n<script type=\"application\/ld+json\" class=\"yoast-schema-graph\">{\"@context\":\"https:\/\/schema.org\",\"@graph\":[{\"@type\":\"WebPage\",\"@id\":\"https:\/\/www.frigicoll.es\/pt\/divisao-de-pecas\/\",\"url\":\"https:\/\/www.frigicoll.es\/pt\/divisao-de-pecas\/\",\"name\":\"Divis\u00e3o de Pe\u00e7as - Frigicoll\",\"isPartOf\":{\"@id\":\"https:\/\/www.frigicoll.es\/pt\/#website\"},\"datePublished\":\"2018-01-05T13:57:10+00:00\",\"dateModified\":\"2019-01-21T11:11:09+00:00\",\"breadcrumb\":{\"@id\":\"https:\/\/www.frigicoll.es\/pt\/divisao-de-pecas\/#breadcrumb\"},\"inLanguage\":\"pt-PT\",\"potentialAction\":[{\"@type\":\"ReadAction\",\"target\":[\"https:\/\/www.frigicoll.es\/pt\/divisao-de-pecas\/\"]}]},{\"@type\":\"BreadcrumbList\",\"@id\":\"https:\/\/www.frigicoll.es\/pt\/divisao-de-pecas\/#breadcrumb\",\"itemListElement\":[{\"@type\":\"ListItem\",\"position\":1,\"name\":\"Inicio\",\"item\":\"https:\/\/www.frigicoll.es\/pt\/\"},{\"@type\":\"ListItem\",\"position\":2,\"name\":\"Divis\u00e3o de Pe\u00e7as\"}]},{\"@type\":\"WebSite\",\"@id\":\"https:\/\/www.frigicoll.es\/pt\/#website\",\"url\":\"https:\/\/www.frigicoll.es\/pt\/\",\"name\":\"Frigicoll Portugal\",\"description\":\"Expertos en fr\u00edo industrial, climatizaci\u00f3n refrigeraci\u00f3n, electrodom\u00e9sticos, hosteler\u00eda y transporte refrigerado. Empresa con m\u00e1s de 60 a\u00f1os de experiencia.\",\"potentialAction\":[{\"@type\":\"SearchAction\",\"target\":{\"@type\":\"EntryPoint\",\"urlTemplate\":\"https:\/\/www.frigicoll.es\/pt\/?s={search_term_string}\"},\"query-input\":\"required name=search_term_string\"}],\"inLanguage\":\"pt-PT\"}]}<\/script>\n<!-- \/ Yoast SEO plugin. -->","yoast_head_json":{"title":"Divis\u00e3o de Pe\u00e7as - Frigicoll","robots":{"index":"index","follow":"follow","max-snippet":"max-snippet:-1","max-image-preview":"max-image-preview:large","max-video-preview":"max-video-preview:-1"},"canonical":"https:\/\/www.frigicoll.es\/pt\/divisao-de-pecas\/","og_locale":"pt_PT","og_type":"article","og_title":"Divis\u00e3o de Pe\u00e7as - Frigicoll","og_description":"A Frigicoll conta com a Unidade de Neg\u00f3cio de Pe\u00e7as de Reposi\u00e7\u00e3o, que tem como objetivo oferecer o melhor n\u00edvel de servi\u00e7o com entregas em 24 horas, assessoria t\u00e9cnica e atendimento telef\u00f3nico especializado por produto com a finalidade de manter o prest\u00edgio e a excel\u00eancia dos produtos representados Pe\u00e7as de reposi\u00e7\u00e3o originais Frigicoll: Armaz\u00e9m log\u00edstico...&nbsp; Leer m\u00e1s","og_url":"https:\/\/www.frigicoll.es\/pt\/divisao-de-pecas\/","og_site_name":"Frigicoll Portugal","article_modified_time":"2019-01-21T11:11:09+00:00","og_image":[{"width":1920,"height":640,"url":"https:\/\/www.frigicoll.es\/pt\/wp-content\/uploads\/sites\/3\/2018\/01\/recambios-header1.jpg","type":"image\/jpeg"}],"twitter_card":"summary_large_image","twitter_misc":{"Tempo estimado de leitura":"1 minuto"},"schema":{"@context":"https:\/\/schema.org","@graph":[{"@type":"WebPage","@id":"https:\/\/www.frigicoll.es\/pt\/divisao-de-pecas\/","url":"https:\/\/www.frigicoll.es\/pt\/divisao-de-pecas\/","name":"Divis\u00e3o de Pe\u00e7as - Frigicoll","isPartOf":{"@id":"https:\/\/www.frigicoll.es\/pt\/#website"},"datePublished":"2018-01-05T13:57:10+00:00","dateModified":"2019-01-21T11:11:09+00:00","breadcrumb":{"@id":"https:\/\/www.frigicoll.es\/pt\/divisao-de-pecas\/#breadcrumb"},"inLanguage":"pt-PT","potentialAction":[{"@type":"ReadAction","target":["https:\/\/www.frigicoll.es\/pt\/divisao-de-pecas\/"]}]},{"@type":"BreadcrumbList","@id":"https:\/\/www.frigicoll.es\/pt\/divisao-de-pecas\/#breadcrumb","itemListElement":[{"@type":"ListItem","position":1,"name":"Inicio","item":"https:\/\/www.frigicoll.es\/pt\/"},{"@type":"ListItem","position":2,"name":"Divis\u00e3o de Pe\u00e7as"}]},{"@type":"WebSite","@id":"https:\/\/www.frigicoll.es\/pt\/#website","url":"https:\/\/www.frigicoll.es\/pt\/","name":"Frigicoll Portugal","description":"Expertos en fr\u00edo industrial, climatizaci\u00f3n refrigeraci\u00f3n, electrodom\u00e9sticos, hosteler\u00eda y transporte refrigerado. Empresa con m\u00e1s de 60 a\u00f1os de experiencia.","potentialAction":[{"@type":"SearchAction","target":{"@type":"EntryPoint","urlTemplate":"https:\/\/www.frigicoll.es\/pt\/?s={search_term_string}"},"query-input":"required name=search_term_string"}],"inLanguage":"pt-PT"}]}},"_links":{"self":[{"href":"https:\/\/www.frigicoll.es\/pt\/wp-json\/wp\/v2\/pages\/2910"}],"collection":[{"href":"https:\/\/www.frigicoll.es\/pt\/wp-json\/wp\/v2\/pages"}],"about":[{"href":"https:\/\/www.frigicoll.es\/pt\/wp-json\/wp\/v2\/types\/page"}],"author":[{"embeddable":true,"href":"https:\/\/www.frigicoll.es\/pt\/wp-json\/wp\/v2\/users\/2"}],"replies":[{"embeddable":true,"href":"https:\/\/www.frigicoll.es\/pt\/wp-json\/wp\/v2\/comments?post=2910"}],"version-history":[{"count":12,"href":"https:\/\/www.frigicoll.es\/pt\/wp-json\/wp\/v2\/pages\/2910\/revisions"}],"predecessor-version":[{"id":7107,"href":"https:\/\/www.frigicoll.es\/pt\/wp-json\/wp\/v2\/pages\/2910\/revisions\/7107"}],"wp:featuredmedia":[{"embeddable":true,"href":"https:\/\/www.frigicoll.es\/pt\/wp-json\/wp\/v2\/media\/1704"}],"wp:attachment":[{"href":"https:\/\/www.frigicoll.es\/pt\/wp-json\/wp\/v2\/media?parent=2910"}],"curies":[{"name":"wp","href":"https:\/\/api.w.org\/{rel}","templated":true}]}}