
{"id":2906,"date":"2018-01-05T14:54:44","date_gmt":"2018-01-05T13:54:44","guid":{"rendered":"http:\/\/www.frigicoll.es\/postventa\/"},"modified":"2019-01-07T15:08:03","modified_gmt":"2019-01-07T13:08:03","slug":"postventa","status":"publish","type":"page","link":"https:\/\/www.frigicoll.es\/pt\/postventa\/","title":{"rendered":"P\u00f3s-venda"},"content":{"rendered":"<p>Para assegurar a qualidade de servi\u00e7o ao longo de toda a sua cadeia de valor, a Frigicoll conta com uma \u00e1rea de p\u00f3s-venda com uma equipa t\u00e9cnica altamente especializada, para favorecer a resolu\u00e7\u00e3o \u00e1gil e eficaz de qualquer incid\u00eancia.<\/p>\n","protected":false},"excerpt":{"rendered":"<p>Para assegurar a qualidade de servi\u00e7o ao longo de toda a sua cadeia de valor, a Frigicoll conta com uma \u00e1rea de p\u00f3s-venda com uma equipa t\u00e9cnica altamente especializada, para favorecer a resolu\u00e7\u00e3o \u00e1gil e eficaz de qualquer incid\u00eancia.<\/p>\n","protected":false},"author":2,"featured_media":1662,"parent":0,"menu_order":0,"comment_status":"closed","ping_status":"closed","template":"template-post-venta.php","meta":{"_relevanssi_hide_post":"","_relevanssi_pin_for_all":"","_relevanssi_pin_keywords":"","_relevanssi_unpin_keywords":"","_relevanssi_related_keywords":"","_relevanssi_related_include_ids":"","_relevanssi_related_exclude_ids":"","_relevanssi_related_no_append":"","_relevanssi_related_not_related":"","_relevanssi_related_posts":"","_relevanssi_noindex_reason":""},"acf":[],"yoast_head":"<!-- This site is optimized with the Yoast SEO plugin v19.13 - https:\/\/yoast.com\/wordpress\/plugins\/seo\/ -->\n<title>P\u00f3s-venda - Frigicoll<\/title>\n<meta name=\"robots\" content=\"index, follow, max-snippet:-1, max-image-preview:large, max-video-preview:-1\" \/>\n<link rel=\"canonical\" href=\"https:\/\/www.frigicoll.es\/pt\/postventa\/\" \/>\n<meta property=\"og:locale\" content=\"pt_PT\" \/>\n<meta property=\"og:type\" content=\"article\" \/>\n<meta property=\"og:title\" content=\"P\u00f3s-venda - Frigicoll\" \/>\n<meta property=\"og:description\" content=\"Para assegurar a qualidade de servi\u00e7o ao longo de toda a sua cadeia de valor, a Frigicoll conta com uma \u00e1rea de p\u00f3s-venda com uma equipa t\u00e9cnica altamente especializada, para favorecer a resolu\u00e7\u00e3o \u00e1gil e eficaz de qualquer incid\u00eancia.\" \/>\n<meta property=\"og:url\" content=\"https:\/\/www.frigicoll.es\/pt\/postventa\/\" \/>\n<meta property=\"og:site_name\" content=\"Frigicoll Portugal\" \/>\n<meta property=\"article:modified_time\" content=\"2019-01-07T13:08:03+00:00\" \/>\n<meta property=\"og:image\" content=\"https:\/\/www.frigicoll.es\/pt\/wp-content\/uploads\/sites\/3\/2018\/01\/postventa-header-transporte.jpg\" \/>\n\t<meta property=\"og:image:width\" content=\"1920\" \/>\n\t<meta property=\"og:image:height\" content=\"630\" \/>\n\t<meta property=\"og:image:type\" content=\"image\/jpeg\" \/>\n<meta name=\"twitter:card\" content=\"summary_large_image\" \/>\n<script type=\"application\/ld+json\" class=\"yoast-schema-graph\">{\"@context\":\"https:\/\/schema.org\",\"@graph\":[{\"@type\":\"WebPage\",\"@id\":\"https:\/\/www.frigicoll.es\/pt\/postventa\/\",\"url\":\"https:\/\/www.frigicoll.es\/pt\/postventa\/\",\"name\":\"P\u00f3s-venda - Frigicoll\",\"isPartOf\":{\"@id\":\"https:\/\/www.frigicoll.es\/pt\/#website\"},\"datePublished\":\"2018-01-05T13:54:44+00:00\",\"dateModified\":\"2019-01-07T13:08:03+00:00\",\"breadcrumb\":{\"@id\":\"https:\/\/www.frigicoll.es\/pt\/postventa\/#breadcrumb\"},\"inLanguage\":\"pt-PT\",\"potentialAction\":[{\"@type\":\"ReadAction\",\"target\":[\"https:\/\/www.frigicoll.es\/pt\/postventa\/\"]}]},{\"@type\":\"BreadcrumbList\",\"@id\":\"https:\/\/www.frigicoll.es\/pt\/postventa\/#breadcrumb\",\"itemListElement\":[{\"@type\":\"ListItem\",\"position\":1,\"name\":\"Inicio\",\"item\":\"https:\/\/www.frigicoll.es\/pt\/\"},{\"@type\":\"ListItem\",\"position\":2,\"name\":\"P\u00f3s-venda\"}]},{\"@type\":\"WebSite\",\"@id\":\"https:\/\/www.frigicoll.es\/pt\/#website\",\"url\":\"https:\/\/www.frigicoll.es\/pt\/\",\"name\":\"Frigicoll Portugal\",\"description\":\"Expertos en fr\u00edo industrial, climatizaci\u00f3n refrigeraci\u00f3n, electrodom\u00e9sticos, hosteler\u00eda y transporte refrigerado. Empresa con m\u00e1s de 60 a\u00f1os de experiencia.\",\"potentialAction\":[{\"@type\":\"SearchAction\",\"target\":{\"@type\":\"EntryPoint\",\"urlTemplate\":\"https:\/\/www.frigicoll.es\/pt\/?s={search_term_string}\"},\"query-input\":\"required name=search_term_string\"}],\"inLanguage\":\"pt-PT\"}]}<\/script>\n<!-- \/ Yoast SEO plugin. -->","yoast_head_json":{"title":"P\u00f3s-venda - Frigicoll","robots":{"index":"index","follow":"follow","max-snippet":"max-snippet:-1","max-image-preview":"max-image-preview:large","max-video-preview":"max-video-preview:-1"},"canonical":"https:\/\/www.frigicoll.es\/pt\/postventa\/","og_locale":"pt_PT","og_type":"article","og_title":"P\u00f3s-venda - Frigicoll","og_description":"Para assegurar a qualidade de servi\u00e7o ao longo de toda a sua cadeia de valor, a Frigicoll conta com uma \u00e1rea de p\u00f3s-venda com uma equipa t\u00e9cnica altamente especializada, para favorecer a resolu\u00e7\u00e3o \u00e1gil e eficaz de qualquer incid\u00eancia.","og_url":"https:\/\/www.frigicoll.es\/pt\/postventa\/","og_site_name":"Frigicoll Portugal","article_modified_time":"2019-01-07T13:08:03+00:00","og_image":[{"width":1920,"height":630,"url":"https:\/\/www.frigicoll.es\/pt\/wp-content\/uploads\/sites\/3\/2018\/01\/postventa-header-transporte.jpg","type":"image\/jpeg"}],"twitter_card":"summary_large_image","schema":{"@context":"https:\/\/schema.org","@graph":[{"@type":"WebPage","@id":"https:\/\/www.frigicoll.es\/pt\/postventa\/","url":"https:\/\/www.frigicoll.es\/pt\/postventa\/","name":"P\u00f3s-venda - Frigicoll","isPartOf":{"@id":"https:\/\/www.frigicoll.es\/pt\/#website"},"datePublished":"2018-01-05T13:54:44+00:00","dateModified":"2019-01-07T13:08:03+00:00","breadcrumb":{"@id":"https:\/\/www.frigicoll.es\/pt\/postventa\/#breadcrumb"},"inLanguage":"pt-PT","potentialAction":[{"@type":"ReadAction","target":["https:\/\/www.frigicoll.es\/pt\/postventa\/"]}]},{"@type":"BreadcrumbList","@id":"https:\/\/www.frigicoll.es\/pt\/postventa\/#breadcrumb","itemListElement":[{"@type":"ListItem","position":1,"name":"Inicio","item":"https:\/\/www.frigicoll.es\/pt\/"},{"@type":"ListItem","position":2,"name":"P\u00f3s-venda"}]},{"@type":"WebSite","@id":"https:\/\/www.frigicoll.es\/pt\/#website","url":"https:\/\/www.frigicoll.es\/pt\/","name":"Frigicoll Portugal","description":"Expertos en fr\u00edo industrial, climatizaci\u00f3n refrigeraci\u00f3n, electrodom\u00e9sticos, hosteler\u00eda y transporte refrigerado. Empresa con m\u00e1s de 60 a\u00f1os de experiencia.","potentialAction":[{"@type":"SearchAction","target":{"@type":"EntryPoint","urlTemplate":"https:\/\/www.frigicoll.es\/pt\/?s={search_term_string}"},"query-input":"required name=search_term_string"}],"inLanguage":"pt-PT"}]}},"_links":{"self":[{"href":"https:\/\/www.frigicoll.es\/pt\/wp-json\/wp\/v2\/pages\/2906"}],"collection":[{"href":"https:\/\/www.frigicoll.es\/pt\/wp-json\/wp\/v2\/pages"}],"about":[{"href":"https:\/\/www.frigicoll.es\/pt\/wp-json\/wp\/v2\/types\/page"}],"author":[{"embeddable":true,"href":"https:\/\/www.frigicoll.es\/pt\/wp-json\/wp\/v2\/users\/2"}],"replies":[{"embeddable":true,"href":"https:\/\/www.frigicoll.es\/pt\/wp-json\/wp\/v2\/comments?post=2906"}],"version-history":[{"count":5,"href":"https:\/\/www.frigicoll.es\/pt\/wp-json\/wp\/v2\/pages\/2906\/revisions"}],"predecessor-version":[{"id":6018,"href":"https:\/\/www.frigicoll.es\/pt\/wp-json\/wp\/v2\/pages\/2906\/revisions\/6018"}],"wp:featuredmedia":[{"embeddable":true,"href":"https:\/\/www.frigicoll.es\/pt\/wp-json\/wp\/v2\/media\/1662"}],"wp:attachment":[{"href":"https:\/\/www.frigicoll.es\/pt\/wp-json\/wp\/v2\/media?parent=2906"}],"curies":[{"name":"wp","href":"https:\/\/api.w.org\/{rel}","templated":true}]}}