
{"id":2899,"date":"2017-12-12T12:28:24","date_gmt":"2017-12-12T11:28:24","guid":{"rendered":"http:\/\/www.frigicoll.es\/contacto\/"},"modified":"2018-11-16T13:29:23","modified_gmt":"2018-11-16T11:29:23","slug":"contato","status":"publish","type":"page","link":"https:\/\/www.frigicoll.es\/pt\/contato\/","title":{"rendered":"Contato"},"content":{"rendered":"<div class=\"registerform\"><div role=\"form\" class=\"wpcf7\" id=\"wpcf7-f5978-o1\" lang=\"es-ES\" dir=\"ltr\">\n<div class=\"screen-reader-response\"><p role=\"status\" aria-live=\"polite\" aria-atomic=\"true\"><\/p> <ul><\/ul><\/div>\n<form action=\"\/pt\/wp-json\/wp\/v2\/pages\/2899#wpcf7-f5978-o1\" method=\"post\" class=\"wpcf7-form init wpcf7-acceptance-as-validation\" novalidate=\"novalidate\" data-status=\"init\">\n<div style=\"display: none;\">\n<input type=\"hidden\" name=\"_wpcf7\" value=\"5978\" \/>\n<input type=\"hidden\" name=\"_wpcf7_version\" value=\"5.6.4\" \/>\n<input type=\"hidden\" name=\"_wpcf7_locale\" value=\"es_ES\" \/>\n<input type=\"hidden\" name=\"_wpcf7_unit_tag\" value=\"wpcf7-f5978-o1\" \/>\n<input type=\"hidden\" name=\"_wpcf7_container_post\" value=\"0\" \/>\n<input type=\"hidden\" name=\"_wpcf7_posted_data_hash\" value=\"\" \/>\n<input type=\"hidden\" name=\"_wpcf7_recaptcha_response\" value=\"\" \/>\n<\/div>\n<div class=\"wrap-camps\">\n<p><label> Nome (*) <span class=\"wpcf7-form-control-wrap\" data-name=\"nombre\"><input type=\"text\" name=\"nombre\" value=\"\" size=\"40\" class=\"wpcf7-form-control wpcf7-text wpcf7-validates-as-required\" aria-required=\"true\" aria-invalid=\"false\" \/><\/span> <\/label><\/p>\n<p><label> Apelidos (*) <span class=\"wpcf7-form-control-wrap\" data-name=\"apellidos\"><input type=\"text\" name=\"apellidos\" value=\"\" size=\"40\" class=\"wpcf7-form-control wpcf7-text wpcf7-validates-as-required\" aria-required=\"true\" aria-invalid=\"false\" \/><\/span> <\/label><\/p>\n<p><label> Correio electr\u00f3nico (*) <span class=\"wpcf7-form-control-wrap\" data-name=\"correo\"><input type=\"email\" name=\"correo\" value=\"\" size=\"40\" class=\"wpcf7-form-control wpcf7-text wpcf7-email wpcf7-validates-as-required wpcf7-validates-as-email\" aria-required=\"true\" aria-invalid=\"false\" \/><\/span> <\/label><\/p>\n<p><label> Telefone de contato (*) <span class=\"wpcf7-form-control-wrap\" data-name=\"telefono\"><input type=\"tel\" name=\"telefono\" value=\"\" size=\"40\" class=\"wpcf7-form-control wpcf7-text wpcf7-tel wpcf7-validates-as-required wpcf7-validates-as-tel\" aria-required=\"true\" aria-invalid=\"false\" \/><\/span> <\/label><\/p>\n<p><label for=\"idProvincia\">Distritos (*)<\/label><br \/>\n<span class=\"wpcf7-form-control-wrap\" data-name=\"provincies\"><select name=\"provincies\" class=\"wpcf7-form-control wpcf7-select wpcf7-validates-as-required\" id=\"idProvincia\" aria-required=\"true\" aria-invalid=\"false\"><option value=\"\">---<\/option><option value=\"Aveiro\">Aveiro<\/option><option value=\"Beja\">Beja<\/option><option value=\"Braga\">Braga<\/option><option value=\"Bragan\u00e7a\">Bragan\u00e7a<\/option><option value=\"Castelo Branco\">Castelo Branco<\/option><option value=\"Coimbra\">Coimbra<\/option><option value=\"Evora\">Evora<\/option><option value=\"Faro\">Faro<\/option><option value=\"Guarda\">Guarda<\/option><option value=\"Leiria\">Leiria<\/option><option value=\"Lisboa\">Lisboa<\/option><option value=\"Oporto\">Oporto<\/option><option value=\"Portalegre\">Portalegre<\/option><option value=\"Santarem\">Santarem<\/option><option value=\"Setubal\">Setubal<\/option><option value=\"Viana do Castelo\">Viana do Castelo<\/option><option value=\"Villa Real\">Villa Real<\/option><option value=\"Viseu\">Viseu<\/option><\/select><\/span><br \/>\n<label for=\"idDivision\" style=\"margin-top:15px\">Unidade de neg\u00f3cios<\/label><br \/>\n<span class=\"wpcf7-form-control-wrap\" data-name=\"divisiones\"><select name=\"divisiones\" class=\"wpcf7-form-control wpcf7-select wpcf7-validates-as-required\" id=\"idDivision\" aria-required=\"true\" aria-invalid=\"false\"><option value=\"\">---<\/option><option value=\"Refrigera\u00e7\u00e3o \/ Transporte\">Refrigera\u00e7\u00e3o \/ Transporte<\/option><option value=\"Refrigera\u00e7\u00e3o\">Refrigera\u00e7\u00e3o<\/option><option value=\"Hotelaria\">Hotelaria<\/option><option value=\"Climatiza\u00e7\u00e3o\">Climatiza\u00e7\u00e3o<\/option><option value=\"Electrodom\u00e9sticos\">Electrodom\u00e9sticos<\/option><\/select><\/span><br \/>\n<label for=\"idTipoConsulta\" style=\"margin-top:15px\">Tipo de consultas<\/label><br \/>\n<span class=\"wpcf7-form-control-wrap\" data-name=\"tipoconsulta\"><select name=\"tipoconsulta\" class=\"wpcf7-form-control wpcf7-select wpcf7-validates-as-required\" id=\"idTipoConsulta\" aria-required=\"true\" aria-invalid=\"false\"><option value=\"\">---<\/option><option value=\"Comercial\">Comercial<\/option><option value=\"T\u00e9cnica\">T\u00e9cnica<\/option><\/select><\/span><br \/>\n<label style=\"margin-top:15px;opacity:.5;display:none\"><span class=\"wpcf7-form-control-wrap\" data-name=\"email-destino\"><input type=\"email\" name=\"email-destino\" value=\"frigicoll@frigicoll.es\" size=\"40\" class=\"wpcf7-form-control wpcf7-text wpcf7-email wpcf7-validates-as-email\" readonly=\"readonly\" aria-invalid=\"false\" \/><\/span><\/label><br \/>\n<label style=\"margin-top:15px\"> Observa\u00e7\u00f5es<br \/>\n    <span class=\"wpcf7-form-control-wrap\" data-name=\"observaciones\"><textarea name=\"observaciones\" cols=\"40\" rows=\"10\" class=\"wpcf7-form-control wpcf7-textarea\" aria-invalid=\"false\"><\/textarea><\/span> <\/label>\n<\/div>\n<p class=\"mb-0 accept-policy\"><span class=\"wpcf7-form-control-wrap\" data-name=\"acceptance-policy\"><span class=\"wpcf7-form-control wpcf7-acceptance\"><span class=\"wpcf7-list-item\"><label><input type=\"checkbox\" name=\"acceptance-policy\" value=\"1\" aria-invalid=\"false\" \/><span class=\"wpcf7-list-item-label\">Aceito as condi\u00e7\u00f5es de uso e a <a href=\"http:\/\/www.frigicoll.es\/pt\/privacidade\/\">pol\u00edtica de privacidade<\/a><\/span><\/label><\/span><\/span><\/span><\/p>\n<p class=\"mb-0\"><span class=\"wpcf7-form-control-wrap\" data-name=\"aceptar-publicidad\"><span class=\"wpcf7-form-control wpcf7-checkbox\"><span class=\"wpcf7-list-item first last\"><input type=\"checkbox\" name=\"aceptar-publicidad[]\" value=\"Dou o meu consentimento \u00e0 Frigicoll S.A. para o envio de novidades e\/ou promo\u00e7\u00f5es de produtos\" \/><span class=\"wpcf7-list-item-label\">Dou o meu consentimento \u00e0 Frigicoll S.A. para o envio de novidades e\/ou promo\u00e7\u00f5es de produtos<\/span><\/span><\/span><\/span><\/p>\n<p class=\"text-right submit-container mt-3\">\n<input type=\"submit\" value=\"ENVIAR\" class=\"wpcf7-form-control has-spinner wpcf7-submit btn btn-primary\" \/>\n<\/p>\n<\/div>\n<p style=\"display: none !important;\" class=\"akismet-fields-container\" data-prefix=\"_wpcf7_ak_\"><label>&#916;<textarea name=\"_wpcf7_ak_hp_textarea\" cols=\"45\" rows=\"8\" maxlength=\"100\"><\/textarea><\/label><input type=\"hidden\" id=\"ak_js_1\" name=\"_wpcf7_ak_js\" value=\"240\"\/><script>document.getElementById( \"ak_js_1\" ).setAttribute( \"value\", ( new Date() ).getTime() );<\/script><\/p><div class=\"wpcf7-response-output\" aria-hidden=\"true\"><\/div><\/form><\/div><\/div>\n","protected":false},"excerpt":{"rendered":"","protected":false},"author":2,"featured_media":1146,"parent":0,"menu_order":0,"comment_status":"closed","ping_status":"closed","template":"page-tmpl-contacto.php","meta":{"_relevanssi_hide_post":"","_relevanssi_pin_for_all":"","_relevanssi_pin_keywords":"","_relevanssi_unpin_keywords":"","_relevanssi_related_keywords":"","_relevanssi_related_include_ids":"","_relevanssi_related_exclude_ids":"","_relevanssi_related_no_append":"","_relevanssi_related_not_related":"","_relevanssi_related_posts":"","_relevanssi_noindex_reason":""},"acf":[],"yoast_head":"<!-- This site is optimized with the Yoast SEO plugin v19.13 - https:\/\/yoast.com\/wordpress\/plugins\/seo\/ -->\n<title>Contato - Frigicoll<\/title>\n<meta name=\"robots\" content=\"index, follow, max-snippet:-1, max-image-preview:large, max-video-preview:-1\" \/>\n<link rel=\"canonical\" href=\"https:\/\/www.frigicoll.es\/pt\/contato\/\" \/>\n<meta property=\"og:locale\" content=\"pt_PT\" \/>\n<meta property=\"og:type\" content=\"article\" \/>\n<meta property=\"og:title\" content=\"Contato - Frigicoll\" \/>\n<meta property=\"og:url\" content=\"https:\/\/www.frigicoll.es\/pt\/contato\/\" \/>\n<meta property=\"og:site_name\" content=\"Frigicoll Portugal\" \/>\n<meta property=\"article:modified_time\" content=\"2018-11-16T11:29:23+00:00\" \/>\n<meta property=\"og:image\" content=\"https:\/\/www.frigicoll.es\/pt\/wp-content\/uploads\/sites\/3\/2017\/12\/Frigicoll-Contacto-header-img.jpg\" \/>\n\t<meta property=\"og:image:width\" content=\"1920\" \/>\n\t<meta property=\"og:image:height\" content=\"640\" \/>\n\t<meta property=\"og:image:type\" content=\"image\/jpeg\" \/>\n<meta name=\"twitter:card\" content=\"summary_large_image\" \/>\n<script type=\"application\/ld+json\" class=\"yoast-schema-graph\">{\"@context\":\"https:\/\/schema.org\",\"@graph\":[{\"@type\":\"WebPage\",\"@id\":\"https:\/\/www.frigicoll.es\/pt\/contato\/\",\"url\":\"https:\/\/www.frigicoll.es\/pt\/contato\/\",\"name\":\"Contato - Frigicoll\",\"isPartOf\":{\"@id\":\"https:\/\/www.frigicoll.es\/pt\/#website\"},\"datePublished\":\"2017-12-12T11:28:24+00:00\",\"dateModified\":\"2018-11-16T11:29:23+00:00\",\"breadcrumb\":{\"@id\":\"https:\/\/www.frigicoll.es\/pt\/contato\/#breadcrumb\"},\"inLanguage\":\"pt-PT\",\"potentialAction\":[{\"@type\":\"ReadAction\",\"target\":[\"https:\/\/www.frigicoll.es\/pt\/contato\/\"]}]},{\"@type\":\"BreadcrumbList\",\"@id\":\"https:\/\/www.frigicoll.es\/pt\/contato\/#breadcrumb\",\"itemListElement\":[{\"@type\":\"ListItem\",\"position\":1,\"name\":\"Inicio\",\"item\":\"https:\/\/www.frigicoll.es\/pt\/\"},{\"@type\":\"ListItem\",\"position\":2,\"name\":\"Contato\"}]},{\"@type\":\"WebSite\",\"@id\":\"https:\/\/www.frigicoll.es\/pt\/#website\",\"url\":\"https:\/\/www.frigicoll.es\/pt\/\",\"name\":\"Frigicoll Portugal\",\"description\":\"Expertos en fr\u00edo industrial, climatizaci\u00f3n refrigeraci\u00f3n, electrodom\u00e9sticos, hosteler\u00eda y transporte refrigerado. Empresa con m\u00e1s de 60 a\u00f1os de experiencia.\",\"potentialAction\":[{\"@type\":\"SearchAction\",\"target\":{\"@type\":\"EntryPoint\",\"urlTemplate\":\"https:\/\/www.frigicoll.es\/pt\/?s={search_term_string}\"},\"query-input\":\"required name=search_term_string\"}],\"inLanguage\":\"pt-PT\"}]}<\/script>\n<!-- \/ Yoast SEO plugin. -->","yoast_head_json":{"title":"Contato - Frigicoll","robots":{"index":"index","follow":"follow","max-snippet":"max-snippet:-1","max-image-preview":"max-image-preview:large","max-video-preview":"max-video-preview:-1"},"canonical":"https:\/\/www.frigicoll.es\/pt\/contato\/","og_locale":"pt_PT","og_type":"article","og_title":"Contato - Frigicoll","og_url":"https:\/\/www.frigicoll.es\/pt\/contato\/","og_site_name":"Frigicoll Portugal","article_modified_time":"2018-11-16T11:29:23+00:00","og_image":[{"width":1920,"height":640,"url":"https:\/\/www.frigicoll.es\/pt\/wp-content\/uploads\/sites\/3\/2017\/12\/Frigicoll-Contacto-header-img.jpg","type":"image\/jpeg"}],"twitter_card":"summary_large_image","schema":{"@context":"https:\/\/schema.org","@graph":[{"@type":"WebPage","@id":"https:\/\/www.frigicoll.es\/pt\/contato\/","url":"https:\/\/www.frigicoll.es\/pt\/contato\/","name":"Contato - Frigicoll","isPartOf":{"@id":"https:\/\/www.frigicoll.es\/pt\/#website"},"datePublished":"2017-12-12T11:28:24+00:00","dateModified":"2018-11-16T11:29:23+00:00","breadcrumb":{"@id":"https:\/\/www.frigicoll.es\/pt\/contato\/#breadcrumb"},"inLanguage":"pt-PT","potentialAction":[{"@type":"ReadAction","target":["https:\/\/www.frigicoll.es\/pt\/contato\/"]}]},{"@type":"BreadcrumbList","@id":"https:\/\/www.frigicoll.es\/pt\/contato\/#breadcrumb","itemListElement":[{"@type":"ListItem","position":1,"name":"Inicio","item":"https:\/\/www.frigicoll.es\/pt\/"},{"@type":"ListItem","position":2,"name":"Contato"}]},{"@type":"WebSite","@id":"https:\/\/www.frigicoll.es\/pt\/#website","url":"https:\/\/www.frigicoll.es\/pt\/","name":"Frigicoll Portugal","description":"Expertos en fr\u00edo industrial, climatizaci\u00f3n refrigeraci\u00f3n, electrodom\u00e9sticos, hosteler\u00eda y transporte refrigerado. Empresa con m\u00e1s de 60 a\u00f1os de experiencia.","potentialAction":[{"@type":"SearchAction","target":{"@type":"EntryPoint","urlTemplate":"https:\/\/www.frigicoll.es\/pt\/?s={search_term_string}"},"query-input":"required name=search_term_string"}],"inLanguage":"pt-PT"}]}},"_links":{"self":[{"href":"https:\/\/www.frigicoll.es\/pt\/wp-json\/wp\/v2\/pages\/2899"}],"collection":[{"href":"https:\/\/www.frigicoll.es\/pt\/wp-json\/wp\/v2\/pages"}],"about":[{"href":"https:\/\/www.frigicoll.es\/pt\/wp-json\/wp\/v2\/types\/page"}],"author":[{"embeddable":true,"href":"https:\/\/www.frigicoll.es\/pt\/wp-json\/wp\/v2\/users\/2"}],"replies":[{"embeddable":true,"href":"https:\/\/www.frigicoll.es\/pt\/wp-json\/wp\/v2\/comments?post=2899"}],"version-history":[{"count":3,"href":"https:\/\/www.frigicoll.es\/pt\/wp-json\/wp\/v2\/pages\/2899\/revisions"}],"predecessor-version":[{"id":5996,"href":"https:\/\/www.frigicoll.es\/pt\/wp-json\/wp\/v2\/pages\/2899\/revisions\/5996"}],"wp:featuredmedia":[{"embeddable":true,"href":"https:\/\/www.frigicoll.es\/pt\/wp-json\/wp\/v2\/media\/1146"}],"wp:attachment":[{"href":"https:\/\/www.frigicoll.es\/pt\/wp-json\/wp\/v2\/media?parent=2899"}],"curies":[{"name":"wp","href":"https:\/\/api.w.org\/{rel}","templated":true}]}}