
{"id":2880,"date":"2017-11-07T18:19:14","date_gmt":"2017-11-07T17:19:14","guid":{"rendered":"http:\/\/www.frigicoll.es\/quienes-somos\/"},"modified":"2025-10-21T10:40:20","modified_gmt":"2025-10-21T08:40:20","slug":"quem-somos","status":"publish","type":"page","link":"https:\/\/www.frigicoll.es\/pt\/quem-somos\/","title":{"rendered":"Quem somos"},"content":{"rendered":"<div class=\"container container-special\">\n<div class=\"row\">\n<div class=\"col-12\">\n<p class=\"leading\">A FRIGICOLL \u00c9 UMA EMPRESA ESPANHOLA, COM MAIS DE 60 ANOS DE HIST\u00d3RIA, PIONEIRA NA INTRODU\u00c7\u00c3O DE SOLU\u00c7\u00d5ES TECNOL\u00d3GICAS DE MARCAS L\u00cdDERES MUNDIAIS EM DIVERSOS SETORES INDUSTRIAIS.\u00a0 NA FRIGICOLL, ELABORAMOS PROJETOS INTEGRAIS, FORNECENDO MAQUINARIA PARA O SETOR DA CLIMATIZA\u00c7\u00c3O E ENERGIA, O TRANSPORTE REFRIGERADO, A HOTELARIA E A REFRIGERA\u00c7\u00c3O, ASSIM COMO PARA O SETOR DOS ELETRODOM\u00c9STICOS.<\/p>\n<\/div>\n<\/div>\n<h2 class=\"mb-4\">Dados principais<\/h2>\n<div class=\"wrap-image text-center\"><img loading=\"lazy\" class=\"mb-5 d-none d-sm-none d-md-block alignnone wp-image-6821 size-large\" src=\"http:\/\/www.frigicoll.es\/pt\/wp-content\/uploads\/sites\/3\/2018\/10\/cifras_frigicoll_empresa_pt-1-1024x254.png\" alt=\"\" width=\"1024\" height=\"254\" srcset=\"https:\/\/www.frigicoll.es\/pt\/wp-content\/uploads\/sites\/3\/2018\/10\/cifras_frigicoll_empresa_pt-1-1024x254.png 1024w, https:\/\/www.frigicoll.es\/pt\/wp-content\/uploads\/sites\/3\/2018\/10\/cifras_frigicoll_empresa_pt-1-300x74.png 300w, https:\/\/www.frigicoll.es\/pt\/wp-content\/uploads\/sites\/3\/2018\/10\/cifras_frigicoll_empresa_pt-1-768x190.png 768w, https:\/\/www.frigicoll.es\/pt\/wp-content\/uploads\/sites\/3\/2018\/10\/cifras_frigicoll_empresa_pt-1-200x50.png 200w, https:\/\/www.frigicoll.es\/pt\/wp-content\/uploads\/sites\/3\/2018\/10\/cifras_frigicoll_empresa_pt-1.png 1280w\" sizes=\"(max-width: 1024px) 100vw, 1024px\" \/><img loading=\"lazy\" class=\"mb-5 aligncenter size-full d-md-none\" src=\"\/wp-content\/uploads\/sites\/3\/frigicoll-cifras-mobile.png\" alt=\"Cifras Frigicoll Empresa\" width=\"200\" height=\"auto\" \/><\/div>\n<div class=\"text-left mb-4\">\n<div class=\"row contents-justify\">\n<div class=\"col-12 col-lg-6\">\n<h4>Nossos valores<\/h4>\n<p>A nossa traject\u00f3ria sempre se distinguiu por aportar valor ao mercado: produtos da melhor qualidade, confian\u00e7a, proximidade e excel\u00eancia no servi\u00e7o ao cliente e uma vontade cont\u00ednua de supera\u00e7\u00e3o e inova\u00e7\u00e3o, aspectos que nos levaram a sermos uma refer\u00eancia no mercado. Com um largo historial de apresenta\u00e7\u00e3o de solu\u00e7\u00f5es premium, olhamos para o futuro com vontade de continuar a procurar novas solu\u00e7\u00f5es tecnol\u00f3gicas e sustent\u00e1veis.<\/p>\n<\/div>\n<div class=\"col-12 col-lg-6\">\n<h4>RSC<\/h4>\n<p>Um dos principais pilares da Frigicoll \u00e9 a responsabilidade social corporativa, levando a cabo a\u00e7\u00f5es baseadas no crescimento e compromisso social com os seus colaboradores, assim como a\u00e7\u00f5es que contribuem para um mundo melhor, mais justo e mais sustent\u00e1vel.<\/p>\n<\/div>\n<\/div>\n<\/div>\n<h2>Unidades\u00a0de neg\u00f3cio<\/h2>\n<hr class=\"ornament\" \/>\n<div><img loading=\"lazy\" class=\"businessUnits mb-5 d-none d-sm-none d-md-block alignnone wp-image-6816 size-large\" src=\"http:\/\/www.frigicoll.es\/pt\/wp-content\/uploads\/sites\/3\/2018\/10\/UDN-Portugues-1024x228.png\" alt=\"\" width=\"1024\" height=\"228\" srcset=\"https:\/\/www.frigicoll.es\/pt\/wp-content\/uploads\/sites\/3\/2018\/10\/UDN-Portugues-1024x228.png 1024w, https:\/\/www.frigicoll.es\/pt\/wp-content\/uploads\/sites\/3\/2018\/10\/UDN-Portugues-300x67.png 300w, https:\/\/www.frigicoll.es\/pt\/wp-content\/uploads\/sites\/3\/2018\/10\/UDN-Portugues-768x171.png 768w\" sizes=\"(max-width: 1024px) 100vw, 1024px\" \/><img loading=\"lazy\" class=\"businessUnits mt-5 mb-5 aligncenter wp-image-1566 size-large d-md-none\" src=\"http:\/\/www.frigicoll.es\/portugues\/wp-content\/uploads\/sites\/3\/2017\/11\/unidadesnegocio.png\" alt=\"Unidades de Negocios Frigicoll\" width=\"100%\" height=\"auto\" srcset=\"https:\/\/www.frigicoll.es\/pt\/wp-content\/uploads\/sites\/3\/2017\/11\/unidadesnegocio.png 2138w, https:\/\/www.frigicoll.es\/pt\/wp-content\/uploads\/sites\/3\/2017\/11\/unidadesnegocio-300x54.png 300w, https:\/\/www.frigicoll.es\/pt\/wp-content\/uploads\/sites\/3\/2017\/11\/unidadesnegocio-768x138.png 768w, https:\/\/www.frigicoll.es\/pt\/wp-content\/uploads\/sites\/3\/2017\/11\/unidadesnegocio-1024x184.png 1024w\" sizes=\"(max-width: 2138px) 100vw, 2138px\" \/><\/div>\n<h2 class=\"subtitle mb-3\">HISTORIA<\/h2>\n<hr class=\"ornament\" \/>\n<\/div>\n","protected":false},"excerpt":{"rendered":"<p>A FRIGICOLL \u00c9 UMA EMPRESA ESPANHOLA, COM MAIS DE 60 ANOS DE HIST\u00d3RIA, PIONEIRA NA INTRODU\u00c7\u00c3O DE SOLU\u00c7\u00d5ES TECNOL\u00d3GICAS DE MARCAS L\u00cdDERES MUNDIAIS EM DIVERSOS SETORES INDUSTRIAIS.\u00a0 NA FRIGICOLL, ELABORAMOS PROJETOS INTEGRAIS, FORNECENDO MAQUINARIA PARA O SETOR DA CLIMATIZA\u00c7\u00c3O E ENERGIA, O TRANSPORTE REFRIGERADO, A HOTELARIA E A REFRIGERA\u00c7\u00c3O, ASSIM COMO PARA O SETOR DOS&#8230;&nbsp; <a class=\"readmore\" href=\"https:\/\/www.frigicoll.es\/pt\/quem-somos\/\"><span>Leer m\u00e1s<\/span> <i class=\"fa fa-chevron-right\"><\/i><\/a><\/p>\n","protected":false},"author":2,"featured_media":1128,"parent":0,"menu_order":0,"comment_status":"closed","ping_status":"closed","template":"template-quienes-somos.php","meta":{"_relevanssi_hide_post":"","_relevanssi_pin_for_all":"","_relevanssi_pin_keywords":"","_relevanssi_unpin_keywords":"","_relevanssi_related_keywords":"","_relevanssi_related_include_ids":"","_relevanssi_related_exclude_ids":"","_relevanssi_related_no_append":"","_relevanssi_related_not_related":"","_relevanssi_related_posts":"","_relevanssi_noindex_reason":""},"acf":[],"yoast_head":"<!-- This site is optimized with the Yoast SEO plugin v19.13 - https:\/\/yoast.com\/wordpress\/plugins\/seo\/ -->\n<title>Quem somos - Frigicoll<\/title>\n<meta name=\"robots\" content=\"index, follow, max-snippet:-1, max-image-preview:large, max-video-preview:-1\" \/>\n<link rel=\"canonical\" href=\"https:\/\/www.frigicoll.es\/pt\/quem-somos\/\" \/>\n<meta property=\"og:locale\" content=\"pt_PT\" \/>\n<meta property=\"og:type\" content=\"article\" \/>\n<meta property=\"og:title\" content=\"Quem somos - Frigicoll\" \/>\n<meta property=\"og:description\" content=\"A FRIGICOLL \u00c9 UMA EMPRESA ESPANHOLA, COM MAIS DE 60 ANOS DE HIST\u00d3RIA, PIONEIRA NA INTRODU\u00c7\u00c3O DE SOLU\u00c7\u00d5ES TECNOL\u00d3GICAS DE MARCAS L\u00cdDERES MUNDIAIS EM DIVERSOS SETORES INDUSTRIAIS.\u00a0 NA FRIGICOLL, ELABORAMOS PROJETOS INTEGRAIS, FORNECENDO MAQUINARIA PARA O SETOR DA CLIMATIZA\u00c7\u00c3O E ENERGIA, O TRANSPORTE REFRIGERADO, A HOTELARIA E A REFRIGERA\u00c7\u00c3O, ASSIM COMO PARA O SETOR DOS...&nbsp; Leer m\u00e1s\" \/>\n<meta property=\"og:url\" content=\"https:\/\/www.frigicoll.es\/pt\/quem-somos\/\" \/>\n<meta property=\"og:site_name\" content=\"Frigicoll Portugal\" \/>\n<meta property=\"article:modified_time\" content=\"2025-10-21T08:40:20+00:00\" \/>\n<meta property=\"og:image\" content=\"https:\/\/www.frigicoll.es\/pt\/wp-content\/uploads\/sites\/3\/2017\/11\/fonsnena.jpg\" \/>\n\t<meta property=\"og:image:width\" content=\"1900\" \/>\n\t<meta property=\"og:image:height\" content=\"1267\" \/>\n\t<meta property=\"og:image:type\" content=\"image\/jpeg\" \/>\n<meta name=\"twitter:card\" content=\"summary_large_image\" \/>\n<meta name=\"twitter:label1\" content=\"Tempo estimado de leitura\" \/>\n\t<meta name=\"twitter:data1\" content=\"1 minuto\" \/>\n<script type=\"application\/ld+json\" class=\"yoast-schema-graph\">{\"@context\":\"https:\/\/schema.org\",\"@graph\":[{\"@type\":\"WebPage\",\"@id\":\"https:\/\/www.frigicoll.es\/pt\/quem-somos\/\",\"url\":\"https:\/\/www.frigicoll.es\/pt\/quem-somos\/\",\"name\":\"Quem somos - Frigicoll\",\"isPartOf\":{\"@id\":\"https:\/\/www.frigicoll.es\/pt\/#website\"},\"datePublished\":\"2017-11-07T17:19:14+00:00\",\"dateModified\":\"2025-10-21T08:40:20+00:00\",\"breadcrumb\":{\"@id\":\"https:\/\/www.frigicoll.es\/pt\/quem-somos\/#breadcrumb\"},\"inLanguage\":\"pt-PT\",\"potentialAction\":[{\"@type\":\"ReadAction\",\"target\":[\"https:\/\/www.frigicoll.es\/pt\/quem-somos\/\"]}]},{\"@type\":\"BreadcrumbList\",\"@id\":\"https:\/\/www.frigicoll.es\/pt\/quem-somos\/#breadcrumb\",\"itemListElement\":[{\"@type\":\"ListItem\",\"position\":1,\"name\":\"Inicio\",\"item\":\"https:\/\/www.frigicoll.es\/pt\/\"},{\"@type\":\"ListItem\",\"position\":2,\"name\":\"Quem somos\"}]},{\"@type\":\"WebSite\",\"@id\":\"https:\/\/www.frigicoll.es\/pt\/#website\",\"url\":\"https:\/\/www.frigicoll.es\/pt\/\",\"name\":\"Frigicoll Portugal\",\"description\":\"Expertos en fr\u00edo industrial, climatizaci\u00f3n refrigeraci\u00f3n, electrodom\u00e9sticos, hosteler\u00eda y transporte refrigerado. Empresa con m\u00e1s de 60 a\u00f1os de experiencia.\",\"potentialAction\":[{\"@type\":\"SearchAction\",\"target\":{\"@type\":\"EntryPoint\",\"urlTemplate\":\"https:\/\/www.frigicoll.es\/pt\/?s={search_term_string}\"},\"query-input\":\"required name=search_term_string\"}],\"inLanguage\":\"pt-PT\"}]}<\/script>\n<!-- \/ Yoast SEO plugin. -->","yoast_head_json":{"title":"Quem somos - Frigicoll","robots":{"index":"index","follow":"follow","max-snippet":"max-snippet:-1","max-image-preview":"max-image-preview:large","max-video-preview":"max-video-preview:-1"},"canonical":"https:\/\/www.frigicoll.es\/pt\/quem-somos\/","og_locale":"pt_PT","og_type":"article","og_title":"Quem somos - Frigicoll","og_description":"A FRIGICOLL \u00c9 UMA EMPRESA ESPANHOLA, COM MAIS DE 60 ANOS DE HIST\u00d3RIA, PIONEIRA NA INTRODU\u00c7\u00c3O DE SOLU\u00c7\u00d5ES TECNOL\u00d3GICAS DE MARCAS L\u00cdDERES MUNDIAIS EM DIVERSOS SETORES INDUSTRIAIS.\u00a0 NA FRIGICOLL, ELABORAMOS PROJETOS INTEGRAIS, FORNECENDO MAQUINARIA PARA O SETOR DA CLIMATIZA\u00c7\u00c3O E ENERGIA, O TRANSPORTE REFRIGERADO, A HOTELARIA E A REFRIGERA\u00c7\u00c3O, ASSIM COMO PARA O SETOR DOS...&nbsp; Leer m\u00e1s","og_url":"https:\/\/www.frigicoll.es\/pt\/quem-somos\/","og_site_name":"Frigicoll Portugal","article_modified_time":"2025-10-21T08:40:20+00:00","og_image":[{"width":1900,"height":1267,"url":"https:\/\/www.frigicoll.es\/pt\/wp-content\/uploads\/sites\/3\/2017\/11\/fonsnena.jpg","type":"image\/jpeg"}],"twitter_card":"summary_large_image","twitter_misc":{"Tempo estimado de leitura":"1 minuto"},"schema":{"@context":"https:\/\/schema.org","@graph":[{"@type":"WebPage","@id":"https:\/\/www.frigicoll.es\/pt\/quem-somos\/","url":"https:\/\/www.frigicoll.es\/pt\/quem-somos\/","name":"Quem somos - Frigicoll","isPartOf":{"@id":"https:\/\/www.frigicoll.es\/pt\/#website"},"datePublished":"2017-11-07T17:19:14+00:00","dateModified":"2025-10-21T08:40:20+00:00","breadcrumb":{"@id":"https:\/\/www.frigicoll.es\/pt\/quem-somos\/#breadcrumb"},"inLanguage":"pt-PT","potentialAction":[{"@type":"ReadAction","target":["https:\/\/www.frigicoll.es\/pt\/quem-somos\/"]}]},{"@type":"BreadcrumbList","@id":"https:\/\/www.frigicoll.es\/pt\/quem-somos\/#breadcrumb","itemListElement":[{"@type":"ListItem","position":1,"name":"Inicio","item":"https:\/\/www.frigicoll.es\/pt\/"},{"@type":"ListItem","position":2,"name":"Quem somos"}]},{"@type":"WebSite","@id":"https:\/\/www.frigicoll.es\/pt\/#website","url":"https:\/\/www.frigicoll.es\/pt\/","name":"Frigicoll Portugal","description":"Expertos en fr\u00edo industrial, climatizaci\u00f3n refrigeraci\u00f3n, electrodom\u00e9sticos, hosteler\u00eda y transporte refrigerado. Empresa con m\u00e1s de 60 a\u00f1os de experiencia.","potentialAction":[{"@type":"SearchAction","target":{"@type":"EntryPoint","urlTemplate":"https:\/\/www.frigicoll.es\/pt\/?s={search_term_string}"},"query-input":"required name=search_term_string"}],"inLanguage":"pt-PT"}]}},"_links":{"self":[{"href":"https:\/\/www.frigicoll.es\/pt\/wp-json\/wp\/v2\/pages\/2880"}],"collection":[{"href":"https:\/\/www.frigicoll.es\/pt\/wp-json\/wp\/v2\/pages"}],"about":[{"href":"https:\/\/www.frigicoll.es\/pt\/wp-json\/wp\/v2\/types\/page"}],"author":[{"embeddable":true,"href":"https:\/\/www.frigicoll.es\/pt\/wp-json\/wp\/v2\/users\/2"}],"replies":[{"embeddable":true,"href":"https:\/\/www.frigicoll.es\/pt\/wp-json\/wp\/v2\/comments?post=2880"}],"version-history":[{"count":13,"href":"https:\/\/www.frigicoll.es\/pt\/wp-json\/wp\/v2\/pages\/2880\/revisions"}],"predecessor-version":[{"id":6959,"href":"https:\/\/www.frigicoll.es\/pt\/wp-json\/wp\/v2\/pages\/2880\/revisions\/6959"}],"wp:featuredmedia":[{"embeddable":true,"href":"https:\/\/www.frigicoll.es\/pt\/wp-json\/wp\/v2\/media\/1128"}],"wp:attachment":[{"href":"https:\/\/www.frigicoll.es\/pt\/wp-json\/wp\/v2\/media?parent=2880"}],"curies":[{"name":"wp","href":"https:\/\/api.w.org\/{rel}","templated":true}]}}