
{"id":6164,"date":"2018-11-27T09:56:44","date_gmt":"2018-11-27T08:56:44","guid":{"rendered":"http:\/\/www.frigicoll.es\/?page_id=6164"},"modified":"2025-10-01T08:44:45","modified_gmt":"2025-10-01T07:44:45","slug":"politique-de-confidentialite","status":"publish","type":"page","link":"https:\/\/www.frigicoll.es\/fr\/politique-de-confidentialite\/","title":{"rendered":"Confidentialit\u00e9"},"content":{"rendered":"<p>L\u2019acc\u00e8s et l\u2019utilisation du site internet \u00a0<a href=\"https:\/\/www.frigicoll.es\/\">https:\/\/www.frigicoll.es\/<\/a> \u00a0(ci-apr\u00e8s \u00ab le Site \u00bb) conf\u00e8rent au visiteur la qualit\u00e9 d\u2019utilisateur (ci-apr\u00e8s \u00ab l\u2019Utilisateur \u00bb) et impliquent l\u2019acceptation sans r\u00e9serve des conditions d\u2019utilisation en vigueur.<\/p>\n<p>FRIGICOLL, S.A. (ci-apr\u00e8s \u00ab FRIGICOLL \u00bb) s\u2019engage \u00e0 traiter vos donn\u00e9es conform\u00e9ment \u00e0 la r\u00e9glementation en vigueur en mati\u00e8re de protection des donn\u00e9es personnelles. Plus pr\u00e9cis\u00e9ment, FRIGICOLL se conformera aux dispositions de la loi organique espagnole 3\/2018 du 5 d\u00e9cembre relative \u00e0 la protection des donn\u00e9es \u00e0 caract\u00e8re personnel et \u00e0 la garantie des droits num\u00e9riques (\u00ab LOPDGDD \u00bb), ainsi qu\u2019au r\u00e8glement (UE) 2016\/679 du 27 avril 2016 du Parlement europ\u00e9en et du Conseil relatif \u00e0 la protection des personnes physiques \u00e0 l\u2019\u00e9gard du traitement des donn\u00e9es \u00e0 caract\u00e8re personnel et \u00e0 la libre circulation de ces donn\u00e9es (\u00ab RGPD \u00bb), ainsi qu\u2019\u00e0 toute autre r\u00e9glementation applicable en vigueur.<\/p>\n<p>Sur cette base, FRIGICOLL informe les utilisateurs de sa politique de confidentialit\u00e9 afin de les sensibiliser au traitement de leurs donn\u00e9es, ainsi qu\u2019aux principes fondamentaux applicables en mati\u00e8re de protection des donn\u00e9es \u00e0 caract\u00e8re personnel.<\/p>\n<p>&nbsp;<\/p>\n<p>En utilisant notre site internet, l\u2019Utilisateur reconna\u00eet avoir lu et accept\u00e9 la pr\u00e9sente politique de confidentialit\u00e9 ainsi que notre <a href=\"https:\/\/www.frigicoll.es\/fr\/avertissement-legal\/\">avis l\u00e9gal.<\/a><\/p>\n<p>&nbsp;<\/p>\n<ol>\n<li>\n<h2><strong> Qui est responsable du traitement de vos donn\u00e9es ?<\/strong><\/h2>\n<\/li>\n<\/ol>\n<p>Identit\u00e9 du responsable du traitement : FRIGICOLL, S.A.<\/p>\n<p>Adresse postale : Blasco de Garay, 4-6 \u2013 08960 SANT JUST DESVERN (BARCELONE)<\/p>\n<p>NIF A08214538<\/p>\n<p>T\u00e9l\u00e9phone : +34 934803322<\/p>\n<p>Courriel : dpo@frigicoll.es<\/p>\n<p>Si vous avez des questions relatives \u00e0 la protection des donn\u00e9es, vous pouvez contacter notre D\u00e9l\u00e9gu\u00e9 \u00e0 la protection des donn\u00e9es (DPO) \u00e0 l\u2019adresse indiqu\u00e9e.<\/p>\n<p>&nbsp;<\/p>\n<ol start=\"2\">\n<li>\n<h2><strong> \u00c0 quel moment collectons-nous vos donn\u00e9es ?<\/strong><\/h2>\n<\/li>\n<\/ol>\n<p>Ce site internet est de nature informative et collecte des donn\u00e9es personnelles dans les cas suivants :<\/p>\n<p><strong>Formulaire d\u2019inscription pour les professionnels :<\/strong> un formulaire est disponible sur le site pour permettre aux utilisateurs professionnels de s\u2019inscrire et d\u2019acc\u00e9der \u00e0 des contenus sp\u00e9cifiques. Lorsque vous remplissez ce formulaire, nous vous demandons de vous identifier et de nous fournir vos coordonn\u00e9es afin de traiter votre inscription. Les champs obligatoires sont signal\u00e9s et n\u00e9cessaires \u00e0 la gestion de votre demande ; \u00e0 d\u00e9faut, votre inscription ne pourra pas \u00eatre trait\u00e9e.<\/p>\n<p><strong>Formulaire de contact ou envoi d\u2019un e-mail :<\/strong> un formulaire est disponible sur le site pour vous permettre de nous contacter afin de demander des informations et\/ou de poser des questions. Lorsque vous remplissez ce formulaire, nous vous demandons de vous identifier et de nous fournir vos coordonn\u00e9es afin de r\u00e9pondre \u00e0 votre demande. Vous pouvez \u00e9galement nous contacter directement par e-mail. Tous les points de collecte de donn\u00e9es s\u2019adressent uniquement \u00e0 l\u2019utilisateur du site et ne visent pas \u00e0 recueillir des donn\u00e9es de tiers ; les donn\u00e9es sont donc toujours fournies directement par la personne concern\u00e9e. Nous vous invitons \u00e0 ne fournir que des informations exactes, pertinentes et strictement n\u00e9cessaires.<\/p>\n<p><strong>Formulaire RH :<\/strong> un formulaire est disponible sur le site pour nous transmettre votre curriculum vitae pour les processus de s\u00e9lection en cours et\/ou futurs. Sauf indication contraire, vous ne devez pas communiquer d\u2019informations relevant de cat\u00e9gories particuli\u00e8res de donn\u00e9es (art. 9 RGPD).<\/p>\n<p><strong>Formulaire Canal de signalement :<\/strong> un formulaire est disponible sur le site pour signaler d\u2019\u00e9ventuels manquements ou violations de la r\u00e9glementation.<\/p>\n<p><strong>Cookies : <\/strong>ce site installe des cookies qui collectent des informations sur la navigation. Nous vous recommandons de lire notre politique de cookies pour obtenir des informations compl\u00e8tes \u00e0 ce sujet. Les cookies non strictement n\u00e9cessaires sont d\u00e9pos\u00e9s uniquement apr\u00e8s recueil de votre consentement via notre bandeau cookies.<\/p>\n<p>&nbsp;<\/p>\n<ol start=\"3\">\n<li>\n<h2><strong> Quelles sont les principales finalit\u00e9s du traitement de vos donn\u00e9es ?<\/strong><\/h2>\n<\/li>\n<\/ol>\n<p>Les donn\u00e9es personnelles fournies et collect\u00e9es, que ce soit via les formulaires disponibles sur le site ou par l\u2019envoi d\u2019e-mails, seront utilis\u00e9es selon le cas :<\/p>\n<p>pour traiter votre inscription en tant que professionnel ou analyser votre demande,<\/p>\n<p>pour vous contacter afin de r\u00e9pondre \u00e0 vos questions et\/ou vous fournir les informations demand\u00e9es,<\/p>\n<p>pour la gestion de votre curriculum vitae dans le cadre des processus de recrutement actuels et\/ou futurs.<\/p>\n<p>&nbsp;<\/p>\n<ol start=\"4\">\n<li>\n<h2><strong> Quelle est la base l\u00e9gale du traitement de vos donn\u00e9es ?<\/strong><\/h2>\n<\/li>\n<\/ol>\n<p>Lorsque vous envoyez un formulaire ou un e-mail, vous nous donnez votre consentement pour traiter vos donn\u00e9es personnelles dans le cadre de ce traitement sp\u00e9cifique.<\/p>\n<p>Concernant le canal de signalement, la l\u00e9gitimit\u00e9 repose sur l\u2019int\u00e9r\u00eat public et le respect d\u2019une obligation l\u00e9gale (communication \u00e0 une autorit\u00e9 comp\u00e9tente).<\/p>\n<p>Bases l\u00e9gales d\u00e9taill\u00e9es (art. 6 RGPD) :<\/p>\n<p>Inscription \u00ab professionnels \u00bb : ex\u00e9cution de mesures pr\u00e9contractuelles\/contrat (art. 6.1.b) et int\u00e9r\u00eat l\u00e9gitime (art. 6.1.f) \u00e0 g\u00e9rer l\u2019acc\u00e8s aux contenus,<\/p>\n<p>Formulaire de contact : int\u00e9r\u00eat l\u00e9gitime \u00e0 r\u00e9pondre \u00e0 vos demandes (art. 6.1.f),<\/p>\n<p>Recrutement (formulaire RH) : ex\u00e9cution de mesures pr\u00e9contractuelles (art. 6.1.b) et int\u00e9r\u00eat l\u00e9gitime \u00e0 \u00e9valuer les candidatures (art. 6.1.f),<\/p>\n<p>Canal de signalement : obligation l\u00e9gale \/ int\u00e9r\u00eat public (art. 6.1.c\/e),<\/p>\n<p>Cookies soumis \u00e0 consentement : consentement (art. 6.1.a).<\/p>\n<p>&nbsp;<\/p>\n<ol start=\"5\">\n<li>\n<h2><strong> Combien de temps conservons-nous vos donn\u00e9es ?<\/strong><\/h2>\n<\/li>\n<\/ol>\n<p>Les donn\u00e9es issues du formulaire d\u2019inscription pour les professionnels sont conserv\u00e9es pendant la dur\u00e9e n\u00e9cessaire \u00e0 la gestion du service et au respect des obligations l\u00e9gales applicables.<\/p>\n<p>&nbsp;<\/p>\n<p>Les donn\u00e9es issues des autres formulaires sont conserv\u00e9es le temps n\u00e9cessaire au traitement de votre demande, et peuvent \u00eatre archiv\u00e9es plus longtemps en cas de n\u00e9cessit\u00e9 pour la formulation, l\u2019exercice ou la d\u00e9fense de r\u00e9clamations, ainsi que pour respecter nos obligations l\u00e9gales et contractuelles, tout en \u00e9tant d\u00fbment bloqu\u00e9es.<\/p>\n<p>Les CV re\u00e7us sont conserv\u00e9s pendant un (1) an \u00e0 compter de leur enregistrement, puis supprim\u00e9s.<\/p>\n<p>Les donn\u00e9es issues du canal de signalement sont conserv\u00e9es conform\u00e9ment aux d\u00e9lais pr\u00e9vus par la r\u00e9glementation applicable au dispositif d\u2019alerte.<\/p>\n<p>&nbsp;<\/p>\n<ol start=\"6\">\n<li>\n<h2><strong> Qui peut \u00eatre destinataire de vos donn\u00e9es ?<\/strong><\/h2>\n<\/li>\n<\/ol>\n<p>Selon les finalit\u00e9s poursuivies, les personnes suivantes peuvent avoir acc\u00e8s aux donn\u00e9es :<\/p>\n<p>Le personnel autoris\u00e9 de FRIGICOLL ou ses repr\u00e9sentants agissant en son nom, soumis \u00e0 la r\u00e9glementation applicable en mati\u00e8re de protection des donn\u00e9es,<\/p>\n<p>Les autorit\u00e9s de contr\u00f4le ou autres tiers conform\u00e9ment aux dispositions l\u00e9gales,<\/p>\n<p>Des tiers prestataires de services agissant en tant que sous-traitants, conform\u00e9ment aux instructions de FRIGICOLL et dans le cadre d\u2019un contrat de sous-traitance conforme au RGPD.<\/p>\n<p>Les donn\u00e9es sont trait\u00e9es au sein de l\u2019Espace \u00e9conomique europ\u00e9en (EEE) et, en r\u00e8gle g\u00e9n\u00e9rale, par des prestataires \u00e9galement situ\u00e9s dans l\u2019EEE ou dans des pays b\u00e9n\u00e9ficiant d\u2019une d\u00e9cision d\u2019ad\u00e9quation de la Commission europ\u00e9enne.<\/p>\n<p>En cas de recours \u00e0 des prestataires situ\u00e9s en dehors de l\u2019EEE sans d\u00e9cision d\u2019ad\u00e9quation, FRIGICOLL mettra en place les garanties appropri\u00e9es (clauses contractuelles types de l\u2019UE, r\u00e8gles d\u2019entreprise contraignantes, etc.).<\/p>\n<p>FRIGICOLL ne vendra ni ne communiquera vos donn\u00e9es personnelles \u00e0 des tiers en dehors des cas mentionn\u00e9s.<\/p>\n<p>&nbsp;<\/p>\n<ol start=\"7\">\n<li>\n<h2><strong> Quels sont vos droits concernant vos donn\u00e9es ?<\/strong><\/h2>\n<\/li>\n<\/ol>\n<p>Vous disposez des droits suivants :<\/p>\n<p>Acc\u00e8s : savoir si nous traitons vos donn\u00e9es et y acc\u00e9der,<\/p>\n<p>Rectification : demander la correction de donn\u00e9es inexactes ou incompl\u00e8tes,<\/p>\n<p>Suppression : demander l\u2019effacement de vos donn\u00e9es,<\/p>\n<p>Limitation : demander la limitation du traitement,<\/p>\n<p>Opposition : vous opposer au traitement de vos donn\u00e9es, sauf motifs l\u00e9gitimes imp\u00e9rieux,<\/p>\n<p>Portabilit\u00e9 : recevoir vos donn\u00e9es dans un format structur\u00e9 et lisible ou demander leur transfert \u00e0 un autre responsable de traitement,<\/p>\n<p>D\u00e9cision individuelle automatis\u00e9e : ne pas faire l\u2019objet d\u2019une d\u00e9cision fond\u00e9e uniquement sur un traitement automatis\u00e9.<\/p>\n<p>Si vous avez donn\u00e9 votre consentement, vous pouvez le retirer \u00e0 tout moment sans affecter la lic\u00e9it\u00e9 du traitement fond\u00e9 sur ce consentement avant son retrait.<\/p>\n<p>Pour exercer vos droits, vous pouvez \u00e9crire \u00e0 :<\/p>\n<p>FRIGICOLL, S.A. \u2013 Blasco de Garay, 4-6 \u2013 08960 SANT JUST DESVERN (BARCELONE)<\/p>\n<p>ou envoyer un e-mail \u00e0 : dpo@frigicoll.es<\/p>\n<p>En cas de doute sur votre identit\u00e9, nous pourrons \u00eatre amen\u00e9s \u00e0 vous demander des informations ou documents suppl\u00e9mentaires afin de la v\u00e9rifier de mani\u00e8re certaine.<\/p>\n<p>Vous disposez \u00e9galement du droit d\u2019introduire une r\u00e9clamation aupr\u00e8s de l\u2019Agence espagnole de protection des donn\u00e9es (AEPD) : https:\/\/sedeagpd.gob.es,, ainsi que devant toute autre autorit\u00e9 de contr\u00f4le comp\u00e9tente.<\/p>\n<p>&nbsp;<\/p>\n<ol start=\"8\">\n<li>\n<h2><strong> Comment prot\u00e9geons-nous vos donn\u00e9es personnelles ?<\/strong><\/h2>\n<\/li>\n<\/ol>\n<p>FRIGICOLL met en \u0153uvre des mesures techniques et organisationnelles appropri\u00e9es afin de garantir un niveau de s\u00e9curit\u00e9 conforme \u00e0 la r\u00e9glementation. Ces mesures visent \u00e0 pr\u00e9server la confidentialit\u00e9, l\u2019int\u00e9grit\u00e9 et la disponibilit\u00e9 des donn\u00e9es et \u00e0 emp\u00eacher tout acc\u00e8s ou traitement non autoris\u00e9.<\/p>\n<p>L\u2019Utilisateur doit toutefois \u00eatre conscient qu\u2019aucun syst\u00e8me de s\u00e9curit\u00e9 sur Internet n\u2019est infaillible. FRIGICOLL ne saurait \u00eatre tenue responsable d\u2019agissements de tiers acc\u00e9dant ill\u00e9galement aux donn\u00e9es en d\u00e9pit des mesures mises en place.<\/p>\n<p>&nbsp;<\/p>\n<ol start=\"9\">\n<li>\n<h2><strong> Confidentialit\u00e9<\/strong><\/h2>\n<\/li>\n<\/ol>\n<p>Les professionnels travaillant pour FRIGICOLL et intervenant dans les services rendus \u00e0 l\u2019Utilisateur sont tenus \u00e0 une stricte obligation de confidentialit\u00e9. Les informations fournies seront consid\u00e9r\u00e9es comme confidentielles et utilis\u00e9es uniquement pour la gestion des demandes ou services concern\u00e9s.<\/p>\n<p>Nos sous-traitants sont soumis aux m\u00eames obligations de confidentialit\u00e9 et de s\u00e9curit\u00e9.<\/p>\n<ol start=\"10\">\n<li>\n<h2><strong> Liens<\/strong><\/h2>\n<\/li>\n<\/ol>\n<p>Le Site peut contenir des liens vers d\u2019autres sites internet. FRIGICOLL n\u2019est pas responsable des pratiques de confidentialit\u00e9 ni du traitement des donn\u00e9es de ces sites tiers.<\/p>\n<p>Nous vous recommandons de consulter la politique de confidentialit\u00e9 de chaque site que vous visitez.<\/p>\n<p>&nbsp;<\/p>\n<ol start=\"11\">\n<li>\n<h2><strong> R\u00e9seaux sociaux<\/strong><\/h2>\n<\/li>\n<\/ol>\n<p>FRIGICOLL est pr\u00e9sente sur certains r\u00e9seaux sociaux, o\u00f9 elle agit comme responsable des donn\u00e9es publi\u00e9es.<\/p>\n<p>Le traitement des donn\u00e9es sur ces plateformes est soumis aux r\u00e8gles propres de chaque r\u00e9seau social. FRIGICOLL peut informer ses abonn\u00e9s de ses activit\u00e9s, \u00e9v\u00e9nements et services via les fonctionnalit\u00e9s mises \u00e0 disposition.<\/p>\n<p>Aucune extraction de donn\u00e9es personnelles n\u2019est effectu\u00e9e sans votre consentement explicite.<\/p>\n<p>Nous vous invitons \u00e0 consulter les politiques de confidentialit\u00e9 de chaque r\u00e9seau social afin de conna\u00eetre vos droits et param\u00e8tres.<\/p>\n<p>&nbsp;<\/p>\n<ol start=\"12\">\n<li>\n<h2><strong> Modifications et int\u00e9gralit\u00e9 de la politique<\/strong><\/h2>\n<\/li>\n<\/ol>\n<p>Nous n\u2019utiliserons vos donn\u00e9es personnelles que conform\u00e9ment \u00e0 la politique en vigueur au moment de leur collecte. FRIGICOLL se r\u00e9serve le droit de modifier \u00e0 tout moment la pr\u00e9sente politique de confidentialit\u00e9, en publiant les mises \u00e0 jour sur le Site.<\/p>\n<p>Nous vous recommandons de consulter r\u00e9guli\u00e8rement la politique de confidentialit\u00e9, notamment lors de vos visites sur le Site.<\/p>\n<p>Si nous d\u00e9cidons d\u2019utiliser vos donn\u00e9es d\u2019une mani\u00e8re diff\u00e9rente de celle indiqu\u00e9e lors de leur collecte, vous en serez inform\u00e9 par e-mail (si nous disposons de votre adresse) et aurez la possibilit\u00e9 d\u2019accepter ou de refuser ces nouvelles utilisations.<\/p>\n<p>Si une disposition de la pr\u00e9sente politique de confidentialit\u00e9 devait \u00eatre d\u00e9clar\u00e9e nulle, les autres demeureraient pleinement applicables.<\/p>\n<p>&nbsp;<\/p>\n<p><strong>\u00a0<\/strong><\/p>\n<p><strong>Date de la derni\u00e8re mise \u00e0 jour : juillet 2025.<\/strong><\/p>\n","protected":false},"excerpt":{"rendered":"<p>L\u2019acc\u00e8s et l\u2019utilisation du site internet \u00a0https:\/\/www.frigicoll.es\/ \u00a0(ci-apr\u00e8s \u00ab le Site \u00bb) conf\u00e8rent au visiteur la qualit\u00e9 d\u2019utilisateur (ci-apr\u00e8s \u00ab l\u2019Utilisateur \u00bb) et impliquent l\u2019acceptation sans r\u00e9serve des conditions d\u2019utilisation en vigueur. FRIGICOLL, S.A. (ci-apr\u00e8s \u00ab FRIGICOLL \u00bb) s\u2019engage \u00e0 traiter vos donn\u00e9es conform\u00e9ment \u00e0 la r\u00e9glementation en vigueur en mati\u00e8re de protection des donn\u00e9es&#8230;&nbsp; <a class=\"readmore\" href=\"https:\/\/www.frigicoll.es\/fr\/politique-de-confidentialite\/\"><span>Leer m\u00e1s<\/span> <i class=\"fa fa-chevron-right\"><\/i><\/a><\/p>\n","protected":false},"author":6,"featured_media":6068,"parent":0,"menu_order":0,"comment_status":"closed","ping_status":"closed","template":"","meta":{"_relevanssi_hide_post":"on","_relevanssi_pin_for_all":"","_relevanssi_pin_keywords":"","_relevanssi_unpin_keywords":"","_relevanssi_related_keywords":"","_relevanssi_related_include_ids":"","_relevanssi_related_exclude_ids":"","_relevanssi_related_no_append":"","_relevanssi_related_not_related":"","_relevanssi_related_posts":"","_relevanssi_noindex_reason":"Relevanssi image attachment filter Relevanssi index exclude"},"acf":[],"yoast_head":"<!-- This site is optimized with the Yoast SEO plugin v19.13 - https:\/\/yoast.com\/wordpress\/plugins\/seo\/ -->\n<title>Confidentialit\u00e9 - Frigicoll france<\/title>\n<meta name=\"robots\" content=\"noindex, follow\" \/>\n<meta property=\"og:locale\" content=\"fr_FR\" \/>\n<meta property=\"og:type\" content=\"article\" \/>\n<meta property=\"og:title\" content=\"Confidentialit\u00e9 - Frigicoll france\" \/>\n<meta property=\"og:description\" content=\"L\u2019acc\u00e8s et l\u2019utilisation du site internet \u00a0https:\/\/www.frigicoll.es\/ \u00a0(ci-apr\u00e8s \u00ab le Site \u00bb) conf\u00e8rent au visiteur la qualit\u00e9 d\u2019utilisateur (ci-apr\u00e8s \u00ab l\u2019Utilisateur \u00bb) et impliquent l\u2019acceptation sans r\u00e9serve des conditions d\u2019utilisation en vigueur. FRIGICOLL, S.A. (ci-apr\u00e8s \u00ab FRIGICOLL \u00bb) s\u2019engage \u00e0 traiter vos donn\u00e9es conform\u00e9ment \u00e0 la r\u00e9glementation en vigueur en mati\u00e8re de protection des donn\u00e9es...&nbsp; Leer m\u00e1s\" \/>\n<meta property=\"og:url\" content=\"https:\/\/www.frigicoll.es\/fr\/politique-de-confidentialite\/\" \/>\n<meta property=\"og:site_name\" content=\"Frigicoll france\" \/>\n<meta property=\"article:modified_time\" content=\"2025-10-01T07:44:45+00:00\" \/>\n<meta property=\"og:image\" content=\"https:\/\/www.frigicoll.es\/fr\/wp-content\/uploads\/sites\/5\/2018\/10\/Pol\u00edtica-de-privacidad-Frigicoll.png\" \/>\n\t<meta property=\"og:image:width\" content=\"1088\" \/>\n\t<meta property=\"og:image:height\" content=\"215\" \/>\n\t<meta property=\"og:image:type\" content=\"image\/png\" \/>\n<meta name=\"twitter:card\" content=\"summary_large_image\" \/>\n<meta name=\"twitter:label1\" content=\"Dur\u00e9e de lecture estim\u00e9e\" \/>\n\t<meta name=\"twitter:data1\" content=\"9 minutes\" \/>\n<script type=\"application\/ld+json\" class=\"yoast-schema-graph\">{\"@context\":\"https:\/\/schema.org\",\"@graph\":[{\"@type\":\"WebPage\",\"@id\":\"https:\/\/www.frigicoll.es\/fr\/politique-de-confidentialite\/\",\"url\":\"https:\/\/www.frigicoll.es\/fr\/politique-de-confidentialite\/\",\"name\":\"Confidentialit\u00e9 - Frigicoll france\",\"isPartOf\":{\"@id\":\"https:\/\/www.frigicoll.es\/fr\/#website\"},\"datePublished\":\"2018-11-27T08:56:44+00:00\",\"dateModified\":\"2025-10-01T07:44:45+00:00\",\"breadcrumb\":{\"@id\":\"https:\/\/www.frigicoll.es\/fr\/politique-de-confidentialite\/#breadcrumb\"},\"inLanguage\":\"fr-FR\",\"potentialAction\":[{\"@type\":\"ReadAction\",\"target\":[\"https:\/\/www.frigicoll.es\/fr\/politique-de-confidentialite\/\"]}]},{\"@type\":\"BreadcrumbList\",\"@id\":\"https:\/\/www.frigicoll.es\/fr\/politique-de-confidentialite\/#breadcrumb\",\"itemListElement\":[{\"@type\":\"ListItem\",\"position\":1,\"name\":\"Inicio\",\"item\":\"https:\/\/www.frigicoll.es\/fr\/\"},{\"@type\":\"ListItem\",\"position\":2,\"name\":\"Confidentialit\u00e9\"}]},{\"@type\":\"WebSite\",\"@id\":\"https:\/\/www.frigicoll.es\/fr\/#website\",\"url\":\"https:\/\/www.frigicoll.es\/fr\/\",\"name\":\"Frigicoll france\",\"description\":\"electrodom\u00e9sticos\",\"potentialAction\":[{\"@type\":\"SearchAction\",\"target\":{\"@type\":\"EntryPoint\",\"urlTemplate\":\"https:\/\/www.frigicoll.es\/fr\/?s={search_term_string}\"},\"query-input\":\"required name=search_term_string\"}],\"inLanguage\":\"fr-FR\"}]}<\/script>\n<!-- \/ Yoast SEO plugin. -->","yoast_head_json":{"title":"Confidentialit\u00e9 - Frigicoll france","robots":{"index":"noindex","follow":"follow"},"og_locale":"fr_FR","og_type":"article","og_title":"Confidentialit\u00e9 - Frigicoll france","og_description":"L\u2019acc\u00e8s et l\u2019utilisation du site internet \u00a0https:\/\/www.frigicoll.es\/ \u00a0(ci-apr\u00e8s \u00ab le Site \u00bb) conf\u00e8rent au visiteur la qualit\u00e9 d\u2019utilisateur (ci-apr\u00e8s \u00ab l\u2019Utilisateur \u00bb) et impliquent l\u2019acceptation sans r\u00e9serve des conditions d\u2019utilisation en vigueur. FRIGICOLL, S.A. (ci-apr\u00e8s \u00ab FRIGICOLL \u00bb) s\u2019engage \u00e0 traiter vos donn\u00e9es conform\u00e9ment \u00e0 la r\u00e9glementation en vigueur en mati\u00e8re de protection des donn\u00e9es...&nbsp; Leer m\u00e1s","og_url":"https:\/\/www.frigicoll.es\/fr\/politique-de-confidentialite\/","og_site_name":"Frigicoll france","article_modified_time":"2025-10-01T07:44:45+00:00","og_image":[{"width":1088,"height":215,"url":"https:\/\/www.frigicoll.es\/fr\/wp-content\/uploads\/sites\/5\/2018\/10\/Pol\u00edtica-de-privacidad-Frigicoll.png","type":"image\/png"}],"twitter_card":"summary_large_image","twitter_misc":{"Dur\u00e9e de lecture estim\u00e9e":"9 minutes"},"schema":{"@context":"https:\/\/schema.org","@graph":[{"@type":"WebPage","@id":"https:\/\/www.frigicoll.es\/fr\/politique-de-confidentialite\/","url":"https:\/\/www.frigicoll.es\/fr\/politique-de-confidentialite\/","name":"Confidentialit\u00e9 - Frigicoll france","isPartOf":{"@id":"https:\/\/www.frigicoll.es\/fr\/#website"},"datePublished":"2018-11-27T08:56:44+00:00","dateModified":"2025-10-01T07:44:45+00:00","breadcrumb":{"@id":"https:\/\/www.frigicoll.es\/fr\/politique-de-confidentialite\/#breadcrumb"},"inLanguage":"fr-FR","potentialAction":[{"@type":"ReadAction","target":["https:\/\/www.frigicoll.es\/fr\/politique-de-confidentialite\/"]}]},{"@type":"BreadcrumbList","@id":"https:\/\/www.frigicoll.es\/fr\/politique-de-confidentialite\/#breadcrumb","itemListElement":[{"@type":"ListItem","position":1,"name":"Inicio","item":"https:\/\/www.frigicoll.es\/fr\/"},{"@type":"ListItem","position":2,"name":"Confidentialit\u00e9"}]},{"@type":"WebSite","@id":"https:\/\/www.frigicoll.es\/fr\/#website","url":"https:\/\/www.frigicoll.es\/fr\/","name":"Frigicoll france","description":"electrodom\u00e9sticos","potentialAction":[{"@type":"SearchAction","target":{"@type":"EntryPoint","urlTemplate":"https:\/\/www.frigicoll.es\/fr\/?s={search_term_string}"},"query-input":"required name=search_term_string"}],"inLanguage":"fr-FR"}]}},"_links":{"self":[{"href":"https:\/\/www.frigicoll.es\/fr\/wp-json\/wp\/v2\/pages\/6164"}],"collection":[{"href":"https:\/\/www.frigicoll.es\/fr\/wp-json\/wp\/v2\/pages"}],"about":[{"href":"https:\/\/www.frigicoll.es\/fr\/wp-json\/wp\/v2\/types\/page"}],"author":[{"embeddable":true,"href":"https:\/\/www.frigicoll.es\/fr\/wp-json\/wp\/v2\/users\/6"}],"replies":[{"embeddable":true,"href":"https:\/\/www.frigicoll.es\/fr\/wp-json\/wp\/v2\/comments?post=6164"}],"version-history":[{"count":18,"href":"https:\/\/www.frigicoll.es\/fr\/wp-json\/wp\/v2\/pages\/6164\/revisions"}],"predecessor-version":[{"id":6458,"href":"https:\/\/www.frigicoll.es\/fr\/wp-json\/wp\/v2\/pages\/6164\/revisions\/6458"}],"wp:featuredmedia":[{"embeddable":true,"href":"https:\/\/www.frigicoll.es\/fr\/wp-json\/wp\/v2\/media\/6068"}],"wp:attachment":[{"href":"https:\/\/www.frigicoll.es\/fr\/wp-json\/wp\/v2\/media?parent=6164"}],"curies":[{"name":"wp","href":"https:\/\/api.w.org\/{rel}","templated":true}]}}