
{"id":38,"date":"2017-11-07T18:20:22","date_gmt":"2017-11-07T17:20:22","guid":{"rendered":"http:\/\/www.frigicoll.es\/?page_id=38"},"modified":"2022-11-24T16:26:45","modified_gmt":"2022-11-24T15:26:45","slug":"accueil","status":"publish","type":"page","link":"https:\/\/www.frigicoll.es\/fr\/","title":{"rendered":"ACCUEIL"},"content":{"rendered":"","protected":false},"excerpt":{"rendered":"","protected":false},"author":2,"featured_media":0,"parent":0,"menu_order":0,"comment_status":"closed","ping_status":"closed","template":"","meta":{"_relevanssi_hide_post":"","_relevanssi_pin_for_all":"","_relevanssi_pin_keywords":"","_relevanssi_unpin_keywords":"","_relevanssi_related_keywords":"","_relevanssi_related_include_ids":"","_relevanssi_related_exclude_ids":"","_relevanssi_related_no_append":"","_relevanssi_related_not_related":"","_relevanssi_related_posts":"","_relevanssi_noindex_reason":""},"acf":[],"yoast_head":"<!-- This site is optimized with the Yoast SEO plugin v19.13 - https:\/\/yoast.com\/wordpress\/plugins\/seo\/ -->\n<title>Frigicoll - Maquinaria para el fr\u00edo industrial<\/title>\n<meta name=\"description\" content=\"Expertos en fr\u00edo industrial, climatizaci\u00f3n refrigeraci\u00f3n, electrodom\u00e9sticos, hosteler\u00eda y transporte refrigerado. Empresa con m\u00e1s de 60 a\u00f1os de experiencia.\" \/>\n<meta name=\"robots\" content=\"noindex, follow, max-snippet:-1, max-image-preview:large, max-video-preview:-1\" \/>\n<meta property=\"og:locale\" content=\"fr_FR\" \/>\n<meta property=\"og:type\" content=\"article\" \/>\n<meta property=\"og:title\" content=\"Frigicoll - Maquinaria para el fr\u00edo industrial\" \/>\n<meta property=\"og:description\" content=\"Expertos en fr\u00edo industrial, climatizaci\u00f3n refrigeraci\u00f3n, electrodom\u00e9sticos, hosteler\u00eda y transporte refrigerado. Empresa con m\u00e1s de 60 a\u00f1os de experiencia.\" \/>\n<meta property=\"og:url\" content=\"https:\/\/www.frigicoll.es\/fr\/\" \/>\n<meta property=\"og:site_name\" content=\"Frigicoll france\" \/>\n<meta property=\"article:modified_time\" content=\"2022-11-24T15:26:45+00:00\" \/>\n<meta name=\"twitter:card\" content=\"summary_large_image\" \/>\n<script type=\"application\/ld+json\" class=\"yoast-schema-graph\">{\"@context\":\"https:\/\/schema.org\",\"@graph\":[{\"@type\":\"WebPage\",\"@id\":\"https:\/\/www.frigicoll.es\/fr\/\",\"url\":\"https:\/\/www.frigicoll.es\/fr\/\",\"name\":\"Frigicoll - Maquinaria para el fr\u00edo industrial\",\"isPartOf\":{\"@id\":\"https:\/\/www.frigicoll.es\/fr\/#website\"},\"datePublished\":\"2017-11-07T17:20:22+00:00\",\"dateModified\":\"2022-11-24T15:26:45+00:00\",\"description\":\"Expertos en fr\u00edo industrial, climatizaci\u00f3n refrigeraci\u00f3n, electrodom\u00e9sticos, hosteler\u00eda y transporte refrigerado. Empresa con m\u00e1s de 60 a\u00f1os de experiencia.\",\"breadcrumb\":{\"@id\":\"https:\/\/www.frigicoll.es\/fr\/#breadcrumb\"},\"inLanguage\":\"fr-FR\",\"potentialAction\":[{\"@type\":\"ReadAction\",\"target\":[\"https:\/\/www.frigicoll.es\/fr\/\"]}]},{\"@type\":\"BreadcrumbList\",\"@id\":\"https:\/\/www.frigicoll.es\/fr\/#breadcrumb\",\"itemListElement\":[{\"@type\":\"ListItem\",\"position\":1,\"name\":\"Inicio\",\"item\":\"https:\/\/www.frigicoll.es\/fr\/\"},{\"@type\":\"ListItem\",\"position\":2,\"name\":\"ACCUEIL\"}]},{\"@type\":\"WebSite\",\"@id\":\"https:\/\/www.frigicoll.es\/fr\/#website\",\"url\":\"https:\/\/www.frigicoll.es\/fr\/\",\"name\":\"Frigicoll france\",\"description\":\"electrodom\u00e9sticos\",\"potentialAction\":[{\"@type\":\"SearchAction\",\"target\":{\"@type\":\"EntryPoint\",\"urlTemplate\":\"https:\/\/www.frigicoll.es\/fr\/?s={search_term_string}\"},\"query-input\":\"required name=search_term_string\"}],\"inLanguage\":\"fr-FR\"}]}<\/script>\n<!-- \/ Yoast SEO plugin. -->","yoast_head_json":{"title":"Frigicoll - Maquinaria para el fr\u00edo industrial","description":"Expertos en fr\u00edo industrial, climatizaci\u00f3n refrigeraci\u00f3n, electrodom\u00e9sticos, hosteler\u00eda y transporte refrigerado. Empresa con m\u00e1s de 60 a\u00f1os de experiencia.","robots":{"index":"noindex","follow":"follow","max-snippet":"max-snippet:-1","max-image-preview":"max-image-preview:large","max-video-preview":"max-video-preview:-1"},"og_locale":"fr_FR","og_type":"article","og_title":"Frigicoll - Maquinaria para el fr\u00edo industrial","og_description":"Expertos en fr\u00edo industrial, climatizaci\u00f3n refrigeraci\u00f3n, electrodom\u00e9sticos, hosteler\u00eda y transporte refrigerado. Empresa con m\u00e1s de 60 a\u00f1os de experiencia.","og_url":"https:\/\/www.frigicoll.es\/fr\/","og_site_name":"Frigicoll france","article_modified_time":"2022-11-24T15:26:45+00:00","twitter_card":"summary_large_image","schema":{"@context":"https:\/\/schema.org","@graph":[{"@type":"WebPage","@id":"https:\/\/www.frigicoll.es\/fr\/","url":"https:\/\/www.frigicoll.es\/fr\/","name":"Frigicoll - Maquinaria para el fr\u00edo industrial","isPartOf":{"@id":"https:\/\/www.frigicoll.es\/fr\/#website"},"datePublished":"2017-11-07T17:20:22+00:00","dateModified":"2022-11-24T15:26:45+00:00","description":"Expertos en fr\u00edo industrial, climatizaci\u00f3n refrigeraci\u00f3n, electrodom\u00e9sticos, hosteler\u00eda y transporte refrigerado. Empresa con m\u00e1s de 60 a\u00f1os de experiencia.","breadcrumb":{"@id":"https:\/\/www.frigicoll.es\/fr\/#breadcrumb"},"inLanguage":"fr-FR","potentialAction":[{"@type":"ReadAction","target":["https:\/\/www.frigicoll.es\/fr\/"]}]},{"@type":"BreadcrumbList","@id":"https:\/\/www.frigicoll.es\/fr\/#breadcrumb","itemListElement":[{"@type":"ListItem","position":1,"name":"Inicio","item":"https:\/\/www.frigicoll.es\/fr\/"},{"@type":"ListItem","position":2,"name":"ACCUEIL"}]},{"@type":"WebSite","@id":"https:\/\/www.frigicoll.es\/fr\/#website","url":"https:\/\/www.frigicoll.es\/fr\/","name":"Frigicoll france","description":"electrodom\u00e9sticos","potentialAction":[{"@type":"SearchAction","target":{"@type":"EntryPoint","urlTemplate":"https:\/\/www.frigicoll.es\/fr\/?s={search_term_string}"},"query-input":"required name=search_term_string"}],"inLanguage":"fr-FR"}]}},"_links":{"self":[{"href":"https:\/\/www.frigicoll.es\/fr\/wp-json\/wp\/v2\/pages\/38"}],"collection":[{"href":"https:\/\/www.frigicoll.es\/fr\/wp-json\/wp\/v2\/pages"}],"about":[{"href":"https:\/\/www.frigicoll.es\/fr\/wp-json\/wp\/v2\/types\/page"}],"author":[{"embeddable":true,"href":"https:\/\/www.frigicoll.es\/fr\/wp-json\/wp\/v2\/users\/2"}],"replies":[{"embeddable":true,"href":"https:\/\/www.frigicoll.es\/fr\/wp-json\/wp\/v2\/comments?post=38"}],"version-history":[{"count":44,"href":"https:\/\/www.frigicoll.es\/fr\/wp-json\/wp\/v2\/pages\/38\/revisions"}],"predecessor-version":[{"id":6391,"href":"https:\/\/www.frigicoll.es\/fr\/wp-json\/wp\/v2\/pages\/38\/revisions\/6391"}],"wp:attachment":[{"href":"https:\/\/www.frigicoll.es\/fr\/wp-json\/wp\/v2\/media?parent=38"}],"curies":[{"name":"wp","href":"https:\/\/api.w.org\/{rel}","templated":true}]}}