
{"id":30,"date":"2017-11-07T18:19:14","date_gmt":"2017-11-07T17:19:14","guid":{"rendered":"http:\/\/www.frigicoll.es\/?page_id=30"},"modified":"2025-10-21T09:40:20","modified_gmt":"2025-10-21T08:40:20","slug":"qui-sommes-nous","status":"publish","type":"page","link":"https:\/\/www.frigicoll.es\/fr\/qui-sommes-nous\/","title":{"rendered":"Qui sommes-nous\u00a0?"},"content":{"rendered":"<div class=\"container container-special\">\n<div class=\"row\">\n<div class=\"col-12\">\n<p class=\"leading\">FRIGICOLL EST UNE ENTREPRISE ESPAGNOLE AVEC PLUS DE 60 ANS D\u2019HISTOIRE, PIONNI\u00c8RE DANS L\u2019INTRODUCTION DE SOLUTIONS TECHNOLOGIQUES DE MARQUES LEADERS MONDIALES DANS DIFF\u00c9RENTS SECTEURS INDUSTRIELS. CHEZ FRIGICOLL, NOUS \u00c9LABORONS DES PROJETS DANS LEUR INT\u00c9GRALIT\u00c9, EN FOURNISSANT LES MACHINES POUR LE SECTEUR DE LA CLIMATISATION ET DE L\u2019\u00c9NERGIE, LE TRANSPORT R\u00c9FRIG\u00c9R\u00c9, L\u2019H\u00d4TELLERIE ET LA R\u00c9FRIG\u00c9RATION, AINSI QUE POUR LE SECTEUR DE L&#8217;\u00c9LECTROM\u00c9NAGER.<\/p>\n<\/div>\n<\/div>\n<h2 class=\"mb-4\">CHIFFRES PRINCIPAUX<\/h2>\n<div class=\"wrap-image text-center\"><img loading=\"lazy\" class=\"mb-5 aligncenter wp-image-1117 size-full d-none d-sm-none d-md-block\" src=\"https:\/\/www.frigicoll.es\/fr\/wp-content\/uploads\/sites\/5\/2019\/01\/cifras-quienes-somos.jpg\" alt=\"Cifras Frigicoll Empresa\" width=\"1022\" height=\"253\" \/><img loading=\"lazy\" class=\"mb-5 aligncenter size-full d-md-none\" src=\"http:\/\/www.frigicoll.es\/portugues\/wp-content\/uploads\/sites\/3\/2017\/11\/cifrashistoria.jpg\" alt=\"Cifras Frigicoll Empresa\" width=\"200\" height=\"auto\" \/><\/div>\n<div class=\"text-left mb-4\">\n<div class=\"row contents-justify\">\n<div class=\"col-12 col-lg-6\">\n<h4>NOS VALEURS<\/h4>\n<p>Notre trajectoire s&#8217;est distingu\u00e9e en apportant au march\u00e9\u00a0: la meilleure qualit\u00e9 de produit, la confiance, la proximit\u00e9 et l&#8217;excellence dans le service au client et une volont\u00e9 continue de d\u00e9passement et d&#8217;innovation, des aspects que nous a permis de devenir un r\u00e9f\u00e9rent sur le march\u00e9. Fort d&#8217;un grand parcours en apportant des solutions compl\u00e8tes premium, nous affrontons le futur avec la volont\u00e9 de continuer en recherchant de nouvelles solutions technologiques durables.<\/p>\n<\/div>\n<div class=\"col-12 col-lg-6\">\n<h4>RSC<\/h4>\n<p>Frigicoll a la responsabilit\u00e9 social d&#8217;entreprise comme un des piliers fondamentaux, en menant des actions bas\u00e9es sur la croissance et l&#8217;engagement social de ses collaborateurs, ainsi que des actions qui contribuent \u00e0 un monde meilleur, plus juste et plus durable.<\/p>\n<\/div>\n<\/div>\n<\/div>\n<h2>UNIT\u00c9S COMMERCIALES DU GROUPE<\/h2>\n<hr class=\"ornament\" \/>\n<div><img loading=\"lazy\" class=\"businessUnits mt-5 mb-5 aligncenter wp-image-1566 size-large d-none d-sm-none d-md-block\" src=\"https:\/\/www.frigicoll.es\/fr\/wp-content\/uploads\/sites\/5\/2019\/01\/unidades-de-negocio-FRANCE\u0301S.png\" alt=\"UNIT\u00c9S COMMERCIALES DU GROUPE FRIGICOLL\" width=\"1024\" height=\"184\" \/><img loading=\"lazy\" class=\"businessUnits mt-5 mb-5 aligncenter wp-image-1566 size-large d-md-none\" src=\"\/wp-content\/uploads\/unidadesnegocio-mobile.png\" alt=\"Unidades de Negocios Frigicoll\" width=\"100%\" height=\"auto\" \/><\/div>\n<h2 class=\"subtitle mb-3\">Histoire<\/h2>\n<hr class=\"ornament\" \/>\n<\/div>\n","protected":false},"excerpt":{"rendered":"<p>FRIGICOLL EST UNE ENTREPRISE ESPAGNOLE AVEC PLUS DE 60 ANS D\u2019HISTOIRE, PIONNI\u00c8RE DANS L\u2019INTRODUCTION DE SOLUTIONS TECHNOLOGIQUES DE MARQUES LEADERS MONDIALES DANS DIFF\u00c9RENTS SECTEURS INDUSTRIELS. CHEZ FRIGICOLL, NOUS \u00c9LABORONS DES PROJETS DANS LEUR INT\u00c9GRALIT\u00c9, EN FOURNISSANT LES MACHINES POUR LE SECTEUR DE LA CLIMATISATION ET DE L\u2019\u00c9NERGIE, LE TRANSPORT R\u00c9FRIG\u00c9R\u00c9, L\u2019H\u00d4TELLERIE ET LA R\u00c9FRIG\u00c9RATION, AINSI&#8230;&nbsp; <a class=\"readmore\" href=\"https:\/\/www.frigicoll.es\/fr\/qui-sommes-nous\/\"><span>Leer m\u00e1s<\/span> <i class=\"fa fa-chevron-right\"><\/i><\/a><\/p>\n","protected":false},"author":2,"featured_media":1128,"parent":0,"menu_order":0,"comment_status":"closed","ping_status":"closed","template":"template-quienes-somos.php","meta":{"_relevanssi_hide_post":"","_relevanssi_pin_for_all":"","_relevanssi_pin_keywords":"","_relevanssi_unpin_keywords":"","_relevanssi_related_keywords":"","_relevanssi_related_include_ids":"","_relevanssi_related_exclude_ids":"","_relevanssi_related_no_append":"","_relevanssi_related_not_related":"","_relevanssi_related_posts":"","_relevanssi_noindex_reason":""},"acf":[],"yoast_head":"<!-- This site is optimized with the Yoast SEO plugin v19.13 - https:\/\/yoast.com\/wordpress\/plugins\/seo\/ -->\n<title>Qui sommes-nous\u00a0? - Frigicoll france<\/title>\n<meta name=\"robots\" content=\"noindex, follow, max-snippet:-1, max-image-preview:large, max-video-preview:-1\" \/>\n<meta property=\"og:locale\" content=\"fr_FR\" \/>\n<meta property=\"og:type\" content=\"article\" \/>\n<meta property=\"og:title\" content=\"Qui sommes-nous\u00a0? - Frigicoll france\" \/>\n<meta property=\"og:description\" content=\"FRIGICOLL EST UNE ENTREPRISE ESPAGNOLE AVEC PLUS DE 60 ANS D\u2019HISTOIRE, PIONNI\u00c8RE DANS L\u2019INTRODUCTION DE SOLUTIONS TECHNOLOGIQUES DE MARQUES LEADERS MONDIALES DANS DIFF\u00c9RENTS SECTEURS INDUSTRIELS. CHEZ FRIGICOLL, NOUS \u00c9LABORONS DES PROJETS DANS LEUR INT\u00c9GRALIT\u00c9, EN FOURNISSANT LES MACHINES POUR LE SECTEUR DE LA CLIMATISATION ET DE L\u2019\u00c9NERGIE, LE TRANSPORT R\u00c9FRIG\u00c9R\u00c9, L\u2019H\u00d4TELLERIE ET LA R\u00c9FRIG\u00c9RATION, AINSI...&nbsp; Leer m\u00e1s\" \/>\n<meta property=\"og:url\" content=\"https:\/\/www.frigicoll.es\/fr\/qui-sommes-nous\/\" \/>\n<meta property=\"og:site_name\" content=\"Frigicoll france\" \/>\n<meta property=\"article:modified_time\" content=\"2025-10-21T08:40:20+00:00\" \/>\n<meta property=\"og:image\" content=\"https:\/\/www.frigicoll.es\/fr\/wp-content\/uploads\/sites\/5\/2017\/11\/fonsnena.jpg\" \/>\n\t<meta property=\"og:image:width\" content=\"1900\" \/>\n\t<meta property=\"og:image:height\" content=\"1267\" \/>\n\t<meta property=\"og:image:type\" content=\"image\/jpeg\" \/>\n<meta name=\"twitter:card\" content=\"summary_large_image\" \/>\n<meta name=\"twitter:label1\" content=\"Dur\u00e9e de lecture estim\u00e9e\" \/>\n\t<meta name=\"twitter:data1\" content=\"1 minute\" \/>\n<script type=\"application\/ld+json\" class=\"yoast-schema-graph\">{\"@context\":\"https:\/\/schema.org\",\"@graph\":[{\"@type\":\"WebPage\",\"@id\":\"https:\/\/www.frigicoll.es\/fr\/qui-sommes-nous\/\",\"url\":\"https:\/\/www.frigicoll.es\/fr\/qui-sommes-nous\/\",\"name\":\"Qui sommes-nous\u00a0? - Frigicoll france\",\"isPartOf\":{\"@id\":\"https:\/\/www.frigicoll.es\/fr\/#website\"},\"datePublished\":\"2017-11-07T17:19:14+00:00\",\"dateModified\":\"2025-10-21T08:40:20+00:00\",\"breadcrumb\":{\"@id\":\"https:\/\/www.frigicoll.es\/fr\/qui-sommes-nous\/#breadcrumb\"},\"inLanguage\":\"fr-FR\",\"potentialAction\":[{\"@type\":\"ReadAction\",\"target\":[\"https:\/\/www.frigicoll.es\/fr\/qui-sommes-nous\/\"]}]},{\"@type\":\"BreadcrumbList\",\"@id\":\"https:\/\/www.frigicoll.es\/fr\/qui-sommes-nous\/#breadcrumb\",\"itemListElement\":[{\"@type\":\"ListItem\",\"position\":1,\"name\":\"Inicio\",\"item\":\"https:\/\/www.frigicoll.es\/fr\/\"},{\"@type\":\"ListItem\",\"position\":2,\"name\":\"Qui sommes-nous\u00a0?\"}]},{\"@type\":\"WebSite\",\"@id\":\"https:\/\/www.frigicoll.es\/fr\/#website\",\"url\":\"https:\/\/www.frigicoll.es\/fr\/\",\"name\":\"Frigicoll france\",\"description\":\"electrodom\u00e9sticos\",\"potentialAction\":[{\"@type\":\"SearchAction\",\"target\":{\"@type\":\"EntryPoint\",\"urlTemplate\":\"https:\/\/www.frigicoll.es\/fr\/?s={search_term_string}\"},\"query-input\":\"required name=search_term_string\"}],\"inLanguage\":\"fr-FR\"}]}<\/script>\n<!-- \/ Yoast SEO plugin. -->","yoast_head_json":{"title":"Qui sommes-nous\u00a0? - Frigicoll france","robots":{"index":"noindex","follow":"follow","max-snippet":"max-snippet:-1","max-image-preview":"max-image-preview:large","max-video-preview":"max-video-preview:-1"},"og_locale":"fr_FR","og_type":"article","og_title":"Qui sommes-nous\u00a0? - Frigicoll france","og_description":"FRIGICOLL EST UNE ENTREPRISE ESPAGNOLE AVEC PLUS DE 60 ANS D\u2019HISTOIRE, PIONNI\u00c8RE DANS L\u2019INTRODUCTION DE SOLUTIONS TECHNOLOGIQUES DE MARQUES LEADERS MONDIALES DANS DIFF\u00c9RENTS SECTEURS INDUSTRIELS. CHEZ FRIGICOLL, NOUS \u00c9LABORONS DES PROJETS DANS LEUR INT\u00c9GRALIT\u00c9, EN FOURNISSANT LES MACHINES POUR LE SECTEUR DE LA CLIMATISATION ET DE L\u2019\u00c9NERGIE, LE TRANSPORT R\u00c9FRIG\u00c9R\u00c9, L\u2019H\u00d4TELLERIE ET LA R\u00c9FRIG\u00c9RATION, AINSI...&nbsp; Leer m\u00e1s","og_url":"https:\/\/www.frigicoll.es\/fr\/qui-sommes-nous\/","og_site_name":"Frigicoll france","article_modified_time":"2025-10-21T08:40:20+00:00","og_image":[{"width":1900,"height":1267,"url":"https:\/\/www.frigicoll.es\/fr\/wp-content\/uploads\/sites\/5\/2017\/11\/fonsnena.jpg","type":"image\/jpeg"}],"twitter_card":"summary_large_image","twitter_misc":{"Dur\u00e9e de lecture estim\u00e9e":"1 minute"},"schema":{"@context":"https:\/\/schema.org","@graph":[{"@type":"WebPage","@id":"https:\/\/www.frigicoll.es\/fr\/qui-sommes-nous\/","url":"https:\/\/www.frigicoll.es\/fr\/qui-sommes-nous\/","name":"Qui sommes-nous\u00a0? - Frigicoll france","isPartOf":{"@id":"https:\/\/www.frigicoll.es\/fr\/#website"},"datePublished":"2017-11-07T17:19:14+00:00","dateModified":"2025-10-21T08:40:20+00:00","breadcrumb":{"@id":"https:\/\/www.frigicoll.es\/fr\/qui-sommes-nous\/#breadcrumb"},"inLanguage":"fr-FR","potentialAction":[{"@type":"ReadAction","target":["https:\/\/www.frigicoll.es\/fr\/qui-sommes-nous\/"]}]},{"@type":"BreadcrumbList","@id":"https:\/\/www.frigicoll.es\/fr\/qui-sommes-nous\/#breadcrumb","itemListElement":[{"@type":"ListItem","position":1,"name":"Inicio","item":"https:\/\/www.frigicoll.es\/fr\/"},{"@type":"ListItem","position":2,"name":"Qui sommes-nous\u00a0?"}]},{"@type":"WebSite","@id":"https:\/\/www.frigicoll.es\/fr\/#website","url":"https:\/\/www.frigicoll.es\/fr\/","name":"Frigicoll france","description":"electrodom\u00e9sticos","potentialAction":[{"@type":"SearchAction","target":{"@type":"EntryPoint","urlTemplate":"https:\/\/www.frigicoll.es\/fr\/?s={search_term_string}"},"query-input":"required name=search_term_string"}],"inLanguage":"fr-FR"}]}},"_links":{"self":[{"href":"https:\/\/www.frigicoll.es\/fr\/wp-json\/wp\/v2\/pages\/30"}],"collection":[{"href":"https:\/\/www.frigicoll.es\/fr\/wp-json\/wp\/v2\/pages"}],"about":[{"href":"https:\/\/www.frigicoll.es\/fr\/wp-json\/wp\/v2\/types\/page"}],"author":[{"embeddable":true,"href":"https:\/\/www.frigicoll.es\/fr\/wp-json\/wp\/v2\/users\/2"}],"replies":[{"embeddable":true,"href":"https:\/\/www.frigicoll.es\/fr\/wp-json\/wp\/v2\/comments?post=30"}],"version-history":[{"count":69,"href":"https:\/\/www.frigicoll.es\/fr\/wp-json\/wp\/v2\/pages\/30\/revisions"}],"predecessor-version":[{"id":6392,"href":"https:\/\/www.frigicoll.es\/fr\/wp-json\/wp\/v2\/pages\/30\/revisions\/6392"}],"wp:featuredmedia":[{"embeddable":true,"href":"https:\/\/www.frigicoll.es\/fr\/wp-json\/wp\/v2\/media\/1128"}],"wp:attachment":[{"href":"https:\/\/www.frigicoll.es\/fr\/wp-json\/wp\/v2\/media?parent=30"}],"curies":[{"name":"wp","href":"https:\/\/api.w.org\/{rel}","templated":true}]}}