
{"id":2605,"date":"2018-06-07T09:33:11","date_gmt":"2018-06-07T08:33:11","guid":{"rendered":"http:\/\/www.frigicoll.es\/?page_id=2605"},"modified":"2025-10-01T08:48:06","modified_gmt":"2025-10-01T07:48:06","slug":"politica-de-cookies","status":"publish","type":"page","link":"https:\/\/www.frigicoll.es\/fr\/politica-de-cookies\/","title":{"rendered":"Cookies"},"content":{"rendered":"<p>FRIGICOLL, S.A. (ci-apr\u00e8s \u00ab l\u2019\u00c9diteur \u00bb) utilise des cookies pour le bon fonctionnement de son site internet (ci-apr\u00e8s \u00ab le Site \u00bb). La pr\u00e9sente politique a pour objet de vous informer de mani\u00e8re claire et compl\u00e8te sur l\u2019utilisation des cookies.<\/p>\n<p><u>\u00a0<\/u><\/p>\n<ol>\n<li>\n<h2><strong> Qu\u2019est-ce qu\u2019un cookie ?<\/strong><\/h2>\n<\/li>\n<\/ol>\n<p>Un cookie est un petit fichier texte enregistr\u00e9 dans le navigateur de votre terminal (ordinateur, smartphone, tablette, etc.) lors de la consultation d\u2019un site internet.<\/p>\n<p>Les cookies permettent notamment au Site de reconna\u00eetre votre terminal et de m\u00e9moriser certaines informations relatives \u00e0 vos pr\u00e9f\u00e9rences ou \u00e0 votre activit\u00e9 de navigation.<\/p>\n<p>Ils peuvent avoir diverses finalit\u00e9s : faciliter la navigation, personnaliser le contenu, \u00e9tablir des statistiques de fr\u00e9quentation, permettre l\u2019acc\u00e8s \u00e0 certaines zones s\u00e9curis\u00e9es, partager du contenu sur les r\u00e9seaux sociaux, etc.<\/p>\n<p>&nbsp;<\/p>\n<ol start=\"2\">\n<li>\n<h2><strong> Quels sont les types de cookies utilis\u00e9s ?<\/strong><\/h2>\n<\/li>\n<\/ol>\n<p>En fonction de leur finalit\u00e9, les cookies peuvent \u00eatre class\u00e9s comme suit :<\/p>\n<ul>\n<li>Cookies techniques ou strictement n\u00e9cessaires : indispensables au fonctionnement du Site et \u00e0 la fourniture des services demand\u00e9s (navigation, acc\u00e8s \u00e0 des espaces s\u00e9curis\u00e9s, etc.).<\/li>\n<li>Cookies de pr\u00e9f\u00e9rences ou de personnalisation : permettent de m\u00e9moriser vos choix (langue, r\u00e9gion, apparence du site, etc.).<\/li>\n<li>Cookies de s\u00e9curit\u00e9 : contribuent \u00e0 la pr\u00e9vention des fraudes et \u00e0 la protection du Site et des utilisateurs.<\/li>\n<li>Cookies analytiques ou de mesure d\u2019audience : recueillent des informations anonymes sur la fr\u00e9quentation et l\u2019utilisation du Site afin d\u2019en am\u00e9liorer le fonctionnement.<\/li>\n<li>Cookies publicitaires : permettent de g\u00e9rer les espaces publicitaires et la fr\u00e9quence d\u2019affichage des annonces.<\/li>\n<li>Cookies de publicit\u00e9 comportementale \/ marketing : stockent des informations relatives \u00e0 vos habitudes de navigation afin de vous proposer des publicit\u00e9s personnalis\u00e9es et pertinentes.<\/li>\n<\/ul>\n<p>&nbsp;<\/p>\n<ol start=\"3\">\n<li>\n<h2><strong> Quels cookies utilisons-nous ?<\/strong><\/h2>\n<\/li>\n<\/ol>\n<p>La liste actualis\u00e9e des cookies utilis\u00e9s sur le Site figure dans la banni\u00e8re de gestion des cookies, accessible \u00e0 tout moment via l\u2019option \u00ab Personnaliser \u00bb. Vous pouvez y consulter en d\u00e9tail les cookies d\u00e9pos\u00e9s et g\u00e9rer vos pr\u00e9f\u00e9rences.<\/p>\n<p>&nbsp;<\/p>\n<ol start=\"4\">\n<li>\n<h2><strong> Transferts de donn\u00e9es vers des pays tiers<\/strong><\/h2>\n<\/li>\n<\/ol>\n<p>Certains cookies peuvent impliquer des transferts de donn\u00e9es en dehors de l\u2019Espace \u00e9conomique europ\u00e9en (EEE) par des tiers identifi\u00e9s dans la pr\u00e9sente politique. Ces transferts, lorsqu\u2019ils existent, sont d\u00e9crits dans les politiques de confidentialit\u00e9 desdits tiers, accessibles via la banni\u00e8re de gestion des cookies (\u00ab Personnaliser \u00bb).<\/p>\n<p><strong>\u00a0<\/strong><\/p>\n<ol start=\"5\">\n<li>\n<h2><strong> Comment g\u00e9rer ou supprimer les cookies ?<\/strong><\/h2>\n<\/li>\n<\/ol>\n<p>Vous pouvez configurer votre navigateur pour accepter ou refuser les cookies, ou encore pour \u00eatre averti de leur installation. Vous pouvez \u00e9galement supprimer \u00e0 tout moment les cookies enregistr\u00e9s sur votre terminal.<\/p>\n<p>La proc\u00e9dure varie selon le navigateur :<\/p>\n<p>Internet Explorer : Options &gt; Options Internet &gt; Confidentialit\u00e9 &gt; Param\u00e8tres. <a href=\"https:\/\/support.microsoft.com\/es-es\/help\/17442\/windows-internet-explorer-delete-manage-cookies\">En savoir plus<\/a><\/p>\n<p>Google Chrome : Param\u00e8tres &gt; Confidentialit\u00e9 et s\u00e9curit\u00e9 &gt; Cookies. <a href=\"https:\/\/support.google.com\/chrome\/answer\/95647?hl=es\">En savoir plus<\/a><\/p>\n<p>Mozilla Firefox : Options &gt; Vie priv\u00e9e et s\u00e9curit\u00e9 &gt; Cookies. <a href=\"https:\/\/support.mozilla.org\/es\/kb\/Borrar%20cookies%20et%20https:\/support.mozilla.org\/es\/kb\/habilitar-y-deshabilitar-cookies-sitios-web-rastrear-preferencias?redirectlocale=es&amp;amp;redirectslug=activer-et-d\u00e9sactiver-les-cookies-que-les-sites-web\">En savoir plus<\/a><\/p>\n<p>Safari (iOS) : R\u00e9glages &gt; Safari &gt; Bloquer les cookies. <a href=\"http:\/\/support.apple.com\/kb\/HT1677?viewlocale=es_ES\">En savoir plus<\/a><\/p>\n<p>Opera : Param\u00e8tres &gt; Avanc\u00e9 &gt; Confidentialit\u00e9 et s\u00e9curit\u00e9 &gt; Param\u00e8tres du contenu &gt; Cookies. <a href=\"https:\/\/help.opera.com\/en\/latest\/web-preferences\/#cookies\">En savoir plus<\/a><\/p>\n<p>Android : Param\u00e8tres &gt; S\u00e9curit\u00e9 et confidentialit\u00e9 &gt; Cookies. <a href=\"http:\/\/support.google.com\/android\/?hl=es\">En savoir plus<\/a><\/p>\n<p>Windows Phone : Internet Explorer &gt; Plus &gt; Param\u00e8tres &gt; Cookies. <a href=\"http:\/\/www.windowsphone.com\/es-es\/how-to\/wp7\/web\/changing-privacy-and-other-browser-settings\">En savoir plus<\/a><\/p>\n<p>&nbsp;<\/p>\n<p>Attention : Le refus de certains cookies peut entra\u00eener une exp\u00e9rience d\u00e9grad\u00e9e et limiter l\u2019acc\u00e8s \u00e0 certaines fonctionnalit\u00e9s du Site.<\/p>\n<p><strong>\u00a0<\/strong><\/p>\n<ol start=\"6\">\n<li>\n<h2><strong> Responsabilit\u00e9<\/strong><\/h2>\n<\/li>\n<\/ol>\n<p>L\u2019\u00c9diteur du Site ne saurait garantir le traitement exact et sans erreur des cookies par les navigateurs susmentionn\u00e9s.<\/p>\n<p>De m\u00eame, il d\u00e9cline toute responsabilit\u00e9 quant au contenu ou \u00e0 l\u2019exactitude des politiques de confidentialit\u00e9 publi\u00e9es par les tiers cit\u00e9s dans la pr\u00e9sente politique de cookies.<\/p>\n<p>Si vous souhaitez exercer un contr\u00f4le renforc\u00e9 sur l\u2019installation des cookies, vous pouvez utiliser des outils compl\u00e9mentaires, appel\u00e9s \u00ab Do Not Track \u00bb, qui permettent de g\u00e9rer les cookies autoris\u00e9s.<\/p>\n<p><strong>\u00a0<\/strong><\/p>\n<ol start=\"7\">\n<li>\n<h2><strong> Modifications de la politique de cookies<\/strong><\/h2>\n<\/li>\n<\/ol>\n<p>FRIGICOLL, S.A. se r\u00e9serve le droit de modifier la pr\u00e9sente politique de cookies afin de l\u2019adapter \u00e0 l\u2019\u00e9volution de la l\u00e9gislation, de la jurisprudence ou des pratiques de traitement.<\/p>\n<p>Toute modification substantielle fera l\u2019objet d\u2019une information pr\u00e9alable aux utilisateurs. Il est donc recommand\u00e9 de consulter r\u00e9guli\u00e8rement cette politique lors de vos visites sur le Site.<\/p>\n<p>Pour toute question ou demande de renseignements concernant la pr\u00e9sente politique en mati\u00e8re de <em>cookies, <\/em>n&#8217;h\u00e9sitez pas \u00e0 nous contacter via la section \u00ab Contact \u00bb.<\/p>\n<p><strong>\u00a0<\/strong><\/p>\n<p><strong>Date de mise \u00e0 jour : juillet 2025.<\/strong><\/p>\n","protected":false},"excerpt":{"rendered":"<p>FRIGICOLL, S.A. (ci-apr\u00e8s \u00ab l\u2019\u00c9diteur \u00bb) utilise des cookies pour le bon fonctionnement de son site internet (ci-apr\u00e8s \u00ab le Site \u00bb). La pr\u00e9sente politique a pour objet de vous informer de mani\u00e8re claire et compl\u00e8te sur l\u2019utilisation des cookies. \u00a0 Qu\u2019est-ce qu\u2019un cookie ? Un cookie est un petit fichier texte enregistr\u00e9 dans le&#8230;&nbsp; <a class=\"readmore\" href=\"https:\/\/www.frigicoll.es\/fr\/politica-de-cookies\/\"><span>Leer m\u00e1s<\/span> <i class=\"fa fa-chevron-right\"><\/i><\/a><\/p>\n","protected":false},"author":2,"featured_media":6069,"parent":0,"menu_order":0,"comment_status":"closed","ping_status":"closed","template":"","meta":{"_relevanssi_hide_post":"on","_relevanssi_pin_for_all":"","_relevanssi_pin_keywords":"","_relevanssi_unpin_keywords":"","_relevanssi_related_keywords":"","_relevanssi_related_include_ids":"","_relevanssi_related_exclude_ids":"","_relevanssi_related_no_append":"","_relevanssi_related_not_related":"","_relevanssi_related_posts":"","_relevanssi_noindex_reason":"Relevanssi image attachment filter Relevanssi index exclude"},"acf":[],"yoast_head":"<!-- This site is optimized with the Yoast SEO plugin v19.13 - https:\/\/yoast.com\/wordpress\/plugins\/seo\/ -->\n<title>Cookies - Frigicoll france<\/title>\n<meta name=\"robots\" content=\"noindex, follow\" \/>\n<meta property=\"og:locale\" content=\"fr_FR\" \/>\n<meta property=\"og:type\" content=\"article\" \/>\n<meta property=\"og:title\" content=\"Cookies - Frigicoll france\" \/>\n<meta property=\"og:description\" content=\"FRIGICOLL, S.A. (ci-apr\u00e8s \u00ab l\u2019\u00c9diteur \u00bb) utilise des cookies pour le bon fonctionnement de son site internet (ci-apr\u00e8s \u00ab le Site \u00bb). La pr\u00e9sente politique a pour objet de vous informer de mani\u00e8re claire et compl\u00e8te sur l\u2019utilisation des cookies. \u00a0 Qu\u2019est-ce qu\u2019un cookie ? Un cookie est un petit fichier texte enregistr\u00e9 dans le...&nbsp; Leer m\u00e1s\" \/>\n<meta property=\"og:url\" content=\"https:\/\/www.frigicoll.es\/fr\/politica-de-cookies\/\" \/>\n<meta property=\"og:site_name\" content=\"Frigicoll france\" \/>\n<meta property=\"article:modified_time\" content=\"2025-10-01T07:48:06+00:00\" \/>\n<meta property=\"og:image\" content=\"https:\/\/www.frigicoll.es\/fr\/wp-content\/uploads\/sites\/5\/2018\/10\/Pol\u00edtica-de-Cookies-Frigicoll.png\" \/>\n\t<meta property=\"og:image:width\" content=\"1088\" \/>\n\t<meta property=\"og:image:height\" content=\"215\" \/>\n\t<meta property=\"og:image:type\" content=\"image\/png\" \/>\n<meta name=\"twitter:card\" content=\"summary_large_image\" \/>\n<meta name=\"twitter:label1\" content=\"Dur\u00e9e de lecture estim\u00e9e\" \/>\n\t<meta name=\"twitter:data1\" content=\"4 minutes\" \/>\n<script type=\"application\/ld+json\" class=\"yoast-schema-graph\">{\"@context\":\"https:\/\/schema.org\",\"@graph\":[{\"@type\":\"WebPage\",\"@id\":\"https:\/\/www.frigicoll.es\/fr\/politica-de-cookies\/\",\"url\":\"https:\/\/www.frigicoll.es\/fr\/politica-de-cookies\/\",\"name\":\"Cookies - Frigicoll france\",\"isPartOf\":{\"@id\":\"https:\/\/www.frigicoll.es\/fr\/#website\"},\"datePublished\":\"2018-06-07T08:33:11+00:00\",\"dateModified\":\"2025-10-01T07:48:06+00:00\",\"breadcrumb\":{\"@id\":\"https:\/\/www.frigicoll.es\/fr\/politica-de-cookies\/#breadcrumb\"},\"inLanguage\":\"fr-FR\",\"potentialAction\":[{\"@type\":\"ReadAction\",\"target\":[\"https:\/\/www.frigicoll.es\/fr\/politica-de-cookies\/\"]}]},{\"@type\":\"BreadcrumbList\",\"@id\":\"https:\/\/www.frigicoll.es\/fr\/politica-de-cookies\/#breadcrumb\",\"itemListElement\":[{\"@type\":\"ListItem\",\"position\":1,\"name\":\"Inicio\",\"item\":\"https:\/\/www.frigicoll.es\/fr\/\"},{\"@type\":\"ListItem\",\"position\":2,\"name\":\"Cookies\"}]},{\"@type\":\"WebSite\",\"@id\":\"https:\/\/www.frigicoll.es\/fr\/#website\",\"url\":\"https:\/\/www.frigicoll.es\/fr\/\",\"name\":\"Frigicoll france\",\"description\":\"electrodom\u00e9sticos\",\"potentialAction\":[{\"@type\":\"SearchAction\",\"target\":{\"@type\":\"EntryPoint\",\"urlTemplate\":\"https:\/\/www.frigicoll.es\/fr\/?s={search_term_string}\"},\"query-input\":\"required name=search_term_string\"}],\"inLanguage\":\"fr-FR\"}]}<\/script>\n<!-- \/ Yoast SEO plugin. -->","yoast_head_json":{"title":"Cookies - Frigicoll france","robots":{"index":"noindex","follow":"follow"},"og_locale":"fr_FR","og_type":"article","og_title":"Cookies - Frigicoll france","og_description":"FRIGICOLL, S.A. (ci-apr\u00e8s \u00ab l\u2019\u00c9diteur \u00bb) utilise des cookies pour le bon fonctionnement de son site internet (ci-apr\u00e8s \u00ab le Site \u00bb). La pr\u00e9sente politique a pour objet de vous informer de mani\u00e8re claire et compl\u00e8te sur l\u2019utilisation des cookies. \u00a0 Qu\u2019est-ce qu\u2019un cookie ? Un cookie est un petit fichier texte enregistr\u00e9 dans le...&nbsp; Leer m\u00e1s","og_url":"https:\/\/www.frigicoll.es\/fr\/politica-de-cookies\/","og_site_name":"Frigicoll france","article_modified_time":"2025-10-01T07:48:06+00:00","og_image":[{"width":1088,"height":215,"url":"https:\/\/www.frigicoll.es\/fr\/wp-content\/uploads\/sites\/5\/2018\/10\/Pol\u00edtica-de-Cookies-Frigicoll.png","type":"image\/png"}],"twitter_card":"summary_large_image","twitter_misc":{"Dur\u00e9e de lecture estim\u00e9e":"4 minutes"},"schema":{"@context":"https:\/\/schema.org","@graph":[{"@type":"WebPage","@id":"https:\/\/www.frigicoll.es\/fr\/politica-de-cookies\/","url":"https:\/\/www.frigicoll.es\/fr\/politica-de-cookies\/","name":"Cookies - Frigicoll france","isPartOf":{"@id":"https:\/\/www.frigicoll.es\/fr\/#website"},"datePublished":"2018-06-07T08:33:11+00:00","dateModified":"2025-10-01T07:48:06+00:00","breadcrumb":{"@id":"https:\/\/www.frigicoll.es\/fr\/politica-de-cookies\/#breadcrumb"},"inLanguage":"fr-FR","potentialAction":[{"@type":"ReadAction","target":["https:\/\/www.frigicoll.es\/fr\/politica-de-cookies\/"]}]},{"@type":"BreadcrumbList","@id":"https:\/\/www.frigicoll.es\/fr\/politica-de-cookies\/#breadcrumb","itemListElement":[{"@type":"ListItem","position":1,"name":"Inicio","item":"https:\/\/www.frigicoll.es\/fr\/"},{"@type":"ListItem","position":2,"name":"Cookies"}]},{"@type":"WebSite","@id":"https:\/\/www.frigicoll.es\/fr\/#website","url":"https:\/\/www.frigicoll.es\/fr\/","name":"Frigicoll france","description":"electrodom\u00e9sticos","potentialAction":[{"@type":"SearchAction","target":{"@type":"EntryPoint","urlTemplate":"https:\/\/www.frigicoll.es\/fr\/?s={search_term_string}"},"query-input":"required name=search_term_string"}],"inLanguage":"fr-FR"}]}},"_links":{"self":[{"href":"https:\/\/www.frigicoll.es\/fr\/wp-json\/wp\/v2\/pages\/2605"}],"collection":[{"href":"https:\/\/www.frigicoll.es\/fr\/wp-json\/wp\/v2\/pages"}],"about":[{"href":"https:\/\/www.frigicoll.es\/fr\/wp-json\/wp\/v2\/types\/page"}],"author":[{"embeddable":true,"href":"https:\/\/www.frigicoll.es\/fr\/wp-json\/wp\/v2\/users\/2"}],"replies":[{"embeddable":true,"href":"https:\/\/www.frigicoll.es\/fr\/wp-json\/wp\/v2\/comments?post=2605"}],"version-history":[{"count":16,"href":"https:\/\/www.frigicoll.es\/fr\/wp-json\/wp\/v2\/pages\/2605\/revisions"}],"predecessor-version":[{"id":6463,"href":"https:\/\/www.frigicoll.es\/fr\/wp-json\/wp\/v2\/pages\/2605\/revisions\/6463"}],"wp:featuredmedia":[{"embeddable":true,"href":"https:\/\/www.frigicoll.es\/fr\/wp-json\/wp\/v2\/media\/6069"}],"wp:attachment":[{"href":"https:\/\/www.frigicoll.es\/fr\/wp-json\/wp\/v2\/media?parent=2605"}],"curies":[{"name":"wp","href":"https:\/\/api.w.org\/{rel}","templated":true}]}}