
{"id":2189,"date":"2018-03-01T10:06:19","date_gmt":"2018-03-01T09:06:19","guid":{"rendered":"http:\/\/www.frigicoll.es\/?page_id=2189"},"modified":"2019-01-04T09:45:58","modified_gmt":"2019-01-04T08:45:58","slug":"ressources-humaines","status":"publish","type":"page","link":"https:\/\/www.frigicoll.es\/fr\/ressources-humaines\/","title":{"rendered":"Ressources Humaines"},"content":{"rendered":"<p>&#8220;Vous <strong>souhaitez rejoindre<\/strong> une <strong>\u00e9quipe innovante<\/strong>, engag\u00e9e dans son<br \/>\nd\u00e9veloppement et qui cherche, par l\u2019interm\u00e9diaire du travail, \u00e0 r\u00e9aliser ses r\u00eaves\u00a0?<br \/>\nIl y a une place <strong>pour vous<\/strong> chez Frigicoll.&#8221;<\/p>\n","protected":false},"excerpt":{"rendered":"<p>&#8220;Vous souhaitez rejoindre une \u00e9quipe innovante, engag\u00e9e dans son d\u00e9veloppement et qui cherche, par l\u2019interm\u00e9diaire du travail, \u00e0 r\u00e9aliser ses r\u00eaves\u00a0? Il y a une place pour vous chez Frigicoll.&#8221;<\/p>\n","protected":false},"author":2,"featured_media":0,"parent":0,"menu_order":0,"comment_status":"closed","ping_status":"closed","template":"template-rrhh.php","meta":{"_relevanssi_hide_post":"","_relevanssi_pin_for_all":"","_relevanssi_pin_keywords":"","_relevanssi_unpin_keywords":"","_relevanssi_related_keywords":"","_relevanssi_related_include_ids":"","_relevanssi_related_exclude_ids":"","_relevanssi_related_no_append":"","_relevanssi_related_not_related":"","_relevanssi_related_posts":"","_relevanssi_noindex_reason":""},"acf":[],"yoast_head":"<!-- This site is optimized with the Yoast SEO plugin v19.13 - https:\/\/yoast.com\/wordpress\/plugins\/seo\/ -->\n<title>Ressources Humaines - Frigicoll france<\/title>\n<meta name=\"robots\" content=\"noindex, follow, max-snippet:-1, max-image-preview:large, max-video-preview:-1\" \/>\n<meta property=\"og:locale\" content=\"fr_FR\" \/>\n<meta property=\"og:type\" content=\"article\" \/>\n<meta property=\"og:title\" content=\"Ressources Humaines - Frigicoll france\" \/>\n<meta property=\"og:description\" content=\"&#8220;Vous souhaitez rejoindre une \u00e9quipe innovante, engag\u00e9e dans son d\u00e9veloppement et qui cherche, par l\u2019interm\u00e9diaire du travail, \u00e0 r\u00e9aliser ses r\u00eaves\u00a0? Il y a une place pour vous chez Frigicoll.&#8221;\" \/>\n<meta property=\"og:url\" content=\"https:\/\/www.frigicoll.es\/fr\/ressources-humaines\/\" \/>\n<meta property=\"og:site_name\" content=\"Frigicoll france\" \/>\n<meta property=\"article:modified_time\" content=\"2019-01-04T08:45:58+00:00\" \/>\n<meta name=\"twitter:card\" content=\"summary_large_image\" \/>\n<script type=\"application\/ld+json\" class=\"yoast-schema-graph\">{\"@context\":\"https:\/\/schema.org\",\"@graph\":[{\"@type\":\"WebPage\",\"@id\":\"https:\/\/www.frigicoll.es\/fr\/ressources-humaines\/\",\"url\":\"https:\/\/www.frigicoll.es\/fr\/ressources-humaines\/\",\"name\":\"Ressources Humaines - Frigicoll france\",\"isPartOf\":{\"@id\":\"https:\/\/www.frigicoll.es\/fr\/#website\"},\"datePublished\":\"2018-03-01T09:06:19+00:00\",\"dateModified\":\"2019-01-04T08:45:58+00:00\",\"breadcrumb\":{\"@id\":\"https:\/\/www.frigicoll.es\/fr\/ressources-humaines\/#breadcrumb\"},\"inLanguage\":\"fr-FR\",\"potentialAction\":[{\"@type\":\"ReadAction\",\"target\":[\"https:\/\/www.frigicoll.es\/fr\/ressources-humaines\/\"]}]},{\"@type\":\"BreadcrumbList\",\"@id\":\"https:\/\/www.frigicoll.es\/fr\/ressources-humaines\/#breadcrumb\",\"itemListElement\":[{\"@type\":\"ListItem\",\"position\":1,\"name\":\"Inicio\",\"item\":\"https:\/\/www.frigicoll.es\/fr\/\"},{\"@type\":\"ListItem\",\"position\":2,\"name\":\"Ressources Humaines\"}]},{\"@type\":\"WebSite\",\"@id\":\"https:\/\/www.frigicoll.es\/fr\/#website\",\"url\":\"https:\/\/www.frigicoll.es\/fr\/\",\"name\":\"Frigicoll france\",\"description\":\"electrodom\u00e9sticos\",\"potentialAction\":[{\"@type\":\"SearchAction\",\"target\":{\"@type\":\"EntryPoint\",\"urlTemplate\":\"https:\/\/www.frigicoll.es\/fr\/?s={search_term_string}\"},\"query-input\":\"required name=search_term_string\"}],\"inLanguage\":\"fr-FR\"}]}<\/script>\n<!-- \/ Yoast SEO plugin. -->","yoast_head_json":{"title":"Ressources Humaines - Frigicoll france","robots":{"index":"noindex","follow":"follow","max-snippet":"max-snippet:-1","max-image-preview":"max-image-preview:large","max-video-preview":"max-video-preview:-1"},"og_locale":"fr_FR","og_type":"article","og_title":"Ressources Humaines - Frigicoll france","og_description":"&#8220;Vous souhaitez rejoindre une \u00e9quipe innovante, engag\u00e9e dans son d\u00e9veloppement et qui cherche, par l\u2019interm\u00e9diaire du travail, \u00e0 r\u00e9aliser ses r\u00eaves\u00a0? Il y a une place pour vous chez Frigicoll.&#8221;","og_url":"https:\/\/www.frigicoll.es\/fr\/ressources-humaines\/","og_site_name":"Frigicoll france","article_modified_time":"2019-01-04T08:45:58+00:00","twitter_card":"summary_large_image","schema":{"@context":"https:\/\/schema.org","@graph":[{"@type":"WebPage","@id":"https:\/\/www.frigicoll.es\/fr\/ressources-humaines\/","url":"https:\/\/www.frigicoll.es\/fr\/ressources-humaines\/","name":"Ressources Humaines - Frigicoll france","isPartOf":{"@id":"https:\/\/www.frigicoll.es\/fr\/#website"},"datePublished":"2018-03-01T09:06:19+00:00","dateModified":"2019-01-04T08:45:58+00:00","breadcrumb":{"@id":"https:\/\/www.frigicoll.es\/fr\/ressources-humaines\/#breadcrumb"},"inLanguage":"fr-FR","potentialAction":[{"@type":"ReadAction","target":["https:\/\/www.frigicoll.es\/fr\/ressources-humaines\/"]}]},{"@type":"BreadcrumbList","@id":"https:\/\/www.frigicoll.es\/fr\/ressources-humaines\/#breadcrumb","itemListElement":[{"@type":"ListItem","position":1,"name":"Inicio","item":"https:\/\/www.frigicoll.es\/fr\/"},{"@type":"ListItem","position":2,"name":"Ressources Humaines"}]},{"@type":"WebSite","@id":"https:\/\/www.frigicoll.es\/fr\/#website","url":"https:\/\/www.frigicoll.es\/fr\/","name":"Frigicoll france","description":"electrodom\u00e9sticos","potentialAction":[{"@type":"SearchAction","target":{"@type":"EntryPoint","urlTemplate":"https:\/\/www.frigicoll.es\/fr\/?s={search_term_string}"},"query-input":"required name=search_term_string"}],"inLanguage":"fr-FR"}]}},"_links":{"self":[{"href":"https:\/\/www.frigicoll.es\/fr\/wp-json\/wp\/v2\/pages\/2189"}],"collection":[{"href":"https:\/\/www.frigicoll.es\/fr\/wp-json\/wp\/v2\/pages"}],"about":[{"href":"https:\/\/www.frigicoll.es\/fr\/wp-json\/wp\/v2\/types\/page"}],"author":[{"embeddable":true,"href":"https:\/\/www.frigicoll.es\/fr\/wp-json\/wp\/v2\/users\/2"}],"replies":[{"embeddable":true,"href":"https:\/\/www.frigicoll.es\/fr\/wp-json\/wp\/v2\/comments?post=2189"}],"version-history":[{"count":28,"href":"https:\/\/www.frigicoll.es\/fr\/wp-json\/wp\/v2\/pages\/2189\/revisions"}],"predecessor-version":[{"id":6259,"href":"https:\/\/www.frigicoll.es\/fr\/wp-json\/wp\/v2\/pages\/2189\/revisions\/6259"}],"wp:attachment":[{"href":"https:\/\/www.frigicoll.es\/fr\/wp-json\/wp\/v2\/media?parent=2189"}],"curies":[{"name":"wp","href":"https:\/\/api.w.org\/{rel}","templated":true}]}}