
{"id":1676,"date":"2018-01-08T12:06:39","date_gmt":"2018-01-08T11:06:39","guid":{"rendered":"http:\/\/www.frigicoll.es\/?page_id=1676"},"modified":"2023-05-31T14:27:42","modified_gmt":"2023-05-31T13:27:42","slug":"acces-aux-professionnels","status":"publish","type":"page","link":"https:\/\/www.frigicoll.es\/fr\/acces-aux-professionnels\/","title":{"rendered":"ACC\u00c8S AUX PROFESSIONNELS"},"content":{"rendered":"<div class=\"quienes-somos\">\n<h2 class=\"subtitle text-center\">Formulaire d&#8217;inscription<\/h2>\n<div class=\"row mb-3\">\n<div class=\"col-sm-7\"><\/div>\n<\/div>\n<\/div>\n<p class=\"mt-3\">Vous n\u2019avez pas encore de compte? <strong> Inscrivez-vous:<\/strong><\/p>\n<div role=\"form\" class=\"wpcf7\" id=\"wpcf7-f1678-o1\" lang=\"es-ES\" dir=\"ltr\">\n<div class=\"screen-reader-response\"><p role=\"status\" aria-live=\"polite\" aria-atomic=\"true\"><\/p> <ul><\/ul><\/div>\n<form action=\"\/fr\/wp-json\/wp\/v2\/pages\/1676#wpcf7-f1678-o1\" method=\"post\" class=\"wpcf7-form init registerform wpcf7-acceptance-as-validation\" novalidate=\"novalidate\" data-status=\"init\">\n<div style=\"display: none;\">\n<input type=\"hidden\" name=\"_wpcf7\" value=\"1678\" \/>\n<input type=\"hidden\" name=\"_wpcf7_version\" value=\"5.6.4\" \/>\n<input type=\"hidden\" name=\"_wpcf7_locale\" value=\"es_ES\" \/>\n<input type=\"hidden\" name=\"_wpcf7_unit_tag\" value=\"wpcf7-f1678-o1\" \/>\n<input type=\"hidden\" name=\"_wpcf7_container_post\" value=\"0\" \/>\n<input type=\"hidden\" name=\"_wpcf7_posted_data_hash\" value=\"\" \/>\n<input type=\"hidden\" name=\"_wpcf7_recaptcha_response\" value=\"\" \/>\n<\/div>\n<div class=\"wrap-camps camps-register\">\n<div class=\"row\">\n<div class=\"col-md-6\">\n<p><label> Nom entreprise (*)<br \/>\n    <span class=\"wpcf7-form-control-wrap\" data-name=\"nombreempresa\"><input type=\"text\" name=\"nombreempresa\" value=\"\" size=\"40\" class=\"wpcf7-form-control wpcf7-text wpcf7-validates-as-required\" aria-required=\"true\" aria-invalid=\"false\" \/><\/span><\/label><\/p>\n<p><label> Nom et Pr\u00e9nom (*)<br \/>\n    <span class=\"wpcf7-form-control-wrap\" data-name=\"nombreyapellidos\"><input type=\"text\" name=\"nombreyapellidos\" value=\"\" size=\"40\" class=\"wpcf7-form-control wpcf7-text wpcf7-validates-as-required\" aria-required=\"true\" aria-invalid=\"false\" \/><\/span><\/label><\/p>\n<\/div>\n<div class=\"col-md-6\">\n<p><label> RCS (chiffres) (*)<br \/>\n    <span class=\"wpcf7-form-control-wrap\" data-name=\"dnicif\"><input type=\"text\" name=\"dnicif\" value=\"\" size=\"40\" class=\"wpcf7-form-control wpcf7-text wpcf7-validates-as-required\" aria-required=\"true\" aria-invalid=\"false\" placeholder=\"(Ej. 12345678L)\" \/><\/span><\/label><\/p>\n<\/div>\n<div class=\"col-md-6\">\n<p><label> N\u00b0 t\u00e9l\u00e9phone<br \/>\n    <span class=\"wpcf7-form-control-wrap\" data-name=\"telefono\"><input type=\"tel\" name=\"telefono\" value=\"\" size=\"40\" class=\"wpcf7-form-control wpcf7-text wpcf7-tel wpcf7-validates-as-tel\" aria-invalid=\"false\" \/><\/span> <\/label><\/p>\n<p><label> E-mail (*)<br \/>\n    <span class=\"wpcf7-form-control-wrap\" data-name=\"correo\"><input type=\"email\" name=\"correo\" value=\"\" size=\"40\" class=\"wpcf7-form-control wpcf7-text wpcf7-email wpcf7-validates-as-email\" aria-invalid=\"false\" \/><\/span> <\/label><\/p>\n<\/div>\n<div class=\"col-md-6\">\n<p><label> Ville (*)<br \/>\n    <span class=\"wpcf7-form-control-wrap\" data-name=\"poblacion\"><input type=\"text\" name=\"poblacion\" value=\"\" size=\"40\" class=\"wpcf7-form-control wpcf7-text wpcf7-validates-as-required\" aria-required=\"true\" aria-invalid=\"false\" \/><\/span> <\/label><\/p>\n<p><label> D\u00e9partement (*)<br \/>\n<span class=\"wpcf7-form-control-wrap\" data-name=\"provincies\"><select name=\"provincies\" class=\"wpcf7-form-control wpcf7-select wpcf7-validates-as-required\" id=\"idProvincia\" aria-required=\"true\" aria-invalid=\"false\"><option value=\"\">---<\/option><option value=\"Alsacia\">Alsacia<\/option><option value=\"Angourmois\">Angourmois<\/option><option value=\"Anjou\">Anjou<\/option><option value=\"Artois\">Artois<\/option><option value=\"Aunis\">Aunis<\/option><option value=\"Auvernia\">Auvernia<\/option><option value=\"Baja Navarra\">Baja Navarra<\/option><option value=\"B\u00e9arn\">B\u00e9arn<\/option><option value=\"Beaujolais\">Beaujolais<\/option><option value=\"Berry\">Berry<\/option><option value=\"Bourbonnais\">Bourbonnais<\/option><option value=\"Borgo\u00f1a\">Borgo\u00f1a<\/option><option value=\"Bretagne\">Bretagne<\/option><option value=\"Champa\u00f1a\">Champa\u00f1a<\/option><option value=\"C\u00f3rcega\">C\u00f3rcega<\/option><option value=\"Dauphin\u00e9\">Dauphin\u00e9<\/option><option value=\"Flanders and Hainaut\">Flanders and Hainaut<\/option><option value=\"Condado de Foix\">Condado de Foix<\/option><option value=\"Forez\">Forez<\/option><option value=\"Franche-Comt\u00e9\">Franche-Comt\u00e9<\/option><option value=\"Gascu\u00f1a\">Gascu\u00f1a<\/option><option value=\"Guyenne\">Guyenne<\/option><option value=\"\u00cele-de-France\">\u00cele-de-France<\/option><option value=\"Languedoc\">Languedoc<\/option><option value=\"Landau\">Landau<\/option><option value=\"Limousin\">Limousin<\/option><option value=\"Ducado de Lorena\">Ducado de Lorena<\/option><option value=\"Lyonnais\">Lyonnais<\/option><option value=\"Maine\">Maine<\/option><option value=\"Marche\">Marche<\/option><option value=\"Nivernais\">Nivernais<\/option><option value=\"Normand\u00eda\">Normand\u00eda<\/option><option value=\"Orl\u00e9anais\">Orl\u00e9anais<\/option><option value=\"Perche\">Perche<\/option><option value=\"Picard\u00eda\">Picard\u00eda<\/option><option value=\"Poitou\">Poitou<\/option><option value=\"Rosell\u00f3n\">Rosell\u00f3n<\/option><option value=\"Saintonge\">Saintonge<\/option><option value=\"Touraine\">Touraine<\/option><option value=\"Trois-\u00c9v\u00each\u00e9s\">Trois-\u00c9v\u00each\u00e9s<\/option><option value=\"Soix\">Soix<\/option><\/select><\/span><\/label><\/p>\n<\/div>\n<\/div>\n<div class=\"divisiones-acceso mb-3\">\n<label for=\"idDivision\">Acc\u00e8s aux divisions:<\/label><br \/>\n<span class=\"wpcf7-form-control-wrap\" data-name=\"divisiones\"><select name=\"divisiones\" class=\"wpcf7-form-control wpcf7-select wpcf7-validates-as-required\" id=\"idDivision\" aria-required=\"true\" aria-invalid=\"false\"><option value=\"\">---<\/option><option value=\"Transport r\u00e9frig\u00e9r\u00e9\">Transport r\u00e9frig\u00e9r\u00e9<\/option><option value=\"R\u00e9frig\u00e9ration\">R\u00e9frig\u00e9ration<\/option><option value=\"H\u00f4tellerie\">H\u00f4tellerie<\/option><option value=\"Climatisation\">Climatisation<\/option><option value=\"\u00c9lectrom\u00e9nagers\">\u00c9lectrom\u00e9nagers<\/option><\/select><\/span>\n<\/div>\n<\/div>\n<p class=\"mb-0 accept-policy\"><span class=\"wpcf7-form-control-wrap\" data-name=\"acceptance-policy\"><span class=\"wpcf7-form-control wpcf7-acceptance\"><span class=\"wpcf7-list-item\"><label><input type=\"checkbox\" name=\"acceptance-policy\" value=\"1\" aria-invalid=\"false\" \/><span class=\"wpcf7-list-item-label\">J\u2019ai lu et j\u2019accepte la <a href=\"http:\/\/www.frigicoll.es\/FR\/politique-de-confidentialite\">politique de confidentialit\u00e9<\/a> et je donne mon consentement \u00e0 Frigicoll S.A. pour envoyer des informations sur l'Intranet de professionnels.<\/span><\/label><\/span><\/span><\/span><\/p>\n<p class=\"text-right\">\n<input type=\"submit\" value=\"ENVOYER\" class=\"wpcf7-form-control has-spinner wpcf7-submit btn btn-primary\" \/><\/p>\n<p style=\"display: none !important;\" class=\"akismet-fields-container\" data-prefix=\"_wpcf7_ak_\"><label>&#916;<textarea name=\"_wpcf7_ak_hp_textarea\" cols=\"45\" rows=\"8\" maxlength=\"100\"><\/textarea><\/label><input type=\"hidden\" id=\"ak_js_1\" name=\"_wpcf7_ak_js\" value=\"19\"\/><script>document.getElementById( \"ak_js_1\" ).setAttribute( \"value\", ( new Date() ).getTime() );<\/script><\/p><div class=\"wpcf7-response-output\" aria-hidden=\"true\"><\/div><\/form><\/div>\n","protected":false},"excerpt":{"rendered":"<p>Formulaire d&#8217;inscription Vous n\u2019avez pas encore de compte? Inscrivez-vous:<\/p>\n","protected":false},"author":2,"featured_media":2502,"parent":0,"menu_order":0,"comment_status":"closed","ping_status":"closed","template":"","meta":{"_relevanssi_hide_post":"","_relevanssi_pin_for_all":"","_relevanssi_pin_keywords":"","_relevanssi_unpin_keywords":"","_relevanssi_related_keywords":"","_relevanssi_related_include_ids":"","_relevanssi_related_exclude_ids":"","_relevanssi_related_no_append":"","_relevanssi_related_not_related":"","_relevanssi_related_posts":"","_relevanssi_noindex_reason":""},"acf":[],"yoast_head":"<!-- This site is optimized with the Yoast SEO plugin v19.13 - https:\/\/yoast.com\/wordpress\/plugins\/seo\/ -->\n<title>ACC\u00c8S AUX PROFESSIONNELS - Frigicoll france<\/title>\n<meta name=\"robots\" content=\"noindex, follow, max-snippet:-1, max-image-preview:large, max-video-preview:-1\" \/>\n<meta property=\"og:locale\" content=\"fr_FR\" \/>\n<meta property=\"og:type\" content=\"article\" \/>\n<meta property=\"og:title\" content=\"ACC\u00c8S AUX PROFESSIONNELS - Frigicoll france\" \/>\n<meta property=\"og:description\" content=\"Formulaire d&#8217;inscription Vous n\u2019avez pas encore de compte? Inscrivez-vous:\" \/>\n<meta property=\"og:url\" content=\"https:\/\/www.frigicoll.es\/fr\/acces-aux-professionnels\/\" \/>\n<meta property=\"og:site_name\" content=\"Frigicoll france\" \/>\n<meta property=\"article:modified_time\" content=\"2023-05-31T13:27:42+00:00\" \/>\n<meta property=\"og:image\" content=\"https:\/\/www.frigicoll.es\/fr\/wp-content\/uploads\/sites\/5\/2018\/06\/header-profesionales-final.jpg\" \/>\n\t<meta property=\"og:image:width\" content=\"1600\" \/>\n\t<meta property=\"og:image:height\" content=\"533\" \/>\n\t<meta property=\"og:image:type\" content=\"image\/jpeg\" \/>\n<meta name=\"twitter:card\" content=\"summary_large_image\" \/>\n<script type=\"application\/ld+json\" class=\"yoast-schema-graph\">{\"@context\":\"https:\/\/schema.org\",\"@graph\":[{\"@type\":\"WebPage\",\"@id\":\"https:\/\/www.frigicoll.es\/fr\/acces-aux-professionnels\/\",\"url\":\"https:\/\/www.frigicoll.es\/fr\/acces-aux-professionnels\/\",\"name\":\"ACC\u00c8S AUX PROFESSIONNELS - Frigicoll france\",\"isPartOf\":{\"@id\":\"https:\/\/www.frigicoll.es\/fr\/#website\"},\"datePublished\":\"2018-01-08T11:06:39+00:00\",\"dateModified\":\"2023-05-31T13:27:42+00:00\",\"breadcrumb\":{\"@id\":\"https:\/\/www.frigicoll.es\/fr\/acces-aux-professionnels\/#breadcrumb\"},\"inLanguage\":\"fr-FR\",\"potentialAction\":[{\"@type\":\"ReadAction\",\"target\":[\"https:\/\/www.frigicoll.es\/fr\/acces-aux-professionnels\/\"]}]},{\"@type\":\"BreadcrumbList\",\"@id\":\"https:\/\/www.frigicoll.es\/fr\/acces-aux-professionnels\/#breadcrumb\",\"itemListElement\":[{\"@type\":\"ListItem\",\"position\":1,\"name\":\"Inicio\",\"item\":\"https:\/\/www.frigicoll.es\/fr\/\"},{\"@type\":\"ListItem\",\"position\":2,\"name\":\"ACC\u00c8S AUX PROFESSIONNELS\"}]},{\"@type\":\"WebSite\",\"@id\":\"https:\/\/www.frigicoll.es\/fr\/#website\",\"url\":\"https:\/\/www.frigicoll.es\/fr\/\",\"name\":\"Frigicoll france\",\"description\":\"electrodom\u00e9sticos\",\"potentialAction\":[{\"@type\":\"SearchAction\",\"target\":{\"@type\":\"EntryPoint\",\"urlTemplate\":\"https:\/\/www.frigicoll.es\/fr\/?s={search_term_string}\"},\"query-input\":\"required name=search_term_string\"}],\"inLanguage\":\"fr-FR\"}]}<\/script>\n<!-- \/ Yoast SEO plugin. -->","yoast_head_json":{"title":"ACC\u00c8S AUX PROFESSIONNELS - Frigicoll france","robots":{"index":"noindex","follow":"follow","max-snippet":"max-snippet:-1","max-image-preview":"max-image-preview:large","max-video-preview":"max-video-preview:-1"},"og_locale":"fr_FR","og_type":"article","og_title":"ACC\u00c8S AUX PROFESSIONNELS - Frigicoll france","og_description":"Formulaire d&#8217;inscription Vous n\u2019avez pas encore de compte? Inscrivez-vous:","og_url":"https:\/\/www.frigicoll.es\/fr\/acces-aux-professionnels\/","og_site_name":"Frigicoll france","article_modified_time":"2023-05-31T13:27:42+00:00","og_image":[{"width":1600,"height":533,"url":"https:\/\/www.frigicoll.es\/fr\/wp-content\/uploads\/sites\/5\/2018\/06\/header-profesionales-final.jpg","type":"image\/jpeg"}],"twitter_card":"summary_large_image","schema":{"@context":"https:\/\/schema.org","@graph":[{"@type":"WebPage","@id":"https:\/\/www.frigicoll.es\/fr\/acces-aux-professionnels\/","url":"https:\/\/www.frigicoll.es\/fr\/acces-aux-professionnels\/","name":"ACC\u00c8S AUX PROFESSIONNELS - Frigicoll france","isPartOf":{"@id":"https:\/\/www.frigicoll.es\/fr\/#website"},"datePublished":"2018-01-08T11:06:39+00:00","dateModified":"2023-05-31T13:27:42+00:00","breadcrumb":{"@id":"https:\/\/www.frigicoll.es\/fr\/acces-aux-professionnels\/#breadcrumb"},"inLanguage":"fr-FR","potentialAction":[{"@type":"ReadAction","target":["https:\/\/www.frigicoll.es\/fr\/acces-aux-professionnels\/"]}]},{"@type":"BreadcrumbList","@id":"https:\/\/www.frigicoll.es\/fr\/acces-aux-professionnels\/#breadcrumb","itemListElement":[{"@type":"ListItem","position":1,"name":"Inicio","item":"https:\/\/www.frigicoll.es\/fr\/"},{"@type":"ListItem","position":2,"name":"ACC\u00c8S AUX PROFESSIONNELS"}]},{"@type":"WebSite","@id":"https:\/\/www.frigicoll.es\/fr\/#website","url":"https:\/\/www.frigicoll.es\/fr\/","name":"Frigicoll france","description":"electrodom\u00e9sticos","potentialAction":[{"@type":"SearchAction","target":{"@type":"EntryPoint","urlTemplate":"https:\/\/www.frigicoll.es\/fr\/?s={search_term_string}"},"query-input":"required name=search_term_string"}],"inLanguage":"fr-FR"}]}},"_links":{"self":[{"href":"https:\/\/www.frigicoll.es\/fr\/wp-json\/wp\/v2\/pages\/1676"}],"collection":[{"href":"https:\/\/www.frigicoll.es\/fr\/wp-json\/wp\/v2\/pages"}],"about":[{"href":"https:\/\/www.frigicoll.es\/fr\/wp-json\/wp\/v2\/types\/page"}],"author":[{"embeddable":true,"href":"https:\/\/www.frigicoll.es\/fr\/wp-json\/wp\/v2\/users\/2"}],"replies":[{"embeddable":true,"href":"https:\/\/www.frigicoll.es\/fr\/wp-json\/wp\/v2\/comments?post=1676"}],"version-history":[{"count":24,"href":"https:\/\/www.frigicoll.es\/fr\/wp-json\/wp\/v2\/pages\/1676\/revisions"}],"predecessor-version":[{"id":6450,"href":"https:\/\/www.frigicoll.es\/fr\/wp-json\/wp\/v2\/pages\/1676\/revisions\/6450"}],"wp:featuredmedia":[{"embeddable":true,"href":"https:\/\/www.frigicoll.es\/fr\/wp-json\/wp\/v2\/media\/2502"}],"wp:attachment":[{"href":"https:\/\/www.frigicoll.es\/fr\/wp-json\/wp\/v2\/media?parent=1676"}],"curies":[{"name":"wp","href":"https:\/\/api.w.org\/{rel}","templated":true}]}}