
{"id":1664,"date":"2018-01-05T14:57:10","date_gmt":"2018-01-05T13:57:10","guid":{"rendered":"http:\/\/www.frigicoll.es\/?page_id=1664"},"modified":"2019-01-21T12:11:09","modified_gmt":"2019-01-21T11:11:09","slug":"pieces-de-rechange","status":"publish","type":"page","link":"https:\/\/www.frigicoll.es\/fr\/pieces-de-rechange\/","title":{"rendered":"PI\u00c8CES DETACHEES"},"content":{"rendered":"<div class=\"row\">\n<div class=\"col-md-1\"><\/div>\n<div class=\"col-md-10\">\n<p class=\"lead brand-primary\">Frigicoll compte sur l&#8217;Unit\u00e9 Op\u00e9rationnelle de Pi\u00e8ces d\u00e9tach\u00e9es, qui a comme objectif d&#8217;offrir le niveau maximum de service avec des livraisons en 24h, un conseil technique et une assistance t\u00e9l\u00e9phonique sp\u00e9cialis\u00e9e par produit dans le but de conserver le prestige et l&#8217;excellence des produits repr\u00e9sent\u00e9s<\/p>\n<\/div>\n<\/div>\n<section class=\"quienes-somos mt-4\">\n<h3 class=\"subtitle text-center\">Pi\u00e8ces de rechanges d\u2019origine Frigicoll\u00a0:<\/h3>\n<hr class=\"ornament\" \/>\n<div class=\"row\">\n<div class=\"col-md-1\"><\/div>\n<div class=\"col-md-5\">\n<ul class=\"ul-narrow\">\n<li>Entrep\u00f4t logistique automatis\u00e9 de <span class=\"lead\">2.500<\/span>m<sup>2<\/sup><\/li>\n<li><span class=\"lead\">30.000<\/span> r\u00e9f\u00e9rences en stock<\/li>\n<li>Livraison de <span class=\"lead\">90%<\/span> de nos pi\u00e8ces de rechange <span class=\"lead\">en moins de 48h<\/span><\/li>\n<\/ul>\n<\/div>\n<div class=\"col-md-5\">\n<ul class=\"ul-narrow text-large\">\n<li><span class=\"lead\">+ 200<\/span> exp\u00e9ditions journali\u00e8res<\/li>\n<li><span class=\"lead\">+ 400.000<\/span> pi\u00e8ces livr\u00e9es par an<\/li>\n<\/ul>\n<\/div>\n<div class=\"col-md-1\"><\/div>\n<\/div>\n<\/section>\n<section class=\"postventa mt-4\">\n<div class=\"container certificados\" style=\"min-height: 0;\">\n<section class=\"flex-cont\">\n<div class=\"item text-large\"><img loading=\"lazy\" class=\"alignnone size-full wp-image-2270\" src=\"http:\/\/www.frigicoll.es\/wp-content\/uploads\/sites\/5\/2018\/03\/ico-recepcion-tramit-envio.png\" alt=\"\" width=\"300\" height=\"300\" srcset=\"https:\/\/www.frigicoll.es\/fr\/wp-content\/uploads\/sites\/5\/2018\/03\/ico-recepcion-tramit-envio.png 300w, https:\/\/www.frigicoll.es\/fr\/wp-content\/uploads\/sites\/5\/2018\/03\/ico-recepcion-tramit-envio-150x150.png 150w, https:\/\/www.frigicoll.es\/fr\/wp-content\/uploads\/sites\/5\/2018\/03\/ico-recepcion-tramit-envio-210x210.png 210w\" sizes=\"(max-width: 300px) 100vw, 300px\" \/><br \/>\nR\u00e9ception, Traitement, Envoi <br class=\"d-none d-xl-block\" \/>et Suivi des commandes.<\/div>\n<div class=\"item text-large\"><img loading=\"lazy\" class=\"alignnone size-full wp-image-2271\" src=\"http:\/\/www.frigicoll.es\/wp-content\/uploads\/sites\/5\/2018\/03\/ico-suministro-documentacion.png\" alt=\"\" width=\"300\" height=\"300\" \/><br \/>\nFourniture des documents pour <br class=\"d-none d-xl-block\" \/>l\u2019identification des pi\u00e8ces de rechange.<\/div>\n<div class=\"item text-large\"><img loading=\"lazy\" class=\"alignnone size-full wp-image-2272\" src=\"http:\/\/www.frigicoll.es\/wp-content\/uploads\/sites\/5\/2018\/03\/ico-asesoramiento-atencion-telefonica.png\" alt=\"\" width=\"300\" height=\"300\" \/><br \/>\nConseil et Service <br class=\"d-none d-xl-block\" \/>t\u00e9l\u00e9phonique sp\u00e9cialis\u00e9.<\/div>\n<div class=\"item text-large\"><img loading=\"lazy\" class=\"alignnone size-full wp-image-2273\" src=\"http:\/\/www.frigicoll.es\/wp-content\/uploads\/sites\/5\/2018\/03\/ico-pedidos-urgentes.png\" alt=\"\" width=\"300\" height=\"300\" srcset=\"https:\/\/www.frigicoll.es\/fr\/wp-content\/uploads\/sites\/5\/2018\/03\/ico-pedidos-urgentes.png 300w, https:\/\/www.frigicoll.es\/fr\/wp-content\/uploads\/sites\/5\/2018\/03\/ico-pedidos-urgentes-150x150.png 150w, https:\/\/www.frigicoll.es\/fr\/wp-content\/uploads\/sites\/5\/2018\/03\/ico-pedidos-urgentes-210x210.png 210w\" sizes=\"(max-width: 300px) 100vw, 300px\" \/><br \/>\nService sp\u00e9cial <br class=\"d-none d-xl-block\" \/>commandes urgentes.<\/div>\n<div class=\"item text-large\"><img loading=\"lazy\" class=\"alignnone size-full wp-image-2274\" src=\"http:\/\/www.frigicoll.es\/wp-content\/uploads\/sites\/5\/2018\/03\/ico-comercializacion-herramientas.png\" alt=\"\" width=\"300\" height=\"300\" srcset=\"https:\/\/www.frigicoll.es\/fr\/wp-content\/uploads\/sites\/5\/2018\/03\/ico-comercializacion-herramientas.png 300w, https:\/\/www.frigicoll.es\/fr\/wp-content\/uploads\/sites\/5\/2018\/03\/ico-comercializacion-herramientas-150x150.png 150w, https:\/\/www.frigicoll.es\/fr\/wp-content\/uploads\/sites\/5\/2018\/03\/ico-comercializacion-herramientas-210x210.png 210w\" sizes=\"(max-width: 300px) 100vw, 300px\" \/><br \/>\nCommercialisation <br class=\"d-none d-xl-block\" \/>d\u2019outils et d&#8217;accessoires.<\/div>\n<\/section>\n<p><!--flex-cont--><\/p>\n<div class=\"row mt-5\">\n<div class=\"col-md-12 quienes-somos text-center\"><\/div>\n<\/div>\n<\/div>\n<\/section>\n<p><!--postventa--><\/p>\n","protected":false},"excerpt":{"rendered":"<p>Frigicoll compte sur l&#8217;Unit\u00e9 Op\u00e9rationnelle de Pi\u00e8ces d\u00e9tach\u00e9es, qui a comme objectif d&#8217;offrir le niveau maximum de service avec des livraisons en 24h, un conseil technique et une assistance t\u00e9l\u00e9phonique sp\u00e9cialis\u00e9e par produit dans le but de conserver le prestige et l&#8217;excellence des produits repr\u00e9sent\u00e9s Pi\u00e8ces de rechanges d\u2019origine Frigicoll\u00a0: Entrep\u00f4t logistique automatis\u00e9 de 2.500m2&#8230;&nbsp; <a class=\"readmore\" href=\"https:\/\/www.frigicoll.es\/fr\/pieces-de-rechange\/\"><span>Leer m\u00e1s<\/span> <i class=\"fa fa-chevron-right\"><\/i><\/a><\/p>\n","protected":false},"author":2,"featured_media":1704,"parent":0,"menu_order":0,"comment_status":"closed","ping_status":"closed","template":"template-recambios.php","meta":{"_relevanssi_hide_post":"","_relevanssi_pin_for_all":"","_relevanssi_pin_keywords":"","_relevanssi_unpin_keywords":"","_relevanssi_related_keywords":"","_relevanssi_related_include_ids":"","_relevanssi_related_exclude_ids":"","_relevanssi_related_no_append":"","_relevanssi_related_not_related":"","_relevanssi_related_posts":"","_relevanssi_noindex_reason":""},"acf":[],"yoast_head":"<!-- This site is optimized with the Yoast SEO plugin v19.13 - https:\/\/yoast.com\/wordpress\/plugins\/seo\/ -->\n<title>PI\u00c8CES DETACHEES - Frigicoll france<\/title>\n<meta name=\"robots\" content=\"noindex, follow, max-snippet:-1, max-image-preview:large, max-video-preview:-1\" \/>\n<meta property=\"og:locale\" content=\"fr_FR\" \/>\n<meta property=\"og:type\" content=\"article\" \/>\n<meta property=\"og:title\" content=\"PI\u00c8CES DETACHEES - Frigicoll france\" \/>\n<meta property=\"og:description\" content=\"Frigicoll compte sur l&#8217;Unit\u00e9 Op\u00e9rationnelle de Pi\u00e8ces d\u00e9tach\u00e9es, qui a comme objectif d&#8217;offrir le niveau maximum de service avec des livraisons en 24h, un conseil technique et une assistance t\u00e9l\u00e9phonique sp\u00e9cialis\u00e9e par produit dans le but de conserver le prestige et l&#8217;excellence des produits repr\u00e9sent\u00e9s Pi\u00e8ces de rechanges d\u2019origine Frigicoll\u00a0: Entrep\u00f4t logistique automatis\u00e9 de 2.500m2...&nbsp; Leer m\u00e1s\" \/>\n<meta property=\"og:url\" content=\"https:\/\/www.frigicoll.es\/fr\/pieces-de-rechange\/\" \/>\n<meta property=\"og:site_name\" content=\"Frigicoll france\" \/>\n<meta property=\"article:modified_time\" content=\"2019-01-21T11:11:09+00:00\" \/>\n<meta property=\"og:image\" content=\"https:\/\/www.frigicoll.es\/fr\/wp-content\/uploads\/sites\/5\/2018\/01\/recambios-header1.jpg\" \/>\n\t<meta property=\"og:image:width\" content=\"1920\" \/>\n\t<meta property=\"og:image:height\" content=\"640\" \/>\n\t<meta property=\"og:image:type\" content=\"image\/jpeg\" \/>\n<meta name=\"twitter:card\" content=\"summary_large_image\" \/>\n<meta name=\"twitter:label1\" content=\"Dur\u00e9e de lecture estim\u00e9e\" \/>\n\t<meta name=\"twitter:data1\" content=\"1 minute\" \/>\n<script type=\"application\/ld+json\" class=\"yoast-schema-graph\">{\"@context\":\"https:\/\/schema.org\",\"@graph\":[{\"@type\":\"WebPage\",\"@id\":\"https:\/\/www.frigicoll.es\/fr\/pieces-de-rechange\/\",\"url\":\"https:\/\/www.frigicoll.es\/fr\/pieces-de-rechange\/\",\"name\":\"PI\u00c8CES DETACHEES - Frigicoll france\",\"isPartOf\":{\"@id\":\"https:\/\/www.frigicoll.es\/fr\/#website\"},\"datePublished\":\"2018-01-05T13:57:10+00:00\",\"dateModified\":\"2019-01-21T11:11:09+00:00\",\"breadcrumb\":{\"@id\":\"https:\/\/www.frigicoll.es\/fr\/pieces-de-rechange\/#breadcrumb\"},\"inLanguage\":\"fr-FR\",\"potentialAction\":[{\"@type\":\"ReadAction\",\"target\":[\"https:\/\/www.frigicoll.es\/fr\/pieces-de-rechange\/\"]}]},{\"@type\":\"BreadcrumbList\",\"@id\":\"https:\/\/www.frigicoll.es\/fr\/pieces-de-rechange\/#breadcrumb\",\"itemListElement\":[{\"@type\":\"ListItem\",\"position\":1,\"name\":\"Inicio\",\"item\":\"https:\/\/www.frigicoll.es\/fr\/\"},{\"@type\":\"ListItem\",\"position\":2,\"name\":\"PI\u00c8CES DETACHEES\"}]},{\"@type\":\"WebSite\",\"@id\":\"https:\/\/www.frigicoll.es\/fr\/#website\",\"url\":\"https:\/\/www.frigicoll.es\/fr\/\",\"name\":\"Frigicoll france\",\"description\":\"electrodom\u00e9sticos\",\"potentialAction\":[{\"@type\":\"SearchAction\",\"target\":{\"@type\":\"EntryPoint\",\"urlTemplate\":\"https:\/\/www.frigicoll.es\/fr\/?s={search_term_string}\"},\"query-input\":\"required name=search_term_string\"}],\"inLanguage\":\"fr-FR\"}]}<\/script>\n<!-- \/ Yoast SEO plugin. -->","yoast_head_json":{"title":"PI\u00c8CES DETACHEES - Frigicoll france","robots":{"index":"noindex","follow":"follow","max-snippet":"max-snippet:-1","max-image-preview":"max-image-preview:large","max-video-preview":"max-video-preview:-1"},"og_locale":"fr_FR","og_type":"article","og_title":"PI\u00c8CES DETACHEES - Frigicoll france","og_description":"Frigicoll compte sur l&#8217;Unit\u00e9 Op\u00e9rationnelle de Pi\u00e8ces d\u00e9tach\u00e9es, qui a comme objectif d&#8217;offrir le niveau maximum de service avec des livraisons en 24h, un conseil technique et une assistance t\u00e9l\u00e9phonique sp\u00e9cialis\u00e9e par produit dans le but de conserver le prestige et l&#8217;excellence des produits repr\u00e9sent\u00e9s Pi\u00e8ces de rechanges d\u2019origine Frigicoll\u00a0: Entrep\u00f4t logistique automatis\u00e9 de 2.500m2...&nbsp; Leer m\u00e1s","og_url":"https:\/\/www.frigicoll.es\/fr\/pieces-de-rechange\/","og_site_name":"Frigicoll france","article_modified_time":"2019-01-21T11:11:09+00:00","og_image":[{"width":1920,"height":640,"url":"https:\/\/www.frigicoll.es\/fr\/wp-content\/uploads\/sites\/5\/2018\/01\/recambios-header1.jpg","type":"image\/jpeg"}],"twitter_card":"summary_large_image","twitter_misc":{"Dur\u00e9e de lecture estim\u00e9e":"1 minute"},"schema":{"@context":"https:\/\/schema.org","@graph":[{"@type":"WebPage","@id":"https:\/\/www.frigicoll.es\/fr\/pieces-de-rechange\/","url":"https:\/\/www.frigicoll.es\/fr\/pieces-de-rechange\/","name":"PI\u00c8CES DETACHEES - Frigicoll france","isPartOf":{"@id":"https:\/\/www.frigicoll.es\/fr\/#website"},"datePublished":"2018-01-05T13:57:10+00:00","dateModified":"2019-01-21T11:11:09+00:00","breadcrumb":{"@id":"https:\/\/www.frigicoll.es\/fr\/pieces-de-rechange\/#breadcrumb"},"inLanguage":"fr-FR","potentialAction":[{"@type":"ReadAction","target":["https:\/\/www.frigicoll.es\/fr\/pieces-de-rechange\/"]}]},{"@type":"BreadcrumbList","@id":"https:\/\/www.frigicoll.es\/fr\/pieces-de-rechange\/#breadcrumb","itemListElement":[{"@type":"ListItem","position":1,"name":"Inicio","item":"https:\/\/www.frigicoll.es\/fr\/"},{"@type":"ListItem","position":2,"name":"PI\u00c8CES DETACHEES"}]},{"@type":"WebSite","@id":"https:\/\/www.frigicoll.es\/fr\/#website","url":"https:\/\/www.frigicoll.es\/fr\/","name":"Frigicoll france","description":"electrodom\u00e9sticos","potentialAction":[{"@type":"SearchAction","target":{"@type":"EntryPoint","urlTemplate":"https:\/\/www.frigicoll.es\/fr\/?s={search_term_string}"},"query-input":"required name=search_term_string"}],"inLanguage":"fr-FR"}]}},"_links":{"self":[{"href":"https:\/\/www.frigicoll.es\/fr\/wp-json\/wp\/v2\/pages\/1664"}],"collection":[{"href":"https:\/\/www.frigicoll.es\/fr\/wp-json\/wp\/v2\/pages"}],"about":[{"href":"https:\/\/www.frigicoll.es\/fr\/wp-json\/wp\/v2\/types\/page"}],"author":[{"embeddable":true,"href":"https:\/\/www.frigicoll.es\/fr\/wp-json\/wp\/v2\/users\/2"}],"replies":[{"embeddable":true,"href":"https:\/\/www.frigicoll.es\/fr\/wp-json\/wp\/v2\/comments?post=1664"}],"version-history":[{"count":55,"href":"https:\/\/www.frigicoll.es\/fr\/wp-json\/wp\/v2\/pages\/1664\/revisions"}],"predecessor-version":[{"id":6394,"href":"https:\/\/www.frigicoll.es\/fr\/wp-json\/wp\/v2\/pages\/1664\/revisions\/6394"}],"wp:featuredmedia":[{"embeddable":true,"href":"https:\/\/www.frigicoll.es\/fr\/wp-json\/wp\/v2\/media\/1704"}],"wp:attachment":[{"href":"https:\/\/www.frigicoll.es\/fr\/wp-json\/wp\/v2\/media?parent=1664"}],"curies":[{"name":"wp","href":"https:\/\/api.w.org\/{rel}","templated":true}]}}