
{"id":1656,"date":"2018-01-05T14:54:44","date_gmt":"2018-01-05T13:54:44","guid":{"rendered":"http:\/\/www.frigicoll.es\/?page_id=1656"},"modified":"2019-01-07T14:08:03","modified_gmt":"2019-01-07T13:08:03","slug":"apres-vente","status":"publish","type":"page","link":"https:\/\/www.frigicoll.es\/fr\/apres-vente\/","title":{"rendered":"SERVICE APR\u00c8S-VENTE"},"content":{"rendered":"<p>Pour assurer la qualit\u00e9 de service le long de sa chaine de valeur, Frigicoll dispose d&#8217;un service apr\u00e8s-vente avec une \u00e9quipe technique hautement sp\u00e9cialis\u00e9e, pour favoriser la r\u00e9solution rapide et efficace de tout incident.<\/p>\n","protected":false},"excerpt":{"rendered":"<p>Pour assurer la qualit\u00e9 de service le long de sa chaine de valeur, Frigicoll dispose d&#8217;un service apr\u00e8s-vente avec une \u00e9quipe technique hautement sp\u00e9cialis\u00e9e, pour favoriser la r\u00e9solution rapide et efficace de tout incident.<\/p>\n","protected":false},"author":2,"featured_media":1662,"parent":0,"menu_order":0,"comment_status":"closed","ping_status":"closed","template":"template-post-venta.php","meta":{"_relevanssi_hide_post":"","_relevanssi_pin_for_all":"","_relevanssi_pin_keywords":"","_relevanssi_unpin_keywords":"","_relevanssi_related_keywords":"","_relevanssi_related_include_ids":"","_relevanssi_related_exclude_ids":"","_relevanssi_related_no_append":"","_relevanssi_related_not_related":"","_relevanssi_related_posts":"","_relevanssi_noindex_reason":""},"acf":[],"yoast_head":"<!-- This site is optimized with the Yoast SEO plugin v19.13 - https:\/\/yoast.com\/wordpress\/plugins\/seo\/ -->\n<title>SERVICE APR\u00c8S-VENTE - Frigicoll france<\/title>\n<meta name=\"robots\" content=\"noindex, follow, max-snippet:-1, max-image-preview:large, max-video-preview:-1\" \/>\n<meta property=\"og:locale\" content=\"fr_FR\" \/>\n<meta property=\"og:type\" content=\"article\" \/>\n<meta property=\"og:title\" content=\"SERVICE APR\u00c8S-VENTE - Frigicoll france\" \/>\n<meta property=\"og:description\" content=\"Pour assurer la qualit\u00e9 de service le long de sa chaine de valeur, Frigicoll dispose d&#8217;un service apr\u00e8s-vente avec une \u00e9quipe technique hautement sp\u00e9cialis\u00e9e, pour favoriser la r\u00e9solution rapide et efficace de tout incident.\" \/>\n<meta property=\"og:url\" content=\"https:\/\/www.frigicoll.es\/fr\/apres-vente\/\" \/>\n<meta property=\"og:site_name\" content=\"Frigicoll france\" \/>\n<meta property=\"article:modified_time\" content=\"2019-01-07T13:08:03+00:00\" \/>\n<meta property=\"og:image\" content=\"https:\/\/www.frigicoll.es\/fr\/wp-content\/uploads\/sites\/5\/2018\/01\/postventa-header-transporte.jpg\" \/>\n\t<meta property=\"og:image:width\" content=\"1920\" \/>\n\t<meta property=\"og:image:height\" content=\"630\" \/>\n\t<meta property=\"og:image:type\" content=\"image\/jpeg\" \/>\n<meta name=\"twitter:card\" content=\"summary_large_image\" \/>\n<script type=\"application\/ld+json\" class=\"yoast-schema-graph\">{\"@context\":\"https:\/\/schema.org\",\"@graph\":[{\"@type\":\"WebPage\",\"@id\":\"https:\/\/www.frigicoll.es\/fr\/apres-vente\/\",\"url\":\"https:\/\/www.frigicoll.es\/fr\/apres-vente\/\",\"name\":\"SERVICE APR\u00c8S-VENTE - Frigicoll france\",\"isPartOf\":{\"@id\":\"https:\/\/www.frigicoll.es\/fr\/#website\"},\"datePublished\":\"2018-01-05T13:54:44+00:00\",\"dateModified\":\"2019-01-07T13:08:03+00:00\",\"breadcrumb\":{\"@id\":\"https:\/\/www.frigicoll.es\/fr\/apres-vente\/#breadcrumb\"},\"inLanguage\":\"fr-FR\",\"potentialAction\":[{\"@type\":\"ReadAction\",\"target\":[\"https:\/\/www.frigicoll.es\/fr\/apres-vente\/\"]}]},{\"@type\":\"BreadcrumbList\",\"@id\":\"https:\/\/www.frigicoll.es\/fr\/apres-vente\/#breadcrumb\",\"itemListElement\":[{\"@type\":\"ListItem\",\"position\":1,\"name\":\"Inicio\",\"item\":\"https:\/\/www.frigicoll.es\/fr\/\"},{\"@type\":\"ListItem\",\"position\":2,\"name\":\"SERVICE APR\u00c8S-VENTE\"}]},{\"@type\":\"WebSite\",\"@id\":\"https:\/\/www.frigicoll.es\/fr\/#website\",\"url\":\"https:\/\/www.frigicoll.es\/fr\/\",\"name\":\"Frigicoll france\",\"description\":\"electrodom\u00e9sticos\",\"potentialAction\":[{\"@type\":\"SearchAction\",\"target\":{\"@type\":\"EntryPoint\",\"urlTemplate\":\"https:\/\/www.frigicoll.es\/fr\/?s={search_term_string}\"},\"query-input\":\"required name=search_term_string\"}],\"inLanguage\":\"fr-FR\"}]}<\/script>\n<!-- \/ Yoast SEO plugin. -->","yoast_head_json":{"title":"SERVICE APR\u00c8S-VENTE - Frigicoll france","robots":{"index":"noindex","follow":"follow","max-snippet":"max-snippet:-1","max-image-preview":"max-image-preview:large","max-video-preview":"max-video-preview:-1"},"og_locale":"fr_FR","og_type":"article","og_title":"SERVICE APR\u00c8S-VENTE - Frigicoll france","og_description":"Pour assurer la qualit\u00e9 de service le long de sa chaine de valeur, Frigicoll dispose d&#8217;un service apr\u00e8s-vente avec une \u00e9quipe technique hautement sp\u00e9cialis\u00e9e, pour favoriser la r\u00e9solution rapide et efficace de tout incident.","og_url":"https:\/\/www.frigicoll.es\/fr\/apres-vente\/","og_site_name":"Frigicoll france","article_modified_time":"2019-01-07T13:08:03+00:00","og_image":[{"width":1920,"height":630,"url":"https:\/\/www.frigicoll.es\/fr\/wp-content\/uploads\/sites\/5\/2018\/01\/postventa-header-transporte.jpg","type":"image\/jpeg"}],"twitter_card":"summary_large_image","schema":{"@context":"https:\/\/schema.org","@graph":[{"@type":"WebPage","@id":"https:\/\/www.frigicoll.es\/fr\/apres-vente\/","url":"https:\/\/www.frigicoll.es\/fr\/apres-vente\/","name":"SERVICE APR\u00c8S-VENTE - Frigicoll france","isPartOf":{"@id":"https:\/\/www.frigicoll.es\/fr\/#website"},"datePublished":"2018-01-05T13:54:44+00:00","dateModified":"2019-01-07T13:08:03+00:00","breadcrumb":{"@id":"https:\/\/www.frigicoll.es\/fr\/apres-vente\/#breadcrumb"},"inLanguage":"fr-FR","potentialAction":[{"@type":"ReadAction","target":["https:\/\/www.frigicoll.es\/fr\/apres-vente\/"]}]},{"@type":"BreadcrumbList","@id":"https:\/\/www.frigicoll.es\/fr\/apres-vente\/#breadcrumb","itemListElement":[{"@type":"ListItem","position":1,"name":"Inicio","item":"https:\/\/www.frigicoll.es\/fr\/"},{"@type":"ListItem","position":2,"name":"SERVICE APR\u00c8S-VENTE"}]},{"@type":"WebSite","@id":"https:\/\/www.frigicoll.es\/fr\/#website","url":"https:\/\/www.frigicoll.es\/fr\/","name":"Frigicoll france","description":"electrodom\u00e9sticos","potentialAction":[{"@type":"SearchAction","target":{"@type":"EntryPoint","urlTemplate":"https:\/\/www.frigicoll.es\/fr\/?s={search_term_string}"},"query-input":"required name=search_term_string"}],"inLanguage":"fr-FR"}]}},"_links":{"self":[{"href":"https:\/\/www.frigicoll.es\/fr\/wp-json\/wp\/v2\/pages\/1656"}],"collection":[{"href":"https:\/\/www.frigicoll.es\/fr\/wp-json\/wp\/v2\/pages"}],"about":[{"href":"https:\/\/www.frigicoll.es\/fr\/wp-json\/wp\/v2\/types\/page"}],"author":[{"embeddable":true,"href":"https:\/\/www.frigicoll.es\/fr\/wp-json\/wp\/v2\/users\/2"}],"replies":[{"embeddable":true,"href":"https:\/\/www.frigicoll.es\/fr\/wp-json\/wp\/v2\/comments?post=1656"}],"version-history":[{"count":7,"href":"https:\/\/www.frigicoll.es\/fr\/wp-json\/wp\/v2\/pages\/1656\/revisions"}],"predecessor-version":[{"id":6261,"href":"https:\/\/www.frigicoll.es\/fr\/wp-json\/wp\/v2\/pages\/1656\/revisions\/6261"}],"wp:featuredmedia":[{"embeddable":true,"href":"https:\/\/www.frigicoll.es\/fr\/wp-json\/wp\/v2\/media\/1662"}],"wp:attachment":[{"href":"https:\/\/www.frigicoll.es\/fr\/wp-json\/wp\/v2\/media?parent=1656"}],"curies":[{"name":"wp","href":"https:\/\/api.w.org\/{rel}","templated":true}]}}